{"id":720017,"date":"2025-08-27T18:30:17","date_gmt":"2025-08-27T15:30:17","guid":{"rendered":"https:\/\/roveyayinevi.com.tr\/index.php\/urun\/seraph-of-the-end-kiyamet-melegi-14\/"},"modified":"2026-04-16T02:27:58","modified_gmt":"2026-04-15T23:27:58","slug":"seraph-of-the-end-kiyamet-melegi-14","status":"publish","type":"product","link":"https:\/\/roveyayinevi.com.tr\/index.php\/urun\/seraph-of-the-end-kiyamet-melegi-14\/","title":{"rendered":"Seraph of the End &#8211; K\u0131yamet Mele\u011fi 14"},"content":{"rendered":"<p>Gizemli bir vir\u00fcs d\u00fcnyaya yay\u0131ld\u0131 ve 13 ya\u015f\u0131n \u00fczerindeki herkesin \u00f6l\u00fcm\u00fcne neden oldu. Vampirler karanl\u0131k k\u00f6\u015felerinden \u00e7\u0131kt\u0131lar ve hayatta kalan \u00e7ocuklar\u0131 yer alt\u0131n\u0131n karanl\u0131\u011f\u0131na mahk\u00fbm ettiler. Bu \u00e7ocuklardan biri olan Yui\u00e7iro vampirlerin elinden kurtulmay\u0131 ba\u015fard\u0131 ve Japon \u0130mparatorlu\u011funun vampirlerle sava\u015fan Ay \u015eeytanlar\u0131 B\u00f6l\u00fc\u011f\u00fcne kat\u0131ld\u0131. Tek istedi\u011fi intikam almakt\u0131 ve \u015fimdi en \u00f6n saflarda vampirlerle sava\u015f\u0131yor. Ferid Bathory ve Krul Tepe\u015f di\u011fer asil vampirler taraf\u0131ndan yakalanm\u0131\u015f durumda ve iki vampir g\u00fcnler s\u00fcrecek bir G\u00fcne\u015f \u0131\u015f\u0131\u011f\u0131 i\u015fkencesine maruz kal\u0131rken, \u015einoa Birli\u011findekiler sab\u0131rl\u0131 bir bekleyi\u015fe girmeye zorlan\u0131yorlar. Peki bu bekleyi\u015f i\u00e7in Ferid\u2019in Osaka\u2019daki malik\u00e2nesinden daha iyi bir yer olabilir mi? Bu arada, \u015eeytan Ordusu da \u015eibuya\u2019da bir darbe haz\u0131rl\u0131\u011f\u0131 i\u00e7inde, ancak Guren\u2019in Yui\u00e7iro\u2019yu da yak\u0131ndan ilgilendiren kendi planlar\u0131 var\u2026 <\/p>\n","protected":false},"excerpt":{"rendered":"<p>Gizemli bir vir\u00fcs d\u00fcnyaya yay\u0131ld\u0131 ve 13 ya\u015f\u0131n \u00fczerindeki herkesin \u00f6l\u00fcm\u00fcne neden oldu. Vampirler karanl\u0131k k\u00f6\u015felerinden \u00e7\u0131kt\u0131lar ve hayatta kalan \u00e7ocuklar\u0131 yer alt\u0131n\u0131n karanl\u0131\u011f\u0131na mahk\u00fbm ettiler.<span class=\"excerpt-hellip\"> [\u2026]<\/span><\/p>\n","protected":false},"featured_media":0,"template":"","meta":{"_monsterinsights_skip_tracking":false,"_monsterinsights_sitenote_active":false,"_monsterinsights_sitenote_note":"","_monsterinsights_sitenote_category":0},"product_brand":[],"product_cat":[12416,12291],"product_tag":[],"class_list":{"0":"post-720017","1":"product","2":"type-product","3":"status-publish","5":"product_cat-cizgi-roman","6":"product_cat-edebiyat","7":"pa_cilt-ciltsiz","8":"pa_tur-kitap","9":"pa_yayinevi-kurukafa","10":"pa_yazar-takaya-kagami","12":"first","13":"instock","14":"sale","15":"shipping-taxable","16":"purchasable","17":"product-type-simple"},"_links":{"self":[{"href":"https:\/\/roveyayinevi.com.tr\/index.php\/wp-json\/wp\/v2\/product\/720017","targetHints":{"allow":["GET"]}}],"collection":[{"href":"https:\/\/roveyayinevi.com.tr\/index.php\/wp-json\/wp\/v2\/product"}],"about":[{"href":"https:\/\/roveyayinevi.com.tr\/index.php\/wp-json\/wp\/v2\/types\/product"}],"wp:attachment":[{"href":"https:\/\/roveyayinevi.com.tr\/index.php\/wp-json\/wp\/v2\/media?parent=720017"}],"wp:term":[{"taxonomy":"product_brand","embeddable":true,"href":"https:\/\/roveyayinevi.com.tr\/index.php\/wp-json\/wp\/v2\/product_brand?post=720017"},{"taxonomy":"product_cat","embeddable":true,"href":"https:\/\/roveyayinevi.com.tr\/index.php\/wp-json\/wp\/v2\/product_cat?post=720017"},{"taxonomy":"product_tag","embeddable":true,"href":"https:\/\/roveyayinevi.com.tr\/index.php\/wp-json\/wp\/v2\/product_tag?post=720017"}],"curies":[{"name":"wp","href":"https:\/\/api.w.org\/{rel}","templated":true}]}}