{"id":720015,"date":"2025-08-27T18:30:15","date_gmt":"2025-08-27T15:30:15","guid":{"rendered":"https:\/\/roveyayinevi.com.tr\/index.php\/urun\/lgbti-bireyler-ve-medya\/"},"modified":"2026-04-16T02:27:58","modified_gmt":"2026-04-15T23:27:58","slug":"lgbti-bireyler-ve-medya","status":"publish","type":"product","link":"https:\/\/roveyayinevi.com.tr\/index.php\/urun\/lgbti-bireyler-ve-medya\/","title":{"rendered":"LGBT\u0130 Bireyler ve Medya"},"content":{"rendered":"<p>Medyan\u0131n LGBT\u0130 bireyleri temsili ve onlara kar\u015f\u0131 tutumu, temel \u00f6zg\u00fcrl\u00fcklere y\u00f6nelik nefret s\u00f6ylemi, \u00f6tekile\u015ftirme, hedef g\u00f6s-terme, etiketleme, hakaret gibi sald\u0131r\u0131lar\u0131 i\u00e7ermektedir.LGBT\u0130 bireylere y\u00f6nelik ayr\u0131mc\u0131l\u0131k medyan\u0131n en \u00f6nemli sorunlar\u0131ndan biridir; medya cinsel y\u00f6nelimlere ve cinsiyet kimliklerinin e\u015fitli\u011fine \u00f6nem vermeyen, hatta \u00f6tekile\u015ftiren bir tutum i\u00e7indedir. \u0130nsanlar cinsel y\u00f6nelimleri g\u00f6z \u00f6n\u00fcnde bulundurularak medya alan\u0131nda i\u015f bulamamakta ya da i\u015ften ilk uzakla\u015ft\u0131r\u0131lanlar olmaktad\u0131r. Medyan\u0131n s\u00f6ylemi LGBT\u0130 bireyleri hedef alan ve nefret i\u00e7eren \u00f6rneklerle doludur. Medya, LGBT\u0130 haberlerini \u015fiddet i\u00e7eren 3. sayfa haberleriyle, cinsel i\u00e7erikli, toplum ahlak\u0131na ayk\u0131r\u0131 olarak vermekte, LGBT\u0130 bireyleri ise &#8220;sapk\u0131n&#8221; veya &#8220;canavar&#8221; gibi sunmaktad\u0131r. Bu asl\u0131nda genel anlam\u0131yla t\u00fcm &#8220;\u00f6tekrler i\u00e7in de ge\u00e7erli bir durumdur.G\u00fcn\u00fcm\u00fczde y\u00fckselen muhafazak\u00e2rla\u015fma ve gittik\u00e7e artan bask\u0131lar LGBT\u0130 bireyler \u00fczerinde daha b\u00fcy\u00fck bask\u0131 yaratmaktad\u0131r. \u00d6zellikle muhafazakar medya taraf\u0131ndan a\u00e7\u0131k\u00e7a a\u015fa\u011f\u0131lan\u0131p, hedef g\u00f6sterilen LGBT\u0130 bireyler ikili bir bask\u0131 alt\u0131nda ya\u015famakta, var olma ve kendilerini kabul ettirme m\u00fccadelesi vermektedir. Bu \u00e7al\u0131\u015fmada LGBT\u0130 ve medya ili\u015fkisi \u00e7e\u015fitli a\u00e7\u0131lardan incelenmekte, medyan\u0131n \u00f6tekile\u015ftirici s\u00f6ylemleri ele\u015ftirel bir perspektiften hareketle masaya yat\u0131r\u0131lmaktad\u0131r.<\/p>\n","protected":false},"excerpt":{"rendered":"<p>Medyan\u0131n LGBT\u0130 bireyleri temsili ve onlara kar\u015f\u0131 tutumu, temel \u00f6zg\u00fcrl\u00fcklere y\u00f6nelik nefret s\u00f6ylemi, \u00f6tekile\u015ftirme, hedef g\u00f6s-terme, etiketleme, hakaret gibi sald\u0131r\u0131lar\u0131 i\u00e7ermektedir.LGBT\u0130 bireylere y\u00f6nelik ayr\u0131mc\u0131l\u0131k medyan\u0131n en<span class=\"excerpt-hellip\"> [\u2026]<\/span><\/p>\n","protected":false},"featured_media":0,"template":"","meta":{"_monsterinsights_skip_tracking":false,"_monsterinsights_sitenote_active":false,"_monsterinsights_sitenote_note":"","_monsterinsights_sitenote_category":0},"product_brand":[],"product_cat":[15983,13488],"product_tag":[],"class_list":{"0":"post-720015","1":"product","2":"type-product","3":"status-publish","5":"product_cat-iletisim-ve-medya","6":"product_cat-toplum-ve-insan","7":"pa_cilt-ciltsiz","8":"pa_tur-kitap","9":"pa_yayinevi-ayrinti-yayinlari","10":"pa_yazar-kolektif","12":"first","13":"instock","14":"sale","15":"shipping-taxable","16":"purchasable","17":"product-type-simple"},"_links":{"self":[{"href":"https:\/\/roveyayinevi.com.tr\/index.php\/wp-json\/wp\/v2\/product\/720015","targetHints":{"allow":["GET"]}}],"collection":[{"href":"https:\/\/roveyayinevi.com.tr\/index.php\/wp-json\/wp\/v2\/product"}],"about":[{"href":"https:\/\/roveyayinevi.com.tr\/index.php\/wp-json\/wp\/v2\/types\/product"}],"wp:attachment":[{"href":"https:\/\/roveyayinevi.com.tr\/index.php\/wp-json\/wp\/v2\/media?parent=720015"}],"wp:term":[{"taxonomy":"product_brand","embeddable":true,"href":"https:\/\/roveyayinevi.com.tr\/index.php\/wp-json\/wp\/v2\/product_brand?post=720015"},{"taxonomy":"product_cat","embeddable":true,"href":"https:\/\/roveyayinevi.com.tr\/index.php\/wp-json\/wp\/v2\/product_cat?post=720015"},{"taxonomy":"product_tag","embeddable":true,"href":"https:\/\/roveyayinevi.com.tr\/index.php\/wp-json\/wp\/v2\/product_tag?post=720015"}],"curies":[{"name":"wp","href":"https:\/\/api.w.org\/{rel}","templated":true}]}}