{"id":720014,"date":"2025-08-27T18:30:15","date_gmt":"2025-08-27T15:30:15","guid":{"rendered":"https:\/\/roveyayinevi.com.tr\/index.php\/urun\/kendini-sev\/"},"modified":"2026-04-12T02:33:51","modified_gmt":"2026-04-11T23:33:51","slug":"kendini-sev","status":"publish","type":"product","link":"https:\/\/roveyayinevi.com.tr\/index.php\/urun\/kendini-sev\/","title":{"rendered":"Kendini Sev"},"content":{"rendered":"<p>\u2018\u2018Kendini Sev, okurken huzur bulaca\u011f\u0131n\u0131z, insana ya\u015fad\u0131\u011f\u0131 hayat\u0131 sorgulatan ve \u0131l\u0131k bir suyun \u00fczerinde sal\u0131n\u0131yormu\u015fsunuz hissi veren i\u00e7 rahatlat\u0131c\u0131 bir kitap. Elinize ald\u0131\u011f\u0131n\u0131zda bir solukta bitirecek, d\u00fcnyaya ba\u015fka bir a\u00e7\u0131dan bakacak ve ba\u015fucunuzdan ay\u0131rmayacaks\u0131n\u0131z.\u2019\u2019<\/p>\n","protected":false},"excerpt":{"rendered":"<p>\u2018\u2018Kendini Sev, okurken huzur bulaca\u011f\u0131n\u0131z, insana ya\u015fad\u0131\u011f\u0131 hayat\u0131 sorgulatan ve \u0131l\u0131k bir suyun \u00fczerinde sal\u0131n\u0131yormu\u015fsunuz hissi veren i\u00e7 rahatlat\u0131c\u0131 bir kitap. Elinize ald\u0131\u011f\u0131n\u0131zda bir solukta bitirecek,<span class=\"excerpt-hellip\"> [\u2026]<\/span><\/p>\n","protected":false},"featured_media":0,"template":"","meta":{"_monsterinsights_skip_tracking":false,"_monsterinsights_sitenote_active":false,"_monsterinsights_sitenote_note":"","_monsterinsights_sitenote_category":0},"product_brand":[],"product_cat":[12364,12376],"product_tag":[],"class_list":{"0":"post-720014","1":"product","2":"type-product","3":"status-publish","5":"product_cat-genel-konular","6":"product_cat-kisisel-gelisim","7":"pa_cilt-ciltsiz","8":"pa_tur-kitap","9":"pa_yayinevi-perseus","10":"pa_yazar-derya-kartal","12":"first","13":"instock","14":"sale","15":"shipping-taxable","16":"purchasable","17":"product-type-simple"},"_links":{"self":[{"href":"https:\/\/roveyayinevi.com.tr\/index.php\/wp-json\/wp\/v2\/product\/720014","targetHints":{"allow":["GET"]}}],"collection":[{"href":"https:\/\/roveyayinevi.com.tr\/index.php\/wp-json\/wp\/v2\/product"}],"about":[{"href":"https:\/\/roveyayinevi.com.tr\/index.php\/wp-json\/wp\/v2\/types\/product"}],"wp:attachment":[{"href":"https:\/\/roveyayinevi.com.tr\/index.php\/wp-json\/wp\/v2\/media?parent=720014"}],"wp:term":[{"taxonomy":"product_brand","embeddable":true,"href":"https:\/\/roveyayinevi.com.tr\/index.php\/wp-json\/wp\/v2\/product_brand?post=720014"},{"taxonomy":"product_cat","embeddable":true,"href":"https:\/\/roveyayinevi.com.tr\/index.php\/wp-json\/wp\/v2\/product_cat?post=720014"},{"taxonomy":"product_tag","embeddable":true,"href":"https:\/\/roveyayinevi.com.tr\/index.php\/wp-json\/wp\/v2\/product_tag?post=720014"}],"curies":[{"name":"wp","href":"https:\/\/api.w.org\/{rel}","templated":true}]}}