{"id":720013,"date":"2025-08-27T18:30:14","date_gmt":"2025-08-27T15:30:14","guid":{"rendered":"https:\/\/roveyayinevi.com.tr\/index.php\/urun\/kirli-beyaz-mucize\/"},"modified":"2026-04-16T02:27:58","modified_gmt":"2026-04-15T23:27:58","slug":"kirli-beyaz-mucize","status":"publish","type":"product","link":"https:\/\/roveyayinevi.com.tr\/index.php\/urun\/kirli-beyaz-mucize\/","title":{"rendered":"Kirli Beyaz Mucize"},"content":{"rendered":"<p>Bir k\u0131z hayal edin s\u0131radan,basit mutlu bir k\u0131z. Bir ak\u015fam \u00fcst\u00fc d\u00fc\u015f\u00fcn\u00fcn \u2018imdat\u2019 seslerine kulak verilmeyen. A\u015fk ve kirlili\u011finin aras\u0131nda s\u0131k\u0131\u015fm\u0131\u015f Kayla Ye\u015fil. Ge\u00e7mi\u015fi \u00e7apk\u0131nl\u0131klara dolu,zengin ve ba\u015far\u0131l\u0131 i\u015f adam\u0131 \u00d6mer Kara. Siyahlar\u0131n aras\u0131ndaki sava\u015fa d\u00fc\u015fen elalar\u0131n a\u015fkla s\u0131nanacak korkak y\u00fcre\u011fi.    \u00ab A\u015fk imk\u00e2ns\u0131z olan bir\u00e7ok \u015feyi m\u00fcmk\u00fcn k\u0131lar. Goethe \u00bb <\/p>\n","protected":false},"excerpt":{"rendered":"<p>Bir k\u0131z hayal edin s\u0131radan,basit mutlu bir k\u0131z. Bir ak\u015fam \u00fcst\u00fc d\u00fc\u015f\u00fcn\u00fcn \u2018imdat\u2019 seslerine kulak verilmeyen. A\u015fk ve kirlili\u011finin aras\u0131nda s\u0131k\u0131\u015fm\u0131\u015f Kayla Ye\u015fil. Ge\u00e7mi\u015fi \u00e7apk\u0131nl\u0131klara dolu,zengin<span class=\"excerpt-hellip\"> [\u2026]<\/span><\/p>\n","protected":false},"featured_media":0,"template":"","meta":{"_monsterinsights_skip_tracking":false,"_monsterinsights_sitenote_active":false,"_monsterinsights_sitenote_note":"","_monsterinsights_sitenote_category":0},"product_brand":[],"product_cat":[12291,12711],"product_tag":[],"class_list":{"0":"post-720013","1":"product","2":"type-product","3":"status-publish","5":"product_cat-edebiyat","6":"product_cat-roman-oyku","7":"pa_cilt-ciltsiz","8":"pa_tur-kitap","9":"pa_yayinevi-perseus","10":"pa_yazar-gamze-ekinci","12":"first","13":"instock","14":"sale","15":"shipping-taxable","16":"purchasable","17":"product-type-simple"},"_links":{"self":[{"href":"https:\/\/roveyayinevi.com.tr\/index.php\/wp-json\/wp\/v2\/product\/720013","targetHints":{"allow":["GET"]}}],"collection":[{"href":"https:\/\/roveyayinevi.com.tr\/index.php\/wp-json\/wp\/v2\/product"}],"about":[{"href":"https:\/\/roveyayinevi.com.tr\/index.php\/wp-json\/wp\/v2\/types\/product"}],"wp:attachment":[{"href":"https:\/\/roveyayinevi.com.tr\/index.php\/wp-json\/wp\/v2\/media?parent=720013"}],"wp:term":[{"taxonomy":"product_brand","embeddable":true,"href":"https:\/\/roveyayinevi.com.tr\/index.php\/wp-json\/wp\/v2\/product_brand?post=720013"},{"taxonomy":"product_cat","embeddable":true,"href":"https:\/\/roveyayinevi.com.tr\/index.php\/wp-json\/wp\/v2\/product_cat?post=720013"},{"taxonomy":"product_tag","embeddable":true,"href":"https:\/\/roveyayinevi.com.tr\/index.php\/wp-json\/wp\/v2\/product_tag?post=720013"}],"curies":[{"name":"wp","href":"https:\/\/api.w.org\/{rel}","templated":true}]}}