{"id":720011,"date":"2025-08-27T18:30:12","date_gmt":"2025-08-27T15:30:12","guid":{"rendered":"https:\/\/roveyayinevi.com.tr\/index.php\/urun\/kuyucakli-yusuf-16\/"},"modified":"2026-04-16T02:27:58","modified_gmt":"2026-04-15T23:27:58","slug":"kuyucakli-yusuf-16","status":"publish","type":"product","link":"https:\/\/roveyayinevi.com.tr\/index.php\/urun\/kuyucakli-yusuf-16\/","title":{"rendered":"Kuyucakl\u0131 Yusuf"},"content":{"rendered":"<p>\u201c\u0130ki eliyle arkas\u0131ndaki a\u011fac\u0131n kabuklar\u0131na sar\u0131ld\u0131. Parmaklar\u0131 so\u011fuk yar\u0131klar\u0131n aras\u0131na girdi. Elini hemen geri \u00e7ekti ve g\u00f6\u011fs\u00fcne g\u00f6t\u00fcrd\u00fc. G\u00f6\u011fs\u00fcn\u00fcn i\u00e7inde, bu as\u0131rl\u0131k a\u011fac\u0131n kabu\u011fu gibi, yar\u0131klar bulundu\u011funu sand\u0131 ve g\u0131rtla\u011f\u0131na kadar bir ate\u015fin \u00e7\u0131kt\u0131\u011f\u0131n\u0131 hissetti. Aman Yarabbi, ne kadar yaln\u0131zd\u0131&#8230;\u201d<\/p>\n","protected":false},"excerpt":{"rendered":"<p>\u201c\u0130ki eliyle arkas\u0131ndaki a\u011fac\u0131n kabuklar\u0131na sar\u0131ld\u0131. Parmaklar\u0131 so\u011fuk yar\u0131klar\u0131n aras\u0131na girdi. Elini hemen geri \u00e7ekti ve g\u00f6\u011fs\u00fcne g\u00f6t\u00fcrd\u00fc. G\u00f6\u011fs\u00fcn\u00fcn i\u00e7inde, bu as\u0131rl\u0131k a\u011fac\u0131n kabu\u011fu gibi, yar\u0131klar<span class=\"excerpt-hellip\"> [\u2026]<\/span><\/p>\n","protected":false},"featured_media":0,"template":"","meta":{"_monsterinsights_skip_tracking":false,"_monsterinsights_sitenote_active":false,"_monsterinsights_sitenote_note":"","_monsterinsights_sitenote_category":0},"product_brand":[],"product_cat":[12291,12711],"product_tag":[],"class_list":{"0":"post-720011","1":"product","2":"type-product","3":"status-publish","5":"product_cat-edebiyat","6":"product_cat-roman-oyku","7":"pa_cilt-ciltsiz","8":"pa_tur-kitap","9":"pa_yayinevi-the-roman","10":"pa_yazar-sabahattin-ali","12":"first","13":"instock","14":"sale","15":"shipping-taxable","16":"purchasable","17":"product-type-simple"},"_links":{"self":[{"href":"https:\/\/roveyayinevi.com.tr\/index.php\/wp-json\/wp\/v2\/product\/720011","targetHints":{"allow":["GET"]}}],"collection":[{"href":"https:\/\/roveyayinevi.com.tr\/index.php\/wp-json\/wp\/v2\/product"}],"about":[{"href":"https:\/\/roveyayinevi.com.tr\/index.php\/wp-json\/wp\/v2\/types\/product"}],"wp:attachment":[{"href":"https:\/\/roveyayinevi.com.tr\/index.php\/wp-json\/wp\/v2\/media?parent=720011"}],"wp:term":[{"taxonomy":"product_brand","embeddable":true,"href":"https:\/\/roveyayinevi.com.tr\/index.php\/wp-json\/wp\/v2\/product_brand?post=720011"},{"taxonomy":"product_cat","embeddable":true,"href":"https:\/\/roveyayinevi.com.tr\/index.php\/wp-json\/wp\/v2\/product_cat?post=720011"},{"taxonomy":"product_tag","embeddable":true,"href":"https:\/\/roveyayinevi.com.tr\/index.php\/wp-json\/wp\/v2\/product_tag?post=720011"}],"curies":[{"name":"wp","href":"https:\/\/api.w.org\/{rel}","templated":true}]}}