{"id":720010,"date":"2025-08-27T18:30:12","date_gmt":"2025-08-27T15:30:12","guid":{"rendered":"https:\/\/roveyayinevi.com.tr\/index.php\/urun\/turkistanin-kesif-cagi\/"},"modified":"2026-04-16T02:27:58","modified_gmt":"2026-04-15T23:27:58","slug":"turkistanin-kesif-cagi","status":"publish","type":"product","link":"https:\/\/roveyayinevi.com.tr\/index.php\/urun\/turkistanin-kesif-cagi\/","title":{"rendered":"T\u00fcrkistan\u2019\u0131n Ke\u015fif \u00c7a\u011f\u0131"},"content":{"rendered":"<p>Talihiyle Kederli, Tarihiyle EfsaneviT\u00fcrkistan Co\u011frafyas\u0131\u2026T\u00fcrkistan co\u011frafyas\u0131 \u00e7ok eski \u00e7a\u011flardan itibaren iktidar ve otoritenin sava\u015f alan\u0131, para ve h\u0131rs\u0131n \u2018Erlik\u2019 suretinde ete kemi\u011fe b\u00fcr\u00fcnd\u00fc\u011f\u00fc, d\u00fcnyan\u0131n en talihsiz co\u011frafyas\u0131d\u0131r. Buras\u0131 yer alt\u0131 kaynaklar\u0131n\u0131n zenginli\u011fi, ticaret yollar\u0131n\u0131n merkezinde olmas\u0131 ve el de\u011fmemi\u015f verimli topraklar\u0131yla daima etraf\u0131ndaki devletlerin dikkatini \u00e7ekmi\u015ftir.18. y\u00fczy\u0131l adeta Ruslar\u0131n T\u00fcrkistan\u2019\u0131 ke\u015fif \u00e7a\u011f\u0131yd\u0131. \u00dclke menfaatleri do\u011frultusunda bilgi ve belge toplamak i\u00e7in her yolu kullanan Ruslar, T\u00fcrkistan gibi kritik b\u00f6lgelere \u00f6zel olarak yeti\u015ftirilmi\u015f, tercihen belli bir ordu ve devlet terbiyesinden ge\u00e7mi\u015f, olduk\u00e7a zeki ve \u00e7al\u0131\u015fkan kimseleri g\u00f6revlendiriyordu. \u0130\u015fte bu d\u00f6nemde Ruslar taraf\u0131ndan b\u00f6lgeye g\u00f6nderilen g\u00f6revli Timofey Stepanovi\u00e7 Burna\u015fev\u2019di.Elinizdeki eser ilim ve sanat\u0131n ba\u015fkenti \u2018ipek \u015fehir\u2019 Buhara\u2019n\u0131n \u2018yabanc\u0131lar taraf\u0131ndan ke\u015ffi\u2019ni t\u00fcm \u00e7arp\u0131c\u0131l\u0131\u011f\u0131yla anlatmakta, ba\u015fta Timofey Stepanovi\u00e7 Burna\u015fev olmak \u00fczere Ruslar, \u0130ngilizler, Amerikal\u0131lar ve di\u011fer milletlerin b\u00f6lgeyi \u015fahs\u00ee \u00e7\u0131karlar\u0131 i\u00e7in didik didik etmelerinin, Buhara\u2019n\u0131n h\u00fck\u00fcmdarlar\u0131ndan hastal\u0131k yayan sineklerine kadar kay\u0131t ettiklerinin bir nevi kan\u0131t\u0131 olmaktad\u0131r.Ruslar T\u00fcrkistan\u2019da nas\u0131l yay\u0131ld\u0131 ve burada nas\u0131l bir asker\u00ee politika g\u00fctt\u00fc? Buhara-Rusya diplomasisinde ne t\u00fcr ili\u015fkiler ya\u015fand\u0131? 18. y\u00fczy\u0131lda Buhara Hanl\u0131\u011f\u0131\u2019nda siyaset ve y\u00f6netim anlam\u0131nda durum nas\u0131ld\u0131? G\u00fcndelik hayattan ekonomik ve demografik hareketlere, seyyahlar Buhara\u2019y\u0131 nas\u0131l tasvir ediyordu?T\u00fcrkistan\u2019a ili\u015fkin bir\u00e7ok sorunun cevab\u0131n\u0131 bulaca\u011f\u0131n\u0131z T\u00fcrkistan\u2019\u0131n Ke\u015fif \u00c7a\u011f\u0131: Rus Seyyah Burna\u015fev\u2019in G\u00f6z\u00fcnden Buhara, T\u00fcrkistan tarihini yeniden ke\u015ffetmek isteyenler i\u00e7in her y\u00f6n\u00fcyle \u00e7ok sars\u0131c\u0131, titiz bir emek\u2026<\/p>\n","protected":false},"excerpt":{"rendered":"<p>Talihiyle Kederli, Tarihiyle EfsaneviT\u00fcrkistan Co\u011frafyas\u0131\u2026T\u00fcrkistan co\u011frafyas\u0131 \u00e7ok eski \u00e7a\u011flardan itibaren iktidar ve otoritenin sava\u015f alan\u0131, para ve h\u0131rs\u0131n \u2018Erlik\u2019 suretinde ete kemi\u011fe b\u00fcr\u00fcnd\u00fc\u011f\u00fc, d\u00fcnyan\u0131n en talihsiz<span class=\"excerpt-hellip\"> [\u2026]<\/span><\/p>\n","protected":false},"featured_media":0,"template":"","meta":{"_monsterinsights_skip_tracking":false,"_monsterinsights_sitenote_active":false,"_monsterinsights_sitenote_note":"","_monsterinsights_sitenote_category":0},"product_brand":[],"product_cat":[12312,12304],"product_tag":[],"class_list":{"0":"post-720010","1":"product","2":"type-product","3":"status-publish","5":"product_cat-diger","6":"product_cat-tarih","7":"pa_cilt-ciltsiz","8":"pa_tur-kitap","9":"pa_yayinevi-kronik-kitap","10":"pa_yazar-murat-ozkan-r-caber-cerci","12":"first","13":"instock","14":"sale","15":"shipping-taxable","16":"purchasable","17":"product-type-simple"},"_links":{"self":[{"href":"https:\/\/roveyayinevi.com.tr\/index.php\/wp-json\/wp\/v2\/product\/720010","targetHints":{"allow":["GET"]}}],"collection":[{"href":"https:\/\/roveyayinevi.com.tr\/index.php\/wp-json\/wp\/v2\/product"}],"about":[{"href":"https:\/\/roveyayinevi.com.tr\/index.php\/wp-json\/wp\/v2\/types\/product"}],"wp:attachment":[{"href":"https:\/\/roveyayinevi.com.tr\/index.php\/wp-json\/wp\/v2\/media?parent=720010"}],"wp:term":[{"taxonomy":"product_brand","embeddable":true,"href":"https:\/\/roveyayinevi.com.tr\/index.php\/wp-json\/wp\/v2\/product_brand?post=720010"},{"taxonomy":"product_cat","embeddable":true,"href":"https:\/\/roveyayinevi.com.tr\/index.php\/wp-json\/wp\/v2\/product_cat?post=720010"},{"taxonomy":"product_tag","embeddable":true,"href":"https:\/\/roveyayinevi.com.tr\/index.php\/wp-json\/wp\/v2\/product_tag?post=720010"}],"curies":[{"name":"wp","href":"https:\/\/api.w.org\/{rel}","templated":true}]}}