{"id":720007,"date":"2025-08-27T18:30:10","date_gmt":"2025-08-27T15:30:10","guid":{"rendered":"https:\/\/roveyayinevi.com.tr\/index.php\/urun\/ask-3\/"},"modified":"2026-04-16T02:27:58","modified_gmt":"2026-04-15T23:27:58","slug":"ask-3","status":"publish","type":"product","link":"https:\/\/roveyayinevi.com.tr\/index.php\/urun\/ask-3\/","title":{"rendered":"A\u015fk"},"content":{"rendered":"<p>Bir\u00e7ok farkl\u0131 a\u015fk bi\u00e7imi oldu\u011fu bilinse de, \u00f6zellikle erotik a\u015fk hayat\u0131n en \u00f6d\u00fcllendirici, y\u00fcceltici deneyimi olarak t\u00fcm bir sanat tarihi boyunca \u00f6v\u00fclm\u00fc\u015ft\u00fcr. Bununla birlikte, en al\u00e7alt\u0131c\u0131 entrikalardan en kanl\u0131 cinayetlere dek bir\u00e7ok \u00fcrpertici olay\u0131n a\u00e7\u0131klay\u0131c\u0131s\u0131, hatta me\u015frula\u015ft\u0131r\u0131c\u0131s\u0131 oldu\u011fu da bilinir. Bu temel \u00e7\u0131k\u0131\u015f noktas\u0131ndan hareket eden \u00e7al\u0131\u015fma, basit olmakla birlikte yan\u0131tlanmas\u0131 o \u00f6l\u00e7\u00fcde \u00e7etin kimi sorulara odaklan\u0131yor: Birini neden severiz? G\u00fczel oldu\u011fu i\u00e7in mi? Erdemleri nedeniyle mi? \u00d6zgeci bir karaktere mi sahiptir a\u015fk yoksa t\u00fcmden bencil midir? Peki, bilim bize ne s\u00f6yler bu konuda? N\u00f6rolojiden psikolojiye dek farkl\u0131 uzmanl\u0131k sahalar\u0131n\u0131n \u00f6zg\u00fcn a\u015fk tan\u0131mlar\u0131 var m\u0131d\u0131r? K\u0131saca, a\u015fka dair s\u00fcr\u00fckleyici, kapsaml\u0131 bir soru\u015fturma ve y\u00fcksek sesli bir d\u00fc\u015f\u00fcnme egzersizi elinizdeki \u00e7al\u0131\u015fma.<\/p>\n","protected":false},"excerpt":{"rendered":"<p>Bir\u00e7ok farkl\u0131 a\u015fk bi\u00e7imi oldu\u011fu bilinse de, \u00f6zellikle erotik a\u015fk hayat\u0131n en \u00f6d\u00fcllendirici, y\u00fcceltici deneyimi olarak t\u00fcm bir sanat tarihi boyunca \u00f6v\u00fclm\u00fc\u015ft\u00fcr. Bununla birlikte, en al\u00e7alt\u0131c\u0131<span class=\"excerpt-hellip\"> [\u2026]<\/span><\/p>\n","protected":false},"featured_media":0,"template":"","meta":{"_monsterinsights_skip_tracking":false,"_monsterinsights_sitenote_active":false,"_monsterinsights_sitenote_note":"","_monsterinsights_sitenote_category":0},"product_brand":[],"product_cat":[20502,12357],"product_tag":[],"class_list":{"0":"post-720007","1":"product","2":"type-product","3":"status-publish","5":"product_cat-basvuru-kitaplari-psikoloji","6":"product_cat-psikoloji","7":"pa_cilt-ciltsiz","8":"pa_tur-kitap","9":"pa_yayinevi-dost-kitabevi-yayinlari","10":"pa_yazar-ronald-de-sousa","12":"first","13":"instock","14":"sale","15":"shipping-taxable","16":"purchasable","17":"product-type-simple"},"_links":{"self":[{"href":"https:\/\/roveyayinevi.com.tr\/index.php\/wp-json\/wp\/v2\/product\/720007","targetHints":{"allow":["GET"]}}],"collection":[{"href":"https:\/\/roveyayinevi.com.tr\/index.php\/wp-json\/wp\/v2\/product"}],"about":[{"href":"https:\/\/roveyayinevi.com.tr\/index.php\/wp-json\/wp\/v2\/types\/product"}],"wp:attachment":[{"href":"https:\/\/roveyayinevi.com.tr\/index.php\/wp-json\/wp\/v2\/media?parent=720007"}],"wp:term":[{"taxonomy":"product_brand","embeddable":true,"href":"https:\/\/roveyayinevi.com.tr\/index.php\/wp-json\/wp\/v2\/product_brand?post=720007"},{"taxonomy":"product_cat","embeddable":true,"href":"https:\/\/roveyayinevi.com.tr\/index.php\/wp-json\/wp\/v2\/product_cat?post=720007"},{"taxonomy":"product_tag","embeddable":true,"href":"https:\/\/roveyayinevi.com.tr\/index.php\/wp-json\/wp\/v2\/product_tag?post=720007"}],"curies":[{"name":"wp","href":"https:\/\/api.w.org\/{rel}","templated":true}]}}