{"id":720005,"date":"2025-08-27T18:30:09","date_gmt":"2025-08-27T15:30:09","guid":{"rendered":"https:\/\/roveyayinevi.com.tr\/index.php\/urun\/filozof-cocuk-siddet-nedir\/"},"modified":"2026-04-16T02:27:58","modified_gmt":"2026-04-15T23:27:58","slug":"filozof-cocuk-siddet-nedir","status":"publish","type":"product","link":"https:\/\/roveyayinevi.com.tr\/index.php\/urun\/filozof-cocuk-siddet-nedir\/","title":{"rendered":"Filozof \u00c7ocuk &#8211; \u015eiddet Nedir?"},"content":{"rendered":"<p>&#8220;Filozof \u00c7ocuk&#8221; serisi ile \u201cD\u00fc\u015f\u00fcnmek, \u00e7ocuk oyunca\u011f\u0131d\u0131r!\u201dT\u00fcrkiyeli \u00e7ocuklara felsefeyi sevdiren &#8220;Filozof \u00c7ocuk&#8221; serisi, 19. ve 20. kitaplar\u0131yla yine hayat\u0131 de\u011fi\u015fik a\u00e7\u0131lardan sorgulamaya \u00e7a\u011f\u0131r\u0131yor. D\u00fcnyaca \u00fcnl\u00fc Frans\u0131z filozof ve yazar Oscar Brenifier\u2019nin imzas\u0131n\u0131 ta\u015f\u0131yan yeni kitaplar, bu kez akran zorbal\u0131\u011f\u0131 ve kontrols\u00fcz \u015fiddetin \u00e7ocuklar \u00fczerindeki yans\u0131malar\u0131na dikkat \u00e7ekiyor.Hangi durumda \u015fiddete ba\u015fvurursun? Ba\u015fkalar\u0131ndan korkmak i\u00e7in bir nedenim var m\u0131? \u015eiddete y\u00f6neldi\u011fini nas\u0131l anlars\u0131n? \u015eiddet neye yarar? gibi k\u00fc\u00e7\u00fcklerin zihinlerini kurcalayan b\u00fcy\u00fck sorular, serinin \u015eiddet Nedir? ve Ba\u015fkalar\u0131na Vurmaya Hakk\u0131m Var m\u0131? kitaplar\u0131n\u0131n omurgas\u0131n\u0131 olu\u015fturuyor.D\u00fc\u015f\u00fcnme eylemini \u00e7ocuklar i\u00e7in e\u011flenceli bir ser\u00fcvene d\u00f6n\u00fc\u015ft\u00fcren Oscar Brenifier, &#8220;Filozof \u00c7ocuk&#8221; serisindeki her kitapta \u00fc\u00e7 b\u00fcy\u00fck soruyu, d\u00fc\u015f\u00fcncelerle oynamak ve g\u00f6r\u00fcnenin arkas\u0131na \u00e7ocuk g\u00f6z\u00fcyle bakmak i\u00e7in masaya yat\u0131r\u0131yor.Her sayfas\u0131 ayr\u0131 bir ke\u015fifle dolu bu s\u0131rad\u0131\u015f\u0131 ba\u015fvuru kitaplar\u0131n\u0131, \u00e7ocuklar i\u00e7in tasarlanan \u00f6teki felsefe kaynaklar\u0131ndan ay\u0131ran en \u00f6nemli nitelik ise okurlar\u0131na kar\u015f\u0131 sergiledi\u011fi \u201csorgulama odakl\u0131\u201d tutum oluyor: Hayat\u0131, ucu buca\u011f\u0131 olmayan b\u00fcy\u00fck bir oyun alan\u0131na benzeten Brenifier, \u00e7ocuklara, ya\u015fama dair ufuk a\u00e7\u0131c\u0131 sorular y\u00f6neltirken kesin yan\u0131tlar vermekten ka\u00e7\u0131narak, s\u00fcrekli soru sorma yoluyla taze beyinleri do\u011fru d\u00fc\u015f\u00fcnmeye y\u00f6nlendiriyor.T\u00fcrkiye\u2019de, d\u00fc\u015f\u00fcnme e\u011fitimi veren kimi okullarda ders kitab\u0131 olarak \u00f6nerilen &#8220;Filozof \u00c7ocuk&#8221; kitaplar\u0131, kendileriyle, hayatla ve d\u00fcnyayla ilgili \u00f6nemli sorular soran t\u00fcm \u00e7ocuklar i\u00e7in benzersiz bir d\u00fc\u015f\u00fcnme prati\u011fi sunarken, kal\u0131pla\u015fm\u0131\u015f yan\u0131tlar yerine ele\u015ftirel olanlar\u0131 tercih eden yeti\u015fkinler i\u00e7in de de\u011ferli birk\u0131lavuzluk g\u00f6revi \u00fcstleniyor. \u00c7ocuklar\u0131yla ileti\u015fimini g\u00fc\u00e7lendirmek ve onlarla kaliteli zaman ge\u00e7irmek isteyen anne-babalar ile s\u0131n\u0131f i\u00e7i etkinliklerine yeni alternatifler olu\u015fturmak isteyen duyarl\u0131 \u00f6\u011fretmenler i\u00e7in de zengin bir i\u00e7erik sunan &#8220;Filozof \u00c7ocuk&#8221; serisi, her ya\u015ftan okura sorgulamalarla dolu keyifli bir d\u00fc\u015f\u00fcnme deneyimi vadediyor.<\/p>\n","protected":false},"excerpt":{"rendered":"<p>&#8220;Filozof \u00c7ocuk&#8221; serisi ile \u201cD\u00fc\u015f\u00fcnmek, \u00e7ocuk oyunca\u011f\u0131d\u0131r!\u201dT\u00fcrkiyeli \u00e7ocuklara felsefeyi sevdiren &#8220;Filozof \u00c7ocuk&#8221; serisi, 19. ve 20. kitaplar\u0131yla yine hayat\u0131 de\u011fi\u015fik a\u00e7\u0131lardan sorgulamaya \u00e7a\u011f\u0131r\u0131yor. D\u00fcnyaca \u00fcnl\u00fc Frans\u0131z<span class=\"excerpt-hellip\"> [\u2026]<\/span><\/p>\n","protected":false},"featured_media":0,"template":"","meta":{"_monsterinsights_skip_tracking":false,"_monsterinsights_sitenote_active":false,"_monsterinsights_sitenote_note":"","_monsterinsights_sitenote_category":0},"product_brand":[],"product_cat":[12274,12631],"product_tag":[],"class_list":{"0":"post-720005","1":"product","2":"type-product","3":"status-publish","5":"product_cat-cocuk-ve-genclik-kitaplari","6":"product_cat-diger-cocuk-ve-genclik-kitaplari","7":"pa_cilt-ciltsiz","8":"pa_tur-kitap","9":"pa_yayinevi-tudem-yayinlari","10":"pa_yazar-oscar-brenifier","12":"first","13":"instock","14":"sale","15":"shipping-taxable","16":"purchasable","17":"product-type-simple"},"_links":{"self":[{"href":"https:\/\/roveyayinevi.com.tr\/index.php\/wp-json\/wp\/v2\/product\/720005","targetHints":{"allow":["GET"]}}],"collection":[{"href":"https:\/\/roveyayinevi.com.tr\/index.php\/wp-json\/wp\/v2\/product"}],"about":[{"href":"https:\/\/roveyayinevi.com.tr\/index.php\/wp-json\/wp\/v2\/types\/product"}],"wp:attachment":[{"href":"https:\/\/roveyayinevi.com.tr\/index.php\/wp-json\/wp\/v2\/media?parent=720005"}],"wp:term":[{"taxonomy":"product_brand","embeddable":true,"href":"https:\/\/roveyayinevi.com.tr\/index.php\/wp-json\/wp\/v2\/product_brand?post=720005"},{"taxonomy":"product_cat","embeddable":true,"href":"https:\/\/roveyayinevi.com.tr\/index.php\/wp-json\/wp\/v2\/product_cat?post=720005"},{"taxonomy":"product_tag","embeddable":true,"href":"https:\/\/roveyayinevi.com.tr\/index.php\/wp-json\/wp\/v2\/product_tag?post=720005"}],"curies":[{"name":"wp","href":"https:\/\/api.w.org\/{rel}","templated":true}]}}