{"id":720003,"date":"2025-08-27T18:30:07","date_gmt":"2025-08-27T15:30:07","guid":{"rendered":"https:\/\/roveyayinevi.com.tr\/index.php\/urun\/golgenin-agirligi-bir-denizci-beyi\/"},"modified":"2026-04-16T02:27:58","modified_gmt":"2026-04-15T23:27:58","slug":"golgenin-agirligi-bir-denizci-beyi","status":"publish","type":"product","link":"https:\/\/roveyayinevi.com.tr\/index.php\/urun\/golgenin-agirligi-bir-denizci-beyi\/","title":{"rendered":"G\u00f6lgenin A\u011f\u0131rl\u0131\u011f\u0131 Bir Denizci Beyi"},"content":{"rendered":"<p>Ailesini kaybetmi\u015f k\u00fc\u00e7\u00fck bir k\u0131z, ailesini kaybetmi\u015f ba\u015fka birinin, Mecit Kaptan\u2019\u0131n hik\u00e2yesinin pe\u015fine d\u00fc\u015fer. Bu yolculuk, kendi ki\u015fili\u011fini olu\u015fturan co\u011frafyaya da bir seyahattir. Sitem Ate\u015f, G\u00f6lgenin A\u011f\u0131rl\u0131\u011f\u0131\u2019nda bir denizci beyinin, Mecit\u2019in ayak izlerini takip ediyor ve 1920\u2019lerden g\u00fcn\u00fcm\u00fcze bir T\u00fcrkiye panoramas\u0131 \u00e7\u0131kar\u0131yor. Elindeki tek mavnay\u0131 bir filoya d\u00f6n\u00fc\u015ft\u00fcren denizci beyinin ya\u015fam\u0131, h\u0131r\u00e7\u0131n denizleri a\u015fmak isteyenler i\u00e7in de bir rehber&#8230; G\u00fcn, sana kum da\u011flar\u0131 aras\u0131nda \u00f6zledi\u011fin ne varsa verecek. I\u015f\u0131l \u0131\u015f\u0131l parlak kumlar aras\u0131ndan se\u00e7ip bulacaks\u0131n. Kemikler ve hik\u00e2yeler, su kayna\u011f\u0131 ve s\u00f6n\u00fcp d\u00fc\u015fm\u00fc\u015f y\u0131ld\u0131zlar\u2026 <\/p>\n","protected":false},"excerpt":{"rendered":"<p>Ailesini kaybetmi\u015f k\u00fc\u00e7\u00fck bir k\u0131z, ailesini kaybetmi\u015f ba\u015fka birinin, Mecit Kaptan\u2019\u0131n hik\u00e2yesinin pe\u015fine d\u00fc\u015fer. Bu yolculuk, kendi ki\u015fili\u011fini olu\u015fturan co\u011frafyaya da bir seyahattir. Sitem Ate\u015f, G\u00f6lgenin<span class=\"excerpt-hellip\"> [\u2026]<\/span><\/p>\n","protected":false},"featured_media":0,"template":"","meta":{"_monsterinsights_skip_tracking":false,"_monsterinsights_sitenote_active":false,"_monsterinsights_sitenote_note":"","_monsterinsights_sitenote_category":0},"product_brand":[],"product_cat":[12291,12711],"product_tag":[],"class_list":{"0":"post-720003","1":"product","2":"type-product","3":"status-publish","5":"product_cat-edebiyat","6":"product_cat-roman-oyku","7":"pa_cilt-ciltsiz","8":"pa_tur-kitap","9":"pa_yayinevi-turkuvaz-kitap","10":"pa_yazar-sitem-ates","12":"first","13":"instock","14":"sale","15":"shipping-taxable","16":"purchasable","17":"product-type-simple"},"_links":{"self":[{"href":"https:\/\/roveyayinevi.com.tr\/index.php\/wp-json\/wp\/v2\/product\/720003","targetHints":{"allow":["GET"]}}],"collection":[{"href":"https:\/\/roveyayinevi.com.tr\/index.php\/wp-json\/wp\/v2\/product"}],"about":[{"href":"https:\/\/roveyayinevi.com.tr\/index.php\/wp-json\/wp\/v2\/types\/product"}],"wp:attachment":[{"href":"https:\/\/roveyayinevi.com.tr\/index.php\/wp-json\/wp\/v2\/media?parent=720003"}],"wp:term":[{"taxonomy":"product_brand","embeddable":true,"href":"https:\/\/roveyayinevi.com.tr\/index.php\/wp-json\/wp\/v2\/product_brand?post=720003"},{"taxonomy":"product_cat","embeddable":true,"href":"https:\/\/roveyayinevi.com.tr\/index.php\/wp-json\/wp\/v2\/product_cat?post=720003"},{"taxonomy":"product_tag","embeddable":true,"href":"https:\/\/roveyayinevi.com.tr\/index.php\/wp-json\/wp\/v2\/product_tag?post=720003"}],"curies":[{"name":"wp","href":"https:\/\/api.w.org\/{rel}","templated":true}]}}