{"id":720000,"date":"2025-08-27T18:30:05","date_gmt":"2025-08-27T15:30:05","guid":{"rendered":"https:\/\/roveyayinevi.com.tr\/index.php\/urun\/kaygilari-asma-rehberi\/"},"modified":"2026-04-16T02:27:58","modified_gmt":"2026-04-15T23:27:58","slug":"kaygilari-asma-rehberi","status":"publish","type":"product","link":"https:\/\/roveyayinevi.com.tr\/index.php\/urun\/kaygilari-asma-rehberi\/","title":{"rendered":"Kayg\u0131lar\u0131 A\u015fma Rehberi"},"content":{"rendered":"<p>Kesin beni itici bulmu\u015ftur. \u00c7ok beceriksizim. Benden ho\u015flanmayacaklar. Hi\u00e7 hata yapmamal\u0131y\u0131m. Benden s\u0131k\u0131lacaklar. Kesin benimle ilgili konu\u015fuyorlar. Herkes bana bakacak. Mahcup olaca\u011f\u0131m. Hakk\u0131mda k\u00f6t\u00fc d\u00fc\u015f\u00fcnecekler. Elime y\u00fcz\u00fcme bula\u015ft\u0131raca\u011f\u0131m. D\u0131\u015flanaca\u011f\u0131m. Beni sevmeyecekler.Kayg\u0131lar\u0131n d\u00fcnyas\u0131 adeta dipsiz bir kuyu fakat ayn\u0131 zamanda koca bir \u00e7\u00f6pl\u00fck. Nas\u0131l bakt\u0131\u011f\u0131n\u0131za, ele ald\u0131\u011f\u0131n\u0131za, nas\u0131l ba\u015fa \u00e7\u0131kt\u0131\u011f\u0131n\u0131za ba\u011fl\u0131. Kendiniz i\u00e7in felaket kehanetlerinde bulunup bunlar\u0131 ger\u00e7ekle\u015ftirebilirsiniz ya da kayg\u0131lar\u0131n\u0131z\u0131 beslemekten vazge\u00e7ip, i\u00e7inize yap\u0131\u015fm\u0131\u015f, ho\u015fnut olmad\u0131\u011f\u0131n\u0131z d\u00fc\u015f\u00fcnceleri g\u00fcn \u0131\u015f\u0131\u011f\u0131na \u00e7\u0131kar\u0131p onlar\u0131 geride b\u0131rakabilirsiniz.Sonu\u00e7 \u015fa\u015f\u0131rt\u0131c\u0131 olacakt\u0131r.\u00d6zg\u00fcven. Hatalar\u0131n\u0131 kabullenebilmek. Kendini sevmek. Kendinden ka\u00e7mamak. Huzur. \u0130yi niyet. Hislerinin fark\u0131nda olmak ve onlarla ba\u015fa \u00e7\u0131kabilmek. Kendini yat\u0131\u015ft\u0131rabilmek. Olumlu d\u00fc\u015f\u00fcnebilmek\u2026Bu kitapta detaylar\u0131yla ve \u00f6rnekleriyle sosyal kayg\u0131n\u0131n ve olumsuz d\u00fc\u015f\u00fcncelerin nas\u0131l a\u015f\u0131labilece\u011fi, sosyal kayg\u0131s\u0131 olup da zamanla a\u015fm\u0131\u015f ki\u015filerin bunu nas\u0131l ba\u015fard\u0131klar\u0131 anlat\u0131l\u0131yor.<\/p>\n","protected":false},"excerpt":{"rendered":"<p>Kesin beni itici bulmu\u015ftur. \u00c7ok beceriksizim. Benden ho\u015flanmayacaklar. Hi\u00e7 hata yapmamal\u0131y\u0131m. Benden s\u0131k\u0131lacaklar. Kesin benimle ilgili konu\u015fuyorlar. Herkes bana bakacak. Mahcup olaca\u011f\u0131m. Hakk\u0131mda k\u00f6t\u00fc d\u00fc\u015f\u00fcnecekler. Elime<span class=\"excerpt-hellip\"> [\u2026]<\/span><\/p>\n","protected":false},"featured_media":0,"template":"","meta":{"_monsterinsights_skip_tracking":false,"_monsterinsights_sitenote_active":false,"_monsterinsights_sitenote_note":"","_monsterinsights_sitenote_category":0},"product_brand":[],"product_cat":[12358,12357],"product_tag":[],"class_list":{"0":"post-720000","1":"product","2":"type-product","3":"status-publish","5":"product_cat-genel-psikoloji","6":"product_cat-psikoloji","7":"pa_cilt-ciltsiz","8":"pa_tur-kitap","9":"pa_yayinevi-hayykitap","10":"pa_yazar-selen-can","12":"first","13":"instock","14":"sale","15":"shipping-taxable","16":"purchasable","17":"product-type-simple"},"_links":{"self":[{"href":"https:\/\/roveyayinevi.com.tr\/index.php\/wp-json\/wp\/v2\/product\/720000","targetHints":{"allow":["GET"]}}],"collection":[{"href":"https:\/\/roveyayinevi.com.tr\/index.php\/wp-json\/wp\/v2\/product"}],"about":[{"href":"https:\/\/roveyayinevi.com.tr\/index.php\/wp-json\/wp\/v2\/types\/product"}],"wp:attachment":[{"href":"https:\/\/roveyayinevi.com.tr\/index.php\/wp-json\/wp\/v2\/media?parent=720000"}],"wp:term":[{"taxonomy":"product_brand","embeddable":true,"href":"https:\/\/roveyayinevi.com.tr\/index.php\/wp-json\/wp\/v2\/product_brand?post=720000"},{"taxonomy":"product_cat","embeddable":true,"href":"https:\/\/roveyayinevi.com.tr\/index.php\/wp-json\/wp\/v2\/product_cat?post=720000"},{"taxonomy":"product_tag","embeddable":true,"href":"https:\/\/roveyayinevi.com.tr\/index.php\/wp-json\/wp\/v2\/product_tag?post=720000"}],"curies":[{"name":"wp","href":"https:\/\/api.w.org\/{rel}","templated":true}]}}