{"id":719999,"date":"2025-08-27T18:30:04","date_gmt":"2025-08-27T15:30:04","guid":{"rendered":"https:\/\/roveyayinevi.com.tr\/index.php\/urun\/fil-tyke-olmak\/"},"modified":"2026-04-03T02:34:25","modified_gmt":"2026-04-02T23:34:25","slug":"fil-tyke-olmak","status":"publish","type":"product","link":"https:\/\/roveyayinevi.com.tr\/index.php\/urun\/fil-tyke-olmak\/","title":{"rendered":"Fil Tyke Olmak"},"content":{"rendered":"<p>Tyke hen\u00fcz k\u00fc\u00e7\u00fcc\u00fckken ailesinden kopar\u0131l\u0131p, sirklerde e\u011fitilmek \u00fczere yuvas\u0131 olan Afrika\u2019dan ka\u00e7\u0131r\u0131ld\u0131. \u00d6zg\u00fcrl\u00fc\u011f\u00fcne ve ailesine \u00e7ok ba\u011fl\u0131yd\u0131 ama kaderi onu \u00e7ok erken esir ald\u0131. Sevdikleriyle ge\u00e7irmesi gereken zamanlar\u0131 sirklerde tutsak olarak tamamlad\u0131. Ona verilen komutlar\u0131 hi\u00e7bir zaman dinlemedi. Dinlemedi\u011fi i\u00e7in bir\u00e7ok kere d\u00f6v\u00fcld\u00fc. Daha fazla can\u0131 yanmas\u0131n diye yerlere \u00e7\u00f6kt\u00fc. \u0130nsanlar sadece e\u011flenmek ve para kazanmak i\u00e7in bu manzaralar\u0131 nas\u0131l yaratabildi? G\u00fczel Tyke daha fazlas\u0131n\u0131 kald\u0131ramad\u0131\u011f\u0131 i\u00e7in defalarca sirkten ka\u00e7maya \u00e7al\u0131\u015ft\u0131. Ba\u015faramad\u0131. Yirmi ya\u015f\u0131na geldi\u011finde \u00f6yle bir olay ya\u015fand\u0131 ki Tyke\u2019\u0131 son kere g\u00f6ren herkes,&#8221;Ben size ne yapt\u0131m?&#8221; diye hayk\u0131rd\u0131\u011f\u0131 bak\u0131\u015flar\u0131n\u0131 y\u0131llar sonra bile asla unutmad\u0131.<\/p>\n","protected":false},"excerpt":{"rendered":"<p>Tyke hen\u00fcz k\u00fc\u00e7\u00fcc\u00fckken ailesinden kopar\u0131l\u0131p, sirklerde e\u011fitilmek \u00fczere yuvas\u0131 olan Afrika\u2019dan ka\u00e7\u0131r\u0131ld\u0131. \u00d6zg\u00fcrl\u00fc\u011f\u00fcne ve ailesine \u00e7ok ba\u011fl\u0131yd\u0131 ama kaderi onu \u00e7ok erken esir ald\u0131. Sevdikleriyle ge\u00e7irmesi<span class=\"excerpt-hellip\"> [\u2026]<\/span><\/p>\n","protected":false},"featured_media":0,"template":"","meta":{"_monsterinsights_skip_tracking":false,"_monsterinsights_sitenote_active":false,"_monsterinsights_sitenote_note":"","_monsterinsights_sitenote_category":0},"product_brand":[],"product_cat":[12364,12376],"product_tag":[],"class_list":{"0":"post-719999","1":"product","2":"type-product","3":"status-publish","5":"product_cat-genel-konular","6":"product_cat-kisisel-gelisim","7":"pa_cilt-ciltsiz","8":"pa_tur-kitap","9":"pa_yayinevi-dokuz-yayinlari","10":"pa_yazar-seyma-eke","12":"first","13":"instock","14":"sale","15":"shipping-taxable","16":"purchasable","17":"product-type-simple"},"_links":{"self":[{"href":"https:\/\/roveyayinevi.com.tr\/index.php\/wp-json\/wp\/v2\/product\/719999","targetHints":{"allow":["GET"]}}],"collection":[{"href":"https:\/\/roveyayinevi.com.tr\/index.php\/wp-json\/wp\/v2\/product"}],"about":[{"href":"https:\/\/roveyayinevi.com.tr\/index.php\/wp-json\/wp\/v2\/types\/product"}],"wp:attachment":[{"href":"https:\/\/roveyayinevi.com.tr\/index.php\/wp-json\/wp\/v2\/media?parent=719999"}],"wp:term":[{"taxonomy":"product_brand","embeddable":true,"href":"https:\/\/roveyayinevi.com.tr\/index.php\/wp-json\/wp\/v2\/product_brand?post=719999"},{"taxonomy":"product_cat","embeddable":true,"href":"https:\/\/roveyayinevi.com.tr\/index.php\/wp-json\/wp\/v2\/product_cat?post=719999"},{"taxonomy":"product_tag","embeddable":true,"href":"https:\/\/roveyayinevi.com.tr\/index.php\/wp-json\/wp\/v2\/product_tag?post=719999"}],"curies":[{"name":"wp","href":"https:\/\/api.w.org\/{rel}","templated":true}]}}