{"id":719998,"date":"2025-08-27T18:30:04","date_gmt":"2025-08-27T15:30:04","guid":{"rendered":"https:\/\/roveyayinevi.com.tr\/index.php\/urun\/kod-adi-sapkin\/"},"modified":"2026-04-16T02:27:58","modified_gmt":"2026-04-15T23:27:58","slug":"kod-adi-sapkin","status":"publish","type":"product","link":"https:\/\/roveyayinevi.com.tr\/index.php\/urun\/kod-adi-sapkin\/","title":{"rendered":"Kod Ad\u0131: Sapk\u0131n"},"content":{"rendered":"<p>Takvimler 11 Temmuz 2018\u2019i g\u00f6sterirken onlarca y\u0131ld\u0131r kendini \u2018hoca\u2019 diye tan\u0131tan Adnan Oktar ve yap\u0131lanmas\u0131na kar\u015f\u0131 emniyet g\u00fc\u00e7lerince operasyon d\u00fczenlenir. Ba\u015fta, ka\u00e7maya \u00e7al\u0131\u015f\u0131rken yakalanan Oktar olmak \u00fczere bir\u00e7ok isim g\u00f6zalt\u0131na al\u0131n\u0131r. S\u00f6z konusu operasyon, \u00f6rne\u011fine az rastlan\u0131r \u015fekilde toplumun t\u00fcm kesimleri taraf\u0131ndan memnuniyetle kar\u015f\u0131lan\u0131r ve b\u00fcy\u00fck destek g\u00f6r\u00fcr.Mesle\u011finin hen\u00fcz ilk y\u0131llar\u0131nda Adnan Oktar\u2019\u0131n \u00e7evresine toplad\u0131\u011f\u0131 grubun i\u00e7ine s\u0131zmay\u0131 ba\u015fararak yap\u0131lanman\u0131n karanl\u0131k \u00f6yk\u00fcs\u00fcnde \u00f6nemli bir role soyunan gazeteci Fuat Kozluklu bu eserinde, 1986 -2019 y\u0131llar\u0131 aras\u0131nda ya\u015fananlar ile \u00f6rg\u00fct\u00fcn ge\u00e7irdi\u011fi evrimi t\u00fcm ayr\u0131nt\u0131lar\u0131yla g\u00fcn y\u00fcz\u00fcne \u00e7\u0131kar\u0131yor.Kozluklu, bizzat \u015fahit olduklar\u0131ndan ve s\u00f6ylemlerden yola \u00e7\u0131karken tan\u0131d\u0131\u011f\u0131 yahut tan\u0131yamad\u0131\u011f\u0131(!) s\u00f6zde hocadan \u00f6rg\u00fct liderine, s\u00f6zde cemaatten silahl\u0131 su\u00e7 \u00f6rg\u00fct\u00fcne evrilen din s\u00f6ylemli karanl\u0131k yap\u0131y\u0131 okuyucusuna b\u00fct\u00fcn detaylar\u0131yla resmediyor. Kozluklu, okuyucuyu Adnan Oktar Silahl\u0131 Su\u00e7 \u00d6rg\u00fct\u00fc&#8217;n\u00fcn (AOSS\u00d6) insanlar\u0131 etkilemek i\u00e7in kulland\u0131\u011f\u0131 l\u00fcks hayat\u0131n asl\u0131nda \u015fantaj kasetlerinin b\u00fcy\u00fck sahnesi oldu\u011fu ger\u00e7e\u011fi ile y\u00fczle\u015ftirirken, sahne arkas\u0131nda ya\u015fanan taciz ve tecav\u00fczler, \u00e7arp\u0131k ili\u015fkiler ve daha pek \u00e7ok i\u011fren\u00e7lik, kitab\u0131n sayfalar\u0131nda g\u00f6zler \u00f6n\u00fcne seriliyor.<\/p>\n","protected":false},"excerpt":{"rendered":"<p>Takvimler 11 Temmuz 2018\u2019i g\u00f6sterirken onlarca y\u0131ld\u0131r kendini \u2018hoca\u2019 diye tan\u0131tan Adnan Oktar ve yap\u0131lanmas\u0131na kar\u015f\u0131 emniyet g\u00fc\u00e7lerince operasyon d\u00fczenlenir. Ba\u015fta, ka\u00e7maya \u00e7al\u0131\u015f\u0131rken yakalanan Oktar olmak<span class=\"excerpt-hellip\"> [\u2026]<\/span><\/p>\n","protected":false},"featured_media":0,"template":"","meta":{"_monsterinsights_skip_tracking":false,"_monsterinsights_sitenote_active":false,"_monsterinsights_sitenote_note":"","_monsterinsights_sitenote_category":0},"product_brand":[],"product_cat":[13590,12337],"product_tag":[],"class_list":{"0":"post-719998","1":"product","2":"type-product","3":"status-publish","5":"product_cat-arastirma-inceleme-politika-siyaset","6":"product_cat-politika-siyaset","7":"pa_cilt-ciltsiz","8":"pa_tur-kitap","9":"pa_yayinevi-kopernik-kitap","10":"pa_yazar-fuat-kozluklu","12":"first","13":"instock","14":"sale","15":"shipping-taxable","16":"purchasable","17":"product-type-simple"},"_links":{"self":[{"href":"https:\/\/roveyayinevi.com.tr\/index.php\/wp-json\/wp\/v2\/product\/719998","targetHints":{"allow":["GET"]}}],"collection":[{"href":"https:\/\/roveyayinevi.com.tr\/index.php\/wp-json\/wp\/v2\/product"}],"about":[{"href":"https:\/\/roveyayinevi.com.tr\/index.php\/wp-json\/wp\/v2\/types\/product"}],"wp:attachment":[{"href":"https:\/\/roveyayinevi.com.tr\/index.php\/wp-json\/wp\/v2\/media?parent=719998"}],"wp:term":[{"taxonomy":"product_brand","embeddable":true,"href":"https:\/\/roveyayinevi.com.tr\/index.php\/wp-json\/wp\/v2\/product_brand?post=719998"},{"taxonomy":"product_cat","embeddable":true,"href":"https:\/\/roveyayinevi.com.tr\/index.php\/wp-json\/wp\/v2\/product_cat?post=719998"},{"taxonomy":"product_tag","embeddable":true,"href":"https:\/\/roveyayinevi.com.tr\/index.php\/wp-json\/wp\/v2\/product_tag?post=719998"}],"curies":[{"name":"wp","href":"https:\/\/api.w.org\/{rel}","templated":true}]}}