{"id":719996,"date":"2025-08-27T18:30:02","date_gmt":"2025-08-27T15:30:02","guid":{"rendered":"https:\/\/roveyayinevi.com.tr\/index.php\/urun\/elestirel-gozle-trocki\/"},"modified":"2026-01-29T02:50:53","modified_gmt":"2026-01-28T23:50:53","slug":"elestirel-gozle-trocki","status":"publish","type":"product","link":"https:\/\/roveyayinevi.com.tr\/index.php\/urun\/elestirel-gozle-trocki\/","title":{"rendered":"Ele\u015ftirel G\u00f6zle Tro\u00e7ki"},"content":{"rendered":"<p>Tro\u00e7ki, Lenin\u2019le birlikte tarihsel \u015fahsiyet olarak anlam kazan\u0131r. Lenin\u2019den kopart\u0131lan bir Tro\u00e7ki eksiktir. Bu \u00e7al\u0131\u015fma Tro\u00e7ki\u2019yi tarihte hak etti\u011fi yere oturtmay\u0131 ama\u00e7l\u0131yor. Nas\u0131l ki, MarxEngelsLenin\u2019in hatalar\u0131 ve eksikleri varsa, Tro\u00e7ki\u2019nin de vard\u0131r. Bu hatalara g\u00f6z kapamak do\u011fru olmaz. Tro\u00e7ki\u2019nin yanl\u0131\u015flar\u0131n\u0131 \u00e7ekinmeden ele\u015ftirdik. Hem ona hak etti\u011fi yeri verdik; hem de a\u00e7\u0131k\u00e7a hatalar\u0131n\u0131 ortaya koyduk. Sol hareketin Tro\u00e7ki\u2019yi fazla tan\u0131mad\u0131\u011f\u0131n\u0131 d\u00fc\u015f\u00fcnerek, Tro\u00e7ki hakk\u0131ndaki biyografik bilgileri yeri geldi\u011fince kulland\u0131k. Tro\u00e7ki\u2019nin politik eylemlerinin iyi anla\u015f\u0131lmas\u0131 i\u00e7in de, olanakl\u0131 oldu\u011fu kadar kronolojik bir s\u0131ra izledik.<\/p>\n","protected":false},"excerpt":{"rendered":"<p>Tro\u00e7ki, Lenin\u2019le birlikte tarihsel \u015fahsiyet olarak anlam kazan\u0131r. Lenin\u2019den kopart\u0131lan bir Tro\u00e7ki eksiktir. Bu \u00e7al\u0131\u015fma Tro\u00e7ki\u2019yi tarihte hak etti\u011fi yere oturtmay\u0131 ama\u00e7l\u0131yor. Nas\u0131l ki, MarxEngelsLenin\u2019in hatalar\u0131<span class=\"excerpt-hellip\"> [\u2026]<\/span><\/p>\n","protected":false},"featured_media":0,"template":"","meta":{"_monsterinsights_skip_tracking":false,"_monsterinsights_sitenote_active":false,"_monsterinsights_sitenote_note":"","_monsterinsights_sitenote_category":0},"product_brand":[],"product_cat":[12370,12304],"product_tag":[],"class_list":{"0":"post-719996","1":"product","2":"type-product","3":"status-publish","5":"product_cat-arastirma-inceleme","6":"product_cat-tarih","7":"pa_cilt-ciltsiz","8":"pa_tur-kitap","9":"pa_yayinevi-utopya-yayinevi","10":"pa_yazar-mehmet-inanc-turan","12":"first","13":"instock","14":"sale","15":"shipping-taxable","16":"purchasable","17":"product-type-simple"},"_links":{"self":[{"href":"https:\/\/roveyayinevi.com.tr\/index.php\/wp-json\/wp\/v2\/product\/719996","targetHints":{"allow":["GET"]}}],"collection":[{"href":"https:\/\/roveyayinevi.com.tr\/index.php\/wp-json\/wp\/v2\/product"}],"about":[{"href":"https:\/\/roveyayinevi.com.tr\/index.php\/wp-json\/wp\/v2\/types\/product"}],"wp:attachment":[{"href":"https:\/\/roveyayinevi.com.tr\/index.php\/wp-json\/wp\/v2\/media?parent=719996"}],"wp:term":[{"taxonomy":"product_brand","embeddable":true,"href":"https:\/\/roveyayinevi.com.tr\/index.php\/wp-json\/wp\/v2\/product_brand?post=719996"},{"taxonomy":"product_cat","embeddable":true,"href":"https:\/\/roveyayinevi.com.tr\/index.php\/wp-json\/wp\/v2\/product_cat?post=719996"},{"taxonomy":"product_tag","embeddable":true,"href":"https:\/\/roveyayinevi.com.tr\/index.php\/wp-json\/wp\/v2\/product_tag?post=719996"}],"curies":[{"name":"wp","href":"https:\/\/api.w.org\/{rel}","templated":true}]}}