{"id":719993,"date":"2025-08-27T18:30:00","date_gmt":"2025-08-27T15:30:00","guid":{"rendered":"https:\/\/roveyayinevi.com.tr\/index.php\/urun\/buzlarin-cozulusu-secme-oykuler-3\/"},"modified":"2026-04-16T02:27:58","modified_gmt":"2026-04-15T23:27:58","slug":"buzlarin-cozulusu-secme-oykuler-3","status":"publish","type":"product","link":"https:\/\/roveyayinevi.com.tr\/index.php\/urun\/buzlarin-cozulusu-secme-oykuler-3\/","title":{"rendered":"Buzlar\u0131n \u00c7\u00f6z\u00fcl\u00fc\u015f\u00fc &#8211; Se\u00e7me \u00d6yk\u00fcler 3"},"content":{"rendered":"<p>Maksim Gorki\u2019nin 1912 ile 1935 y\u0131llar\u0131 aras\u0131nda yay\u0131mlanan 13 \u00f6yk\u00fcs\u00fcn\u00fc i\u00e7eren bu \u00f6zel se\u00e7ki, yazar\u0131n olgunluk d\u00f6nemi eserlerinden olu\u015fur. Ge\u00e7inmek i\u00e7in can\u0131n\u0131 di\u015fine tak\u0131p bir\u00e7ok i\u015fte \u00e7al\u0131\u015fm\u0131\u015f bir \u00e7\u0131ra\u011f\u0131n, bir yaz\u0131 i\u015f\u00e7isinin, bir gezginin, bir yay\u0131nc\u0131n\u0131n, nihayetinde bir devrimcinin ya\u015fam deneyimini, ac\u0131lar\u0131n\u0131, tan\u0131d\u0131\u011f\u0131 insanlar\u0131 ve g\u00f6rd\u00fc\u011f\u00fc hayatlar\u0131 sanat\u0131n imbi\u011finden ge\u00e7irerek dam\u0131tt\u0131\u011f\u0131 \u00f6yk\u00fclerdir bunlar. 20. y\u00fczy\u0131l\u0131n en b\u00fcy\u00fck edeb\u00ee dehalar\u0131ndan Maksim Gorki, \u00e7evirinin ayd\u0131nl\u0131k y\u00fcz\u00fc Ay\u015fe Hac\u0131hasano\u011flu\u2019nun T\u00fcrk\u00e7esiyle Yordam Edebiyat\u2019ta.<\/p>\n","protected":false},"excerpt":{"rendered":"<p>Maksim Gorki\u2019nin 1912 ile 1935 y\u0131llar\u0131 aras\u0131nda yay\u0131mlanan 13 \u00f6yk\u00fcs\u00fcn\u00fc i\u00e7eren bu \u00f6zel se\u00e7ki, yazar\u0131n olgunluk d\u00f6nemi eserlerinden olu\u015fur. Ge\u00e7inmek i\u00e7in can\u0131n\u0131 di\u015fine tak\u0131p bir\u00e7ok i\u015fte<span class=\"excerpt-hellip\"> [\u2026]<\/span><\/p>\n","protected":false},"featured_media":0,"template":"","meta":{"_monsterinsights_skip_tracking":false,"_monsterinsights_sitenote_active":false,"_monsterinsights_sitenote_note":"","_monsterinsights_sitenote_category":0},"product_brand":[],"product_cat":[12291,13570],"product_tag":[],"class_list":{"0":"post-719993","1":"product","2":"type-product","3":"status-publish","5":"product_cat-edebiyat","6":"product_cat-rus-edebiyati","7":"pa_cilt-ciltsiz","8":"pa_tur-kitap","9":"pa_yayinevi-yordam-kitap","10":"pa_yazar-maksim-gorki","12":"first","13":"instock","14":"sale","15":"shipping-taxable","16":"purchasable","17":"product-type-simple"},"_links":{"self":[{"href":"https:\/\/roveyayinevi.com.tr\/index.php\/wp-json\/wp\/v2\/product\/719993","targetHints":{"allow":["GET"]}}],"collection":[{"href":"https:\/\/roveyayinevi.com.tr\/index.php\/wp-json\/wp\/v2\/product"}],"about":[{"href":"https:\/\/roveyayinevi.com.tr\/index.php\/wp-json\/wp\/v2\/types\/product"}],"wp:attachment":[{"href":"https:\/\/roveyayinevi.com.tr\/index.php\/wp-json\/wp\/v2\/media?parent=719993"}],"wp:term":[{"taxonomy":"product_brand","embeddable":true,"href":"https:\/\/roveyayinevi.com.tr\/index.php\/wp-json\/wp\/v2\/product_brand?post=719993"},{"taxonomy":"product_cat","embeddable":true,"href":"https:\/\/roveyayinevi.com.tr\/index.php\/wp-json\/wp\/v2\/product_cat?post=719993"},{"taxonomy":"product_tag","embeddable":true,"href":"https:\/\/roveyayinevi.com.tr\/index.php\/wp-json\/wp\/v2\/product_tag?post=719993"}],"curies":[{"name":"wp","href":"https:\/\/api.w.org\/{rel}","templated":true}]}}