{"id":719990,"date":"2025-08-27T18:29:57","date_gmt":"2025-08-27T15:29:57","guid":{"rendered":"https:\/\/roveyayinevi.com.tr\/index.php\/urun\/aramizda\/"},"modified":"2026-04-16T02:27:58","modified_gmt":"2026-04-15T23:27:58","slug":"aramizda","status":"publish","type":"product","link":"https:\/\/roveyayinevi.com.tr\/index.php\/urun\/aramizda\/","title":{"rendered":"Aram\u0131zda"},"content":{"rendered":"<p>Ne utan\u00e7 ne de \u015fiddet; bundan b\u00f6yle hi\u00e7bir \u015fey \u201caram\u0131zda\u201d kalmayacak!Grafik anlat\u0131lar\u0131nda engellilik, psikoz, politik aktivizm ve cinsel \u015fiddet konular\u0131n\u0131 i\u015fleyen sanat\u00e7\u0131 ve akademisyen Una\u2019n\u0131n imzas\u0131n\u0131 ta\u015f\u0131yan Aram\u0131zda, d\u00fcnyan\u0131n istisnas\u0131z her yerinde \u015fiddete maruz b\u0131rak\u0131lan kad\u0131nlar\u0131 ve k\u0131z \u00e7ocuklar\u0131n\u0131, ku\u015fanmak zorunda b\u0131rak\u0131ld\u0131klar\u0131 g\u00f6r\u00fcnmezlik \u00f6rt\u00fcs\u00fcn\u00fc \u00fczerlerinden \u00e7\u0131kar\u0131p atmalar\u0131 y\u00f6n\u00fcnde te\u015fvik eden sars\u0131c\u0131 bir grafik roman.Gazete kup\u00fcrlerini, ill\u00fcstrasyonlar\u0131 ve deneysel \u00e7izimleri Una\u2019n\u0131n ger\u00e7ek ya\u015fam\u00f6yk\u00fcs\u00fcyle bulu\u015fturan Aram\u0131zda; utanc\u0131n, su\u00e7luluk duygusunun ve korkunun \u00f6\u011fretildi\u011fi bir k\u00fclt\u00fcrde kad\u0131n olarak b\u00fcy\u00fcmenin anlam\u0131n\u0131 ve kad\u0131nlar\u0131n as\u0131rlara yay\u0131lan varl\u0131k m\u00fccadelesini i\u00e7ten, hakiki ve g\u00fc\u00e7lendirici bir \u00fcslupla aktar\u0131yor.Aram\u0131zda, \u00e7ocuklara y\u00f6nelik cinsel istismar\u0131n, gen\u00e7 k\u0131zlar\u0131n u\u011frad\u0131\u011f\u0131 fl\u00f6rt \u015fiddetinin ve kad\u0131nlar\u0131n ya\u015famlar\u0131n\u0131n her evresinde maruz kalabilecekleri cinsel, psikolojik ve duygusal \u015fiddetin toplumsal boyutlar\u0131n\u0131 g\u00f6zler \u00f6n\u00fcne sermekle kalm\u0131yor, s\u0131n\u0131r tan\u0131mayan eril tahakk\u00fcm\u00fc ve erkek egemenli\u011finin kurumsal ve g\u00fcndelik boyutlar\u0131n\u0131 dile getirmenin \u00f6zg\u00fcn bir \u00f6rne\u011fini de sunuyor. Ma\u011fdurlar\u0131n deneyimlerini \u00f6n plana \u00e7\u0131kararak, \u201ckol k\u0131r\u0131l\u0131r yen i\u00e7inde kal\u0131r\u201d zihniyetinin dayatt\u0131\u011f\u0131 tecrit ve yaln\u0131zl\u0131\u011f\u0131 a\u015fmaya katk\u0131da bulunuyor.Y\u0131l 1977. Kurbanlar\u0131n\u0131 kad\u0131nlar aras\u0131ndan se\u00e7en bir seri katilin neden oldu\u011fu panik, Kuzey \u0130ngiltere\u2019yi etkisi alt\u0131na alm\u0131\u015f durumda. Kad\u0131nlara ve k\u0131z \u00e7ocuklar\u0131na y\u00f6nelik sistematik \u015fiddet ve istismar\u0131n yeni yeni tart\u0131\u015f\u0131labildi\u011fi o y\u0131llarda onlu ya\u015flar\u0131ndaki Una, bu \u015fiddet girdab\u0131n\u0131n yuttu\u011fu hayatlardan yaln\u0131zca biri. U\u011frad\u0131\u011f\u0131 zorbal\u0131k y\u00fcz\u00fcnden \u00f6zg\u00fcvenini yitiren ve utan\u00e7 i\u00e7inde yaln\u0131zla\u015fan Una\u2019n\u0131n hik\u00e2yesi, failin de ma\u011fdurun da aram\u0131zda oldu\u011funu g\u00f6steriyor.G\u00fc\u00e7l\u00fc \u00e7izimleri ve \u00e7okboyutlu anlat\u0131s\u0131yla, d\u00fcnyan\u0131n her yerinden kad\u0131nlar\u0131 ve gen\u00e7 k\u0131zlar\u0131, mahk\u00fbm edildikleri sessizlik ve utan\u00e7 d\u00f6ng\u00fcs\u00fcn\u00fc k\u0131rmalar\u0131 y\u00f6n\u00fcnde cesaretlendiren Una, \u015fiddetin bedelini ma\u011fdurlara \u00f6deten k\u00fcresel d\u00fczene, ba\u015f\u0131 dik ve sesi g\u00fcr, meydan okuyor.&#8221;Kad\u0131nlar\u0131n g\u00fc\u00e7lenmesine y\u00f6nelik g\u00f6rsel bir manifesto.&#8221; Kirkus Review\u201cUna\u2019n\u0131n ki\u015fisel deneyimi hik\u00e2yenin merkezi olmaktan \u00e7ok, \u2018cinsel \u015fiddetin d\u00f6rt atl\u0131s\u0131\u2019 olarak tan\u0131mlad\u0131\u011f\u0131 \u2018utan\u00e7, tecrit, ku\u015fku, alay\u2019\u0131n geni\u015f \u00e7apl\u0131 sorgulanmas\u0131 i\u00e7in arac\u0131 g\u00f6revi g\u00f6r\u00fcyor.&#8221; New York Times<\/p>\n","protected":false},"excerpt":{"rendered":"<p>Ne utan\u00e7 ne de \u015fiddet; bundan b\u00f6yle hi\u00e7bir \u015fey \u201caram\u0131zda\u201d kalmayacak!Grafik anlat\u0131lar\u0131nda engellilik, psikoz, politik aktivizm ve cinsel \u015fiddet konular\u0131n\u0131 i\u015fleyen sanat\u00e7\u0131 ve akademisyen Una\u2019n\u0131n imzas\u0131n\u0131<span class=\"excerpt-hellip\"> [\u2026]<\/span><\/p>\n","protected":false},"featured_media":0,"template":"","meta":{"_monsterinsights_skip_tracking":false,"_monsterinsights_sitenote_active":false,"_monsterinsights_sitenote_note":"","_monsterinsights_sitenote_category":0},"product_brand":[],"product_cat":[17502,13488],"product_tag":[],"class_list":{"0":"post-719990","1":"product","2":"type-product","3":"status-publish","5":"product_cat-cinsellik","6":"product_cat-toplum-ve-insan","7":"pa_cilt-ciltsiz","8":"pa_tur-kitap","9":"pa_yayinevi-desen-yayinlari","10":"pa_yazar-kolektif","12":"first","13":"instock","14":"sale","15":"shipping-taxable","16":"purchasable","17":"product-type-simple"},"_links":{"self":[{"href":"https:\/\/roveyayinevi.com.tr\/index.php\/wp-json\/wp\/v2\/product\/719990","targetHints":{"allow":["GET"]}}],"collection":[{"href":"https:\/\/roveyayinevi.com.tr\/index.php\/wp-json\/wp\/v2\/product"}],"about":[{"href":"https:\/\/roveyayinevi.com.tr\/index.php\/wp-json\/wp\/v2\/types\/product"}],"wp:attachment":[{"href":"https:\/\/roveyayinevi.com.tr\/index.php\/wp-json\/wp\/v2\/media?parent=719990"}],"wp:term":[{"taxonomy":"product_brand","embeddable":true,"href":"https:\/\/roveyayinevi.com.tr\/index.php\/wp-json\/wp\/v2\/product_brand?post=719990"},{"taxonomy":"product_cat","embeddable":true,"href":"https:\/\/roveyayinevi.com.tr\/index.php\/wp-json\/wp\/v2\/product_cat?post=719990"},{"taxonomy":"product_tag","embeddable":true,"href":"https:\/\/roveyayinevi.com.tr\/index.php\/wp-json\/wp\/v2\/product_tag?post=719990"}],"curies":[{"name":"wp","href":"https:\/\/api.w.org\/{rel}","templated":true}]}}