{"id":719989,"date":"2025-08-27T18:29:56","date_gmt":"2025-08-27T15:29:56","guid":{"rendered":"https:\/\/roveyayinevi.com.tr\/index.php\/urun\/kuyucakli-yusuf-15\/"},"modified":"2026-04-16T02:27:58","modified_gmt":"2026-04-15T23:27:58","slug":"kuyucakli-yusuf-15","status":"publish","type":"product","link":"https:\/\/roveyayinevi.com.tr\/index.php\/urun\/kuyucakli-yusuf-15\/","title":{"rendered":"Kuyucakl\u0131 Yusuf"},"content":{"rendered":"<p>\u201cH\u00e2lbuki Muazzez\u2019e kar\u015f\u0131 olan hisleri b\u00fcsb\u00fct\u00fcn ba\u015fkayd\u0131. Onu hari\u00e7te bir mevcut, yabanc\u0131 ve ba\u015fka bir insan olarak d\u00fc\u015f\u00fcnm\u00fcyor, kendinin bir par\u00e7as\u0131; kolu, g\u00f6z\u00fc ve y\u00fcre\u011fi olarak tasavvur ediyordu. Burada be\u011fenmek veya be\u011fenmemek, sevmek veya sevmemek, hayran olmak veya k\u00fc\u00e7\u00fck g\u00f6rmek bahis mevzuu olamazd\u0131; \u00e7\u00fcnk\u00fc b\u00f6yle \u015feyleri bir kere bile kafas\u0131ndan ge\u00e7irmi\u015f de\u011fildi. Muazzez\u2019e dair i\u00e7inde uyanan ve \u015fuuruna varan his, onun kendisinden kopar\u0131lmas\u0131 ihtimaline kar\u015f\u0131 duydu\u011fu m\u00fcthi\u015f bir ac\u0131 oldu.  Fakat \u015fimdi birbiri arkas\u0131ndan yuvarlan\u0131p gelen ve \u00f6n\u00fcne ge\u00e7ilmez bir \u015fekilde inki\u015faf eden bir hadiseler zinciri ona en umulmayacak \u015feyi yapt\u0131rmak istiyordu. Yusuf, kendisini i\u00e7ten i\u00e7e kaynatan b\u00fct\u00fcn isyan hamlelerine ra\u011fmen boyun e\u011fece\u011fini, bilgisinin ve kuvvetinin ona yard\u0131m etmeyece\u011fini biliyordu.\u201d   Sabahattin Ali Kuyucakl\u0131 Yusuf\u2019ta, ailesi e\u015fk\u0131yalar taraf\u0131ndan \u00f6ld\u00fcr\u00fclen Yusuf\u2019un \u00f6yk\u00fcs\u00fcn\u00fc anlat\u0131rken toplumun bireyin \u00f6n\u00fcne dikti\u011fi engelleri g\u00f6zler \u00f6n\u00fcne serer. <\/p>\n","protected":false},"excerpt":{"rendered":"<p>\u201cH\u00e2lbuki Muazzez\u2019e kar\u015f\u0131 olan hisleri b\u00fcsb\u00fct\u00fcn ba\u015fkayd\u0131. Onu hari\u00e7te bir mevcut, yabanc\u0131 ve ba\u015fka bir insan olarak d\u00fc\u015f\u00fcnm\u00fcyor, kendinin bir par\u00e7as\u0131; kolu, g\u00f6z\u00fc ve y\u00fcre\u011fi olarak<span class=\"excerpt-hellip\"> [\u2026]<\/span><\/p>\n","protected":false},"featured_media":0,"template":"","meta":{"_monsterinsights_skip_tracking":false,"_monsterinsights_sitenote_active":false,"_monsterinsights_sitenote_note":"","_monsterinsights_sitenote_category":0},"product_brand":[],"product_cat":[12291,12711],"product_tag":[],"class_list":{"0":"post-719989","1":"product","2":"type-product","3":"status-publish","5":"product_cat-edebiyat","6":"product_cat-roman-oyku","7":"pa_cilt-ciltsiz","8":"pa_tur-kitap","9":"pa_yayinevi-cinar-yayinlari","10":"pa_yazar-sabahattin-ali","12":"first","13":"instock","14":"sale","15":"shipping-taxable","16":"purchasable","17":"product-type-simple"},"_links":{"self":[{"href":"https:\/\/roveyayinevi.com.tr\/index.php\/wp-json\/wp\/v2\/product\/719989","targetHints":{"allow":["GET"]}}],"collection":[{"href":"https:\/\/roveyayinevi.com.tr\/index.php\/wp-json\/wp\/v2\/product"}],"about":[{"href":"https:\/\/roveyayinevi.com.tr\/index.php\/wp-json\/wp\/v2\/types\/product"}],"wp:attachment":[{"href":"https:\/\/roveyayinevi.com.tr\/index.php\/wp-json\/wp\/v2\/media?parent=719989"}],"wp:term":[{"taxonomy":"product_brand","embeddable":true,"href":"https:\/\/roveyayinevi.com.tr\/index.php\/wp-json\/wp\/v2\/product_brand?post=719989"},{"taxonomy":"product_cat","embeddable":true,"href":"https:\/\/roveyayinevi.com.tr\/index.php\/wp-json\/wp\/v2\/product_cat?post=719989"},{"taxonomy":"product_tag","embeddable":true,"href":"https:\/\/roveyayinevi.com.tr\/index.php\/wp-json\/wp\/v2\/product_tag?post=719989"}],"curies":[{"name":"wp","href":"https:\/\/api.w.org\/{rel}","templated":true}]}}