{"id":719988,"date":"2025-08-27T18:29:55","date_gmt":"2025-08-27T15:29:55","guid":{"rendered":"https:\/\/roveyayinevi.com.tr\/index.php\/urun\/icimizdeki-seytan-13\/"},"modified":"2026-04-16T02:27:57","modified_gmt":"2026-04-15T23:27:57","slug":"icimizdeki-seytan-13","status":"publish","type":"product","link":"https:\/\/roveyayinevi.com.tr\/index.php\/urun\/icimizdeki-seytan-13\/","title":{"rendered":"\u0130\u00e7imizdeki \u015eeytan"},"content":{"rendered":"<p>\u201cMesela herhangi bir g\u00fcn m\u00fcthi\u015f bir i\u00e7 s\u0131k\u0131nt\u0131s\u0131 seni bo\u011far. Hayat sana karanl\u0131k, manas\u0131z gelir. \u0130nsan, biraz evvel senin z\u0131rvalad\u0131\u011f\u0131n gibi felsefeler yapmaya ba\u015flar. Hatta yava\u015f yava\u015f onu da yapamaz ve can\u0131 a\u011fz\u0131n\u0131 a\u00e7may\u0131 bile istemez. Hi\u00e7bir insan\u0131n, hi\u00e7bir e\u011flencenin seni canland\u0131ramayaca\u011f\u0131n\u0131 san\u0131rs\u0131n. Hava s\u0131k\u0131c\u0131 ve manas\u0131zd\u0131r. Ya fazla s\u0131cak, ya fazla so\u011fuk, ya fazla ya\u011fmurludur. Gelip ge\u00e7enler surat\u0131na s*lak s*lak bakarlar ve on para etmez i\u015flerin pe\u015finde, bir tutam otun arkas\u0131ndan ko\u015fan ke\u00e7iler gibi dilleri bir kar\u0131\u015f d\u0131\u015far\u0131 f\u0131rlayarak dola\u015f\u0131rlar. Akl\u0131n\u0131 ba\u015f\u0131na derleyip bu pis ruh haletini tahlil etmek istersin. \u0130nsan ruhunun \u00e7\u00f6z\u00fclmez d\u00fc\u011f\u00fcmleri bir muamma gibi \u00f6n\u00fcne serilir. Kitaplarda okudu\u011fun depresyon kelimesine bir cankurtaran simidi gibi sar\u0131l\u0131rs\u0131n. \u00c7\u00fcnk\u00fc nedense hepimizde, maddi olsun manevi olsun, b\u00fct\u00fcn dertlerimize bir isim takmak merak\u0131 vard\u0131r, bunu yapamazsak b\u00fcsb\u00fct\u00fcn \u00e7\u0131lg\u0131na d\u00f6neriz.\u201d <\/p>\n","protected":false},"excerpt":{"rendered":"<p>\u201cMesela herhangi bir g\u00fcn m\u00fcthi\u015f bir i\u00e7 s\u0131k\u0131nt\u0131s\u0131 seni bo\u011far. Hayat sana karanl\u0131k, manas\u0131z gelir. \u0130nsan, biraz evvel senin z\u0131rvalad\u0131\u011f\u0131n gibi felsefeler yapmaya ba\u015flar. Hatta yava\u015f<span class=\"excerpt-hellip\"> [\u2026]<\/span><\/p>\n","protected":false},"featured_media":0,"template":"","meta":{"_monsterinsights_skip_tracking":false,"_monsterinsights_sitenote_active":false,"_monsterinsights_sitenote_note":"","_monsterinsights_sitenote_category":0},"product_brand":[],"product_cat":[12291,12711],"product_tag":[],"class_list":{"0":"post-719988","1":"product","2":"type-product","3":"status-publish","5":"product_cat-edebiyat","6":"product_cat-roman-oyku","7":"pa_cilt-ciltsiz","8":"pa_tur-kitap","9":"pa_yayinevi-cinar-yayinlari","10":"pa_yazar-sabahattin-ali","12":"first","13":"instock","14":"sale","15":"shipping-taxable","16":"purchasable","17":"product-type-simple"},"_links":{"self":[{"href":"https:\/\/roveyayinevi.com.tr\/index.php\/wp-json\/wp\/v2\/product\/719988","targetHints":{"allow":["GET"]}}],"collection":[{"href":"https:\/\/roveyayinevi.com.tr\/index.php\/wp-json\/wp\/v2\/product"}],"about":[{"href":"https:\/\/roveyayinevi.com.tr\/index.php\/wp-json\/wp\/v2\/types\/product"}],"wp:attachment":[{"href":"https:\/\/roveyayinevi.com.tr\/index.php\/wp-json\/wp\/v2\/media?parent=719988"}],"wp:term":[{"taxonomy":"product_brand","embeddable":true,"href":"https:\/\/roveyayinevi.com.tr\/index.php\/wp-json\/wp\/v2\/product_brand?post=719988"},{"taxonomy":"product_cat","embeddable":true,"href":"https:\/\/roveyayinevi.com.tr\/index.php\/wp-json\/wp\/v2\/product_cat?post=719988"},{"taxonomy":"product_tag","embeddable":true,"href":"https:\/\/roveyayinevi.com.tr\/index.php\/wp-json\/wp\/v2\/product_tag?post=719988"}],"curies":[{"name":"wp","href":"https:\/\/api.w.org\/{rel}","templated":true}]}}