{"id":719986,"date":"2025-08-27T18:29:54","date_gmt":"2025-08-27T15:29:54","guid":{"rendered":"https:\/\/roveyayinevi.com.tr\/index.php\/urun\/dalgalar-3\/"},"modified":"2026-04-16T02:27:57","modified_gmt":"2026-04-15T23:27:57","slug":"dalgalar-3","status":"publish","type":"product","link":"https:\/\/roveyayinevi.com.tr\/index.php\/urun\/dalgalar-3\/","title":{"rendered":"Dalgalar"},"content":{"rendered":"<p>Yirminci y\u00fczy\u0131l yaz\u0131n\u0131nda kendine \u00f6zg\u00fc \u00fcslubu ve \u015fiirsel anlat\u0131m\u0131yla \u00f6ne \u00e7\u0131kan Dalgalar, bir\u00e7ok ele\u015ftirmen taraf\u0131ndan Virginia Woolf\u2019un \u015faheseri olarak kabul edilir. Bu eser, ortak kay\u0131plar\u0131n\u0131n etraf\u0131nda bir araya gelen alt\u0131 arkada\u015f\u0131 \u00e7ocukluklar\u0131ndan \u00f6l\u00fcm vaktine kadar ele almaktad\u0131r. Woolf, bu alt\u0131 karakterin ac\u0131lar\u0131n\u0131 d\u0131\u015f d\u00fcnyaya yans\u0131tt\u0131klar\u0131 \u015fekilde betimlemektense, onlar\u0131n i\u00e7 d\u00fcnyalar\u0131na yolculuk yaparak d\u00fc\u015f\u00fcnceleri ve i\u00e7sel monologlar\u0131 yard\u0131m\u0131yla okura sunar. Karakterler geli\u015fip do\u011fay\u0131 ve kanunlar\u0131n\u0131 daha iyi anlad\u0131k\u00e7a, sesleri de daha uyumlu, adeta mucizevi bir \u015fekilde birbirine kar\u0131\u015f\u0131r. Bu da yaln\u0131zca bireylerin ka\u00e7\u0131n\u0131lmaz sonuna de\u011fil, ayn\u0131 zamanda ebedi ba\u011flant\u0131lar\u0131na i\u015faret eder.Virginia Woolf\u2019un kurguyla ilgili kuramlar\u0131n\u0131 uygulad\u0131\u011f\u0131 bu roman; \u015fa\u015f\u0131rt\u0131c\u0131 derecede g\u00fczel, g\u00f6rsel, deneysel ve \u015fiirsel bir r\u00fcyay\u0131 and\u0131ran, zaman\u0131n\u0131n fazlas\u0131yla \u00f6tesinde, aldat\u0131c\u0131 ve gizemli bir eser.<\/p>\n","protected":false},"excerpt":{"rendered":"<p>Yirminci y\u00fczy\u0131l yaz\u0131n\u0131nda kendine \u00f6zg\u00fc \u00fcslubu ve \u015fiirsel anlat\u0131m\u0131yla \u00f6ne \u00e7\u0131kan Dalgalar, bir\u00e7ok ele\u015ftirmen taraf\u0131ndan Virginia Woolf\u2019un \u015faheseri olarak kabul edilir. Bu eser, ortak kay\u0131plar\u0131n\u0131n etraf\u0131nda<span class=\"excerpt-hellip\"> [\u2026]<\/span><\/p>\n","protected":false},"featured_media":0,"template":"","meta":{"_monsterinsights_skip_tracking":false,"_monsterinsights_sitenote_active":false,"_monsterinsights_sitenote_note":"","_monsterinsights_sitenote_category":0},"product_brand":[],"product_cat":[12291,13872],"product_tag":[],"class_list":{"0":"post-719986","1":"product","2":"type-product","3":"status-publish","5":"product_cat-edebiyat","6":"product_cat-klasikler","7":"pa_cilt-ciltsiz","8":"pa_tur-kitap","9":"pa_yayinevi-indigo-kitap","10":"pa_yazar-virginia-woolf","12":"first","13":"instock","14":"sale","15":"shipping-taxable","16":"purchasable","17":"product-type-simple"},"_links":{"self":[{"href":"https:\/\/roveyayinevi.com.tr\/index.php\/wp-json\/wp\/v2\/product\/719986","targetHints":{"allow":["GET"]}}],"collection":[{"href":"https:\/\/roveyayinevi.com.tr\/index.php\/wp-json\/wp\/v2\/product"}],"about":[{"href":"https:\/\/roveyayinevi.com.tr\/index.php\/wp-json\/wp\/v2\/types\/product"}],"wp:attachment":[{"href":"https:\/\/roveyayinevi.com.tr\/index.php\/wp-json\/wp\/v2\/media?parent=719986"}],"wp:term":[{"taxonomy":"product_brand","embeddable":true,"href":"https:\/\/roveyayinevi.com.tr\/index.php\/wp-json\/wp\/v2\/product_brand?post=719986"},{"taxonomy":"product_cat","embeddable":true,"href":"https:\/\/roveyayinevi.com.tr\/index.php\/wp-json\/wp\/v2\/product_cat?post=719986"},{"taxonomy":"product_tag","embeddable":true,"href":"https:\/\/roveyayinevi.com.tr\/index.php\/wp-json\/wp\/v2\/product_tag?post=719986"}],"curies":[{"name":"wp","href":"https:\/\/api.w.org\/{rel}","templated":true}]}}