{"id":719984,"date":"2025-08-27T18:29:52","date_gmt":"2025-08-27T15:29:52","guid":{"rendered":"https:\/\/roveyayinevi.com.tr\/index.php\/urun\/hz-hud\/"},"modified":"2026-04-16T02:27:57","modified_gmt":"2026-04-15T23:27:57","slug":"hz-hud","status":"publish","type":"product","link":"https:\/\/roveyayinevi.com.tr\/index.php\/urun\/hz-hud\/","title":{"rendered":"Hz. H\u00fcd"},"content":{"rendered":"<p>\u201cHi\u00e7bir canl\u0131 yoktur ki Allah onun aln\u0131ndan tutmu\u015f olmas\u0131n. Benim Rabb\u2019im ku\u015fkusuz s\u0131r\u00e2t-\u0131 m\u00fcstak\u00eem \u00fczeredir.\u201d (H\u00fbd, 56)Bu fassta \u0130bn\u00fc\u2019l-Arab\u00ee Hazretleri, H\u00fbd kelimesini ahadiyet ismi ile a\u00e7\u0131kl\u0131yor. Ahadiyet, Allah\u2019\u0131n z\u00e2t\u0131n\u0131n \u201c\u0130stedim ki bilineyim\u201d had\u00ees-i kuds\u00eesiyle ortaya \u00e7\u0131kan ilmidir ki bunu ak\u0131lla bilmeye de\u011fil, g\u00f6n\u00fclle hissetmeye izin verilmi\u015ftir.Ahadiyet \u00fc\u00e7 mertebe \u00fczerinden anlat\u0131l\u0131yor. Birincisi z\u00e2t\u0131n ahadiyetidir; Allah\u2019\u0131n z\u00e2t\u0131nda hi\u00e7bir b\u00f6l\u00fcnme olamayaca\u011f\u0131n\u0131, O\u2019nun Tek ve Bir oldu\u011funu a\u00e7\u0131klar. \u0130kincisi isimlerin ve s\u0131fatlar\u0131n ahadiyetidir; b\u00fct\u00fcn isim ve s\u0131fatlar zat i\u00e7inde birdir. Sadece akl\u00ee y\u00f6nden bu isim ve s\u0131fatlar farkl\u0131 gibi g\u00f6z\u00fck\u00fcr. \u00dc\u00e7\u00fcnc\u00fcs\u00fc, herkesin fiili kendindeki Allah tecell\u00eesinin neticesidir (isminin neticesidir). S\u0131r\u00e2t-\u0131 m\u00fcstak\u00eem, herkesin kendi ismine do\u011fru ald\u0131\u011f\u0131 yoldur.Herkes kendi hak\u00eekatine do\u011fru \u00e7ekildi\u011fi ve kendi isminin y\u00f6n\u00fcnde gitti\u011fi i\u00e7in Rabbinin tesiri ile ahadiyete do\u011fru y\u00f6nelir.<\/p>\n","protected":false},"excerpt":{"rendered":"<p>\u201cHi\u00e7bir canl\u0131 yoktur ki Allah onun aln\u0131ndan tutmu\u015f olmas\u0131n. Benim Rabb\u2019im ku\u015fkusuz s\u0131r\u00e2t-\u0131 m\u00fcstak\u00eem \u00fczeredir.\u201d (H\u00fbd, 56)Bu fassta \u0130bn\u00fc\u2019l-Arab\u00ee Hazretleri, H\u00fbd kelimesini ahadiyet ismi ile a\u00e7\u0131kl\u0131yor.<span class=\"excerpt-hellip\"> [\u2026]<\/span><\/p>\n","protected":false},"featured_media":0,"template":"","meta":{"_monsterinsights_skip_tracking":false,"_monsterinsights_sitenote_active":false,"_monsterinsights_sitenote_note":"","_monsterinsights_sitenote_category":0},"product_brand":[],"product_cat":[13036,12718,12719],"product_tag":[],"class_list":{"0":"post-719984","1":"product","2":"type-product","3":"status-publish","5":"product_cat-arastirma-inceleme-islam","6":"product_cat-din","7":"product_cat-islam","8":"pa_cilt-ciltsiz","9":"pa_tur-kitap","10":"pa_yayinevi-nefes-yayincilik","11":"pa_yazar-cemalnur-sargut","13":"first","14":"instock","15":"sale","16":"shipping-taxable","17":"purchasable","18":"product-type-simple"},"_links":{"self":[{"href":"https:\/\/roveyayinevi.com.tr\/index.php\/wp-json\/wp\/v2\/product\/719984","targetHints":{"allow":["GET"]}}],"collection":[{"href":"https:\/\/roveyayinevi.com.tr\/index.php\/wp-json\/wp\/v2\/product"}],"about":[{"href":"https:\/\/roveyayinevi.com.tr\/index.php\/wp-json\/wp\/v2\/types\/product"}],"wp:attachment":[{"href":"https:\/\/roveyayinevi.com.tr\/index.php\/wp-json\/wp\/v2\/media?parent=719984"}],"wp:term":[{"taxonomy":"product_brand","embeddable":true,"href":"https:\/\/roveyayinevi.com.tr\/index.php\/wp-json\/wp\/v2\/product_brand?post=719984"},{"taxonomy":"product_cat","embeddable":true,"href":"https:\/\/roveyayinevi.com.tr\/index.php\/wp-json\/wp\/v2\/product_cat?post=719984"},{"taxonomy":"product_tag","embeddable":true,"href":"https:\/\/roveyayinevi.com.tr\/index.php\/wp-json\/wp\/v2\/product_tag?post=719984"}],"curies":[{"name":"wp","href":"https:\/\/api.w.org\/{rel}","templated":true}]}}