{"id":719983,"date":"2025-08-27T18:29:52","date_gmt":"2025-08-27T15:29:52","guid":{"rendered":"https:\/\/roveyayinevi.com.tr\/index.php\/urun\/her-sey-bktan\/"},"modified":"2026-04-08T02:35:09","modified_gmt":"2026-04-07T23:35:09","slug":"her-sey-bktan","status":"publish","type":"product","link":"https:\/\/roveyayinevi.com.tr\/index.php\/urun\/her-sey-bktan\/","title":{"rendered":"Her \u015eey B*ktan"},"content":{"rendered":"<p>Uluslararas\u0131 mega \u00e7ok satan Ustal\u0131k Gerektiren Kafaya Takmama Sanat\u0131\u2019n\u0131n yazar\u0131ndan umut hakk\u0131nda sezgilere ters d\u00fc\u015fen bir kitap.\u0130lgin\u00e7 zamanlar ya\u015f\u0131yoruz. Maddi olarak her \u015fey daha \u00f6nce hi\u00e7 olmad\u0131\u011f\u0131 kadar iyi, ama bir \u015fekilde her \u015fey korkun\u00e7 bir durumda b*ktan g\u00f6r\u00fcn\u00fcyor. Neler oluyor?Manson Her \u015eey B*ktan\u2019\u0131 yazarken da\u011flarca psikolojik ara\u015ft\u0131rmay\u0131 inceledi ve Platon\u2019dan Tom Waits\u2019e kadar zaman\u0131 a\u015fan filozoflar\u0131n bilgeli\u011fine ba\u015fvurarak paray\u0131, e\u011flenceyi, politikay\u0131 ve interneti mercek alt\u0131na ald\u0131. Kendimize kar\u015f\u0131 daha d\u00fcr\u00fcst olmam\u0131z i\u00e7in bizlere meydan okudu; a\u00e7\u0131k\u00e7a inan\u00e7, mutluluk, \u00f6zg\u00fcrl\u00fck ve hatta umut tan\u0131mlar\u0131m\u0131z\u0131 sorgulad\u0131. D\u00fcnyan\u0131n en b\u00fcy\u00fck modern yazarlar\u0131ndan olan Manson\u2019un ikinci kitab\u0131 elinizdedir.\u201cTanr\u0131lar Pandora\u2019y\u0131 d\u00fcnyaya kavgalar \u00e7\u0131kmas\u0131 i\u00e7in yollad\u0131lar. Ama bir \u015fey daha yapt\u0131lar: Onu bir kutuyla yollad\u0131lar. G\u00fczel bir kutuydu; alt\u0131n kakmal\u0131 ve \u015f\u0131k, narin s\u00fcslemeleri vard\u0131. Pandora\u2019dan bunu bir erke\u011fe vermesini istediler, ama kutunun hi\u00e7 a\u00e7\u0131lmamas\u0131 gerekti\u011fi talimat\u0131n\u0131 verdiler. Biri kutuyu a\u00e7t\u0131 ve s\u00fcrpriz, s\u00fcrpriz; d\u00fcnyaya t\u00fcrl\u00fc k\u00f6t\u00fcl\u00fck sa\u00e7\u0131ld\u0131: \u00f6l\u00fcm, hastal\u0131klar, nefret ve haset. Art\u0131k insanlar birbirlerini \u00f6ld\u00fcr\u00fcyorlard\u0131.Sava\u015flar ba\u015flad\u0131. Krall\u0131klar ve rekabet ba\u015flad\u0131. K\u00f6lelik ak\u0131llar\u0131na geldi. \u0130mparatorlar birbirlerinin topraklar\u0131n\u0131 fethetmeye ba\u015flayarak binlerce insan\u0131 \u00f6ld\u00fcrd\u00fcler. Koca \u015fehirler in\u015fa edildi ve ard\u0131ndan y\u0131k\u0131ld\u0131. Kad\u0131nlara mallar\u0131 gibi davranmaya ba\u015flayarak aralar\u0131nda sanki birer e\u015fyaym\u0131\u015f gibi de\u011fi\u015f-toku\u015f ettiler ve ticaretini yapt\u0131lar. K\u0131sacas\u0131 insanlar insan olmaya ba\u015flad\u0131lar.Her \u015fey k\u00f6t\u00fc g\u00f6r\u00fcn\u00fcyordu, ama bu kutunun dibinde parlak ve g\u00fczel bir \u015fey kalm\u0131\u015ft\u0131.Umut.Pandora\u2019n\u0131n kutusu efsanesinin bir s\u00fcr\u00fc yorumu vard\u0131r; en bilineni tanr\u0131lar\u0131n bizi her t\u00fcrden k\u00f6t\u00fcl\u00fckle cezaland\u0131rmas\u0131d\u0131r, ama bu k\u00f6t\u00fcl\u00fcklere kar\u015f\u0131 bir panzehirle de donatt\u0131lar: umut. Hastal\u0131k yay\u0131labilir, ama tedavi de yay\u0131l\u0131r, \u00e7\u00fcnk\u00fc umut bula\u015f\u0131c\u0131d\u0131r. Daha iyi bir hayat\u0131 umut etmeyin. Sadece daha iyi bir hayat ya\u015fay\u0131n.Daha iyi olun.Daha \u015fefkatli, dayan\u0131kl\u0131, m\u00fctevaz\u0131, disiplinli.Daha iyi bir insan olun.Ve belki, \u015fansl\u0131ysak bir g\u00fcn insandan daha fazlas\u0131 olabiliriz.\u201d<\/p>\n","protected":false},"excerpt":{"rendered":"<p>Uluslararas\u0131 mega \u00e7ok satan Ustal\u0131k Gerektiren Kafaya Takmama Sanat\u0131\u2019n\u0131n yazar\u0131ndan umut hakk\u0131nda sezgilere ters d\u00fc\u015fen bir kitap.\u0130lgin\u00e7 zamanlar ya\u015f\u0131yoruz. Maddi olarak her \u015fey daha \u00f6nce hi\u00e7<span class=\"excerpt-hellip\"> [\u2026]<\/span><\/p>\n","protected":false},"featured_media":0,"template":"","meta":{"_monsterinsights_skip_tracking":false,"_monsterinsights_sitenote_active":false,"_monsterinsights_sitenote_note":"","_monsterinsights_sitenote_category":0},"product_brand":[],"product_cat":[12364,12376],"product_tag":[],"class_list":{"0":"post-719983","1":"product","2":"type-product","3":"status-publish","5":"product_cat-genel-konular","6":"product_cat-kisisel-gelisim","7":"pa_cilt-ciltsiz","8":"pa_tur-kitap","9":"pa_yayinevi-butik-yayinlari","10":"pa_yazar-mark-manson","12":"first","13":"instock","14":"sale","15":"shipping-taxable","16":"purchasable","17":"product-type-simple"},"_links":{"self":[{"href":"https:\/\/roveyayinevi.com.tr\/index.php\/wp-json\/wp\/v2\/product\/719983","targetHints":{"allow":["GET"]}}],"collection":[{"href":"https:\/\/roveyayinevi.com.tr\/index.php\/wp-json\/wp\/v2\/product"}],"about":[{"href":"https:\/\/roveyayinevi.com.tr\/index.php\/wp-json\/wp\/v2\/types\/product"}],"wp:attachment":[{"href":"https:\/\/roveyayinevi.com.tr\/index.php\/wp-json\/wp\/v2\/media?parent=719983"}],"wp:term":[{"taxonomy":"product_brand","embeddable":true,"href":"https:\/\/roveyayinevi.com.tr\/index.php\/wp-json\/wp\/v2\/product_brand?post=719983"},{"taxonomy":"product_cat","embeddable":true,"href":"https:\/\/roveyayinevi.com.tr\/index.php\/wp-json\/wp\/v2\/product_cat?post=719983"},{"taxonomy":"product_tag","embeddable":true,"href":"https:\/\/roveyayinevi.com.tr\/index.php\/wp-json\/wp\/v2\/product_tag?post=719983"}],"curies":[{"name":"wp","href":"https:\/\/api.w.org\/{rel}","templated":true}]}}