{"id":719982,"date":"2025-08-27T18:29:51","date_gmt":"2025-08-27T15:29:51","guid":{"rendered":"https:\/\/roveyayinevi.com.tr\/index.php\/urun\/beynimdeki-dusman\/"},"modified":"2026-04-16T02:27:57","modified_gmt":"2026-04-15T23:27:57","slug":"beynimdeki-dusman","status":"publish","type":"product","link":"https:\/\/roveyayinevi.com.tr\/index.php\/urun\/beynimdeki-dusman\/","title":{"rendered":"Beynimdeki D\u00fc\u015fman"},"content":{"rendered":"<p>Ba\u011f\u0131ml\u0131y\u0131m ben\u2026 Bu d\u00fc\u015fman beni, seni ve beni seven herkesi, her \u015feyi peri\u015fan etmek i\u00e7in ant i\u00e7mi\u015f. Hep istedi\u011fim zaman kurtulaca\u011f\u0131m\u0131 san\u0131yordum, oysa o sadece kendini yeniden hat\u0131rlatacak zaman\u0131 bekliyormu\u015f.Nedenlerim \u00e7oktu benim. \u00dczg\u00fcnd\u00fcm, sinirliydim, yorgundum\u2026Hakk\u0131m vard\u0131 i\u00e7meye\u2026 Hem ben ba\u011f\u0131ml\u0131 de\u011fildim ki. \u0130stedi\u011fim zamanb\u0131rakabilirdim. Oysa fark\u0131nda de\u011fildim ne ya\u015fad\u0131\u011f\u0131m\u0131n ne de ya\u015fatt\u0131klar\u0131m\u0131n. Nefsimi, kalbimi satm\u0131\u015f, t\u00fcm sevdiklerimi feda etmi\u015ftim maddeye.Sonunda kurtuldum, ar\u0131nd\u0131m.Yeni bir yolun yolcusuyum art\u0131k. Bu yolculukta ilk \u00f6\u011frendi\u011fim \u015fey ba\u011f\u0131ml\u0131l\u0131\u011f\u0131n bizim gibiler i\u00e7in hi\u00e7bir zaman ve hi\u00e7bir bi\u00e7imde ba\u011f\u0131\u015f\u0131kl\u0131k kazanamayaca\u011f\u0131m\u0131z bir hastal\u0131k oldu\u011fuydu.Bu kitab\u0131 hi\u00e7 uyumayan d\u00fc\u015fmanlar\u0131 ile nas\u0131l ba\u015f edebileceklerini bilmeyenlere yazd\u0131m. Umut \u0131\u015f\u0131\u011f\u0131na tutunup onu durdurabileceklerini bilsinler diye.Bir madde ba\u011f\u0131ml\u0131s\u0131n\u0131n otobiyografisi Beynimdeki D\u00fc\u015fman\u2026 Her bir sat\u0131r\u0131nda ger\u00e7ek hayat\u0131, her bir sayfas\u0131nda tan\u0131d\u0131\u011f\u0131m\u0131z\u0131 sand\u0131\u011f\u0131m\u0131z oysa yabanc\u0131 oldu\u011fumuz bir d\u00fcnyay\u0131 t\u00fcm a\u00e7\u0131kl\u0131\u011f\u0131yla y\u00fcz\u00fcm\u00fcze \u00e7arp\u0131yor.<\/p>\n","protected":false},"excerpt":{"rendered":"<p>Ba\u011f\u0131ml\u0131y\u0131m ben\u2026 Bu d\u00fc\u015fman beni, seni ve beni seven herkesi, her \u015feyi peri\u015fan etmek i\u00e7in ant i\u00e7mi\u015f. Hep istedi\u011fim zaman kurtulaca\u011f\u0131m\u0131 san\u0131yordum, oysa o sadece kendini<span class=\"excerpt-hellip\"> [\u2026]<\/span><\/p>\n","protected":false},"featured_media":0,"template":"","meta":{"_monsterinsights_skip_tracking":false,"_monsterinsights_sitenote_active":false,"_monsterinsights_sitenote_note":"","_monsterinsights_sitenote_category":0},"product_brand":[],"product_cat":[14009,12291],"product_tag":[],"class_list":{"0":"post-719982","1":"product","2":"type-product","3":"status-publish","5":"product_cat-biyografi-otobiyografi-edebiyat","6":"product_cat-edebiyat","7":"pa_cilt-ciltsiz","8":"pa_tur-kitap","9":"pa_yayinevi-ideal-kultur-yayincilik","10":"pa_yazar-yucel-kuran","12":"first","13":"instock","14":"sale","15":"shipping-taxable","16":"purchasable","17":"product-type-simple"},"_links":{"self":[{"href":"https:\/\/roveyayinevi.com.tr\/index.php\/wp-json\/wp\/v2\/product\/719982","targetHints":{"allow":["GET"]}}],"collection":[{"href":"https:\/\/roveyayinevi.com.tr\/index.php\/wp-json\/wp\/v2\/product"}],"about":[{"href":"https:\/\/roveyayinevi.com.tr\/index.php\/wp-json\/wp\/v2\/types\/product"}],"wp:attachment":[{"href":"https:\/\/roveyayinevi.com.tr\/index.php\/wp-json\/wp\/v2\/media?parent=719982"}],"wp:term":[{"taxonomy":"product_brand","embeddable":true,"href":"https:\/\/roveyayinevi.com.tr\/index.php\/wp-json\/wp\/v2\/product_brand?post=719982"},{"taxonomy":"product_cat","embeddable":true,"href":"https:\/\/roveyayinevi.com.tr\/index.php\/wp-json\/wp\/v2\/product_cat?post=719982"},{"taxonomy":"product_tag","embeddable":true,"href":"https:\/\/roveyayinevi.com.tr\/index.php\/wp-json\/wp\/v2\/product_tag?post=719982"}],"curies":[{"name":"wp","href":"https:\/\/api.w.org\/{rel}","templated":true}]}}