{"id":719975,"date":"2025-08-27T18:29:46","date_gmt":"2025-08-27T15:29:46","guid":{"rendered":"https:\/\/roveyayinevi.com.tr\/index.php\/urun\/isletme-finans\/"},"modified":"2026-04-16T02:27:57","modified_gmt":"2026-04-15T23:27:57","slug":"isletme-finans","status":"publish","type":"product","link":"https:\/\/roveyayinevi.com.tr\/index.php\/urun\/isletme-finans\/","title":{"rendered":"\u0130\u015fletme Finans"},"content":{"rendered":"<p>Finansal Tablolar ve Nakit Ak\u0131mlar\u0131Finansal AnalizFinansal PlanlamaFinansman Kararlar\u0131Yat\u0131r\u0131m Kararlar\u0131Kar Pay\u0131 Da\u011f\u0131t\u0131m Kararlar\u0131<\/p>\n","protected":false},"excerpt":{"rendered":"<p>Finansal Tablolar ve Nakit Ak\u0131mlar\u0131Finansal AnalizFinansal PlanlamaFinansman Kararlar\u0131Yat\u0131r\u0131m Kararlar\u0131Kar Pay\u0131 Da\u011f\u0131t\u0131m Kararlar\u0131<\/p>\n","protected":false},"featured_media":0,"template":"","meta":{"_monsterinsights_skip_tracking":false,"_monsterinsights_sitenote_active":false,"_monsterinsights_sitenote_note":"","_monsterinsights_sitenote_category":0},"product_brand":[],"product_cat":[13043,14381],"product_tag":[],"class_list":{"0":"post-719975","1":"product","2":"type-product","3":"status-publish","5":"product_cat-ekonomi","6":"product_cat-isletme-muhasebe-maliye","7":"pa_cilt-ciltsiz","8":"pa_tur-kitap","9":"pa_yayinevi-gazi-kitabevi","10":"pa_yazar-suleyman-gokhan-gunay","12":"first","13":"instock","14":"sale","15":"shipping-taxable","16":"purchasable","17":"product-type-simple"},"_links":{"self":[{"href":"https:\/\/roveyayinevi.com.tr\/index.php\/wp-json\/wp\/v2\/product\/719975","targetHints":{"allow":["GET"]}}],"collection":[{"href":"https:\/\/roveyayinevi.com.tr\/index.php\/wp-json\/wp\/v2\/product"}],"about":[{"href":"https:\/\/roveyayinevi.com.tr\/index.php\/wp-json\/wp\/v2\/types\/product"}],"wp:attachment":[{"href":"https:\/\/roveyayinevi.com.tr\/index.php\/wp-json\/wp\/v2\/media?parent=719975"}],"wp:term":[{"taxonomy":"product_brand","embeddable":true,"href":"https:\/\/roveyayinevi.com.tr\/index.php\/wp-json\/wp\/v2\/product_brand?post=719975"},{"taxonomy":"product_cat","embeddable":true,"href":"https:\/\/roveyayinevi.com.tr\/index.php\/wp-json\/wp\/v2\/product_cat?post=719975"},{"taxonomy":"product_tag","embeddable":true,"href":"https:\/\/roveyayinevi.com.tr\/index.php\/wp-json\/wp\/v2\/product_tag?post=719975"}],"curies":[{"name":"wp","href":"https:\/\/api.w.org\/{rel}","templated":true}]}}