{"id":719973,"date":"2025-08-27T18:29:45","date_gmt":"2025-08-27T15:29:45","guid":{"rendered":"https:\/\/roveyayinevi.com.tr\/index.php\/urun\/kamu-yonetimi-ve-kadincilt-1\/"},"modified":"2026-04-16T02:27:57","modified_gmt":"2026-04-15T23:27:57","slug":"kamu-yonetimi-ve-kadincilt-1","status":"publish","type":"product","link":"https:\/\/roveyayinevi.com.tr\/index.php\/urun\/kamu-yonetimi-ve-kadincilt-1\/","title":{"rendered":"Kamu Y\u00f6netimi ve Kad\u0131n(Cilt 1)"},"content":{"rendered":"<p>Akademi ve Kad\u0131n E\u011fitim ve Kad\u0131n G\u00fcvenlik ve Kad\u0131n M\u00fclki \u0130dare ve Kad\u0131n Sa\u011fl\u0131k ve Kad\u0131n Yerel Y\u00f6netimler ve Kad\u0131n <\/p>\n","protected":false},"excerpt":{"rendered":"<p>Akademi ve Kad\u0131n E\u011fitim ve Kad\u0131n G\u00fcvenlik ve Kad\u0131n M\u00fclki \u0130dare ve Kad\u0131n Sa\u011fl\u0131k ve Kad\u0131n Yerel Y\u00f6netimler ve Kad\u0131n<\/p>\n","protected":false},"featured_media":0,"template":"","meta":{"_monsterinsights_skip_tracking":false,"_monsterinsights_sitenote_active":false,"_monsterinsights_sitenote_note":"","_monsterinsights_sitenote_category":0},"product_brand":[],"product_cat":[13043,17647],"product_tag":[],"class_list":{"0":"post-719973","1":"product","2":"type-product","3":"status-publish","5":"product_cat-ekonomi","6":"product_cat-is-dunyasi","7":"pa_cilt-ciltsiz","8":"pa_tur-kitap","9":"pa_yayinevi-gazi-kitabevi","10":"pa_yazar-kolektif","12":"first","13":"instock","14":"sale","15":"shipping-taxable","16":"purchasable","17":"product-type-simple"},"_links":{"self":[{"href":"https:\/\/roveyayinevi.com.tr\/index.php\/wp-json\/wp\/v2\/product\/719973","targetHints":{"allow":["GET"]}}],"collection":[{"href":"https:\/\/roveyayinevi.com.tr\/index.php\/wp-json\/wp\/v2\/product"}],"about":[{"href":"https:\/\/roveyayinevi.com.tr\/index.php\/wp-json\/wp\/v2\/types\/product"}],"wp:attachment":[{"href":"https:\/\/roveyayinevi.com.tr\/index.php\/wp-json\/wp\/v2\/media?parent=719973"}],"wp:term":[{"taxonomy":"product_brand","embeddable":true,"href":"https:\/\/roveyayinevi.com.tr\/index.php\/wp-json\/wp\/v2\/product_brand?post=719973"},{"taxonomy":"product_cat","embeddable":true,"href":"https:\/\/roveyayinevi.com.tr\/index.php\/wp-json\/wp\/v2\/product_cat?post=719973"},{"taxonomy":"product_tag","embeddable":true,"href":"https:\/\/roveyayinevi.com.tr\/index.php\/wp-json\/wp\/v2\/product_tag?post=719973"}],"curies":[{"name":"wp","href":"https:\/\/api.w.org\/{rel}","templated":true}]}}