{"id":719966,"date":"2025-08-27T18:29:40","date_gmt":"2025-08-27T15:29:40","guid":{"rendered":"https:\/\/roveyayinevi.com.tr\/index.php\/urun\/cesuryurek-ile-atestopu\/"},"modified":"2026-04-16T02:27:57","modified_gmt":"2026-04-15T23:27:57","slug":"cesuryurek-ile-atestopu","status":"publish","type":"product","link":"https:\/\/roveyayinevi.com.tr\/index.php\/urun\/cesuryurek-ile-atestopu\/","title":{"rendered":"Cesury\u00fcrek ile Ate\u015ftopu"},"content":{"rendered":"<p>K\u00fc\u00e7\u00fck bir \u015fatoda ya\u015fayan \u015e\u00f6valye Cesury\u00fcrek ile zar zor ate\u015f p\u00fcsk\u00fcrten ejderha Ate\u015ftopu, her g\u00fcn d\u00f6v\u00fc\u015ferek birbirlerini yenmeye \u00e7al\u0131\u015f\u0131rlard\u0131. Seneler ge\u00e7tik\u00e7e kavga etmekten s\u0131k\u0131lan bu ikilinin akl\u0131na bir g\u00fcn harika bir fikir geldi\u2026<\/p>\n","protected":false},"excerpt":{"rendered":"<p>K\u00fc\u00e7\u00fck bir \u015fatoda ya\u015fayan \u015e\u00f6valye Cesury\u00fcrek ile zar zor ate\u015f p\u00fcsk\u00fcrten ejderha Ate\u015ftopu, her g\u00fcn d\u00f6v\u00fc\u015ferek birbirlerini yenmeye \u00e7al\u0131\u015f\u0131rlard\u0131. Seneler ge\u00e7tik\u00e7e kavga etmekten s\u0131k\u0131lan bu ikilinin<span class=\"excerpt-hellip\"> [\u2026]<\/span><\/p>\n","protected":false},"featured_media":0,"template":"","meta":{"_monsterinsights_skip_tracking":false,"_monsterinsights_sitenote_active":false,"_monsterinsights_sitenote_note":"","_monsterinsights_sitenote_category":0},"product_brand":[],"product_cat":[12274,12284],"product_tag":[],"class_list":{"0":"post-719966","1":"product","2":"type-product","3":"status-publish","5":"product_cat-cocuk-ve-genclik-kitaplari","6":"product_cat-hikayeler","7":"pa_cilt-ciltsiz","8":"pa_tur-kitap","9":"pa_yayinevi-is-bankasi-kultur-yayinlari","10":"pa_yazar-martin-klein","12":"first","13":"instock","14":"sale","15":"shipping-taxable","16":"purchasable","17":"product-type-simple"},"_links":{"self":[{"href":"https:\/\/roveyayinevi.com.tr\/index.php\/wp-json\/wp\/v2\/product\/719966","targetHints":{"allow":["GET"]}}],"collection":[{"href":"https:\/\/roveyayinevi.com.tr\/index.php\/wp-json\/wp\/v2\/product"}],"about":[{"href":"https:\/\/roveyayinevi.com.tr\/index.php\/wp-json\/wp\/v2\/types\/product"}],"wp:attachment":[{"href":"https:\/\/roveyayinevi.com.tr\/index.php\/wp-json\/wp\/v2\/media?parent=719966"}],"wp:term":[{"taxonomy":"product_brand","embeddable":true,"href":"https:\/\/roveyayinevi.com.tr\/index.php\/wp-json\/wp\/v2\/product_brand?post=719966"},{"taxonomy":"product_cat","embeddable":true,"href":"https:\/\/roveyayinevi.com.tr\/index.php\/wp-json\/wp\/v2\/product_cat?post=719966"},{"taxonomy":"product_tag","embeddable":true,"href":"https:\/\/roveyayinevi.com.tr\/index.php\/wp-json\/wp\/v2\/product_tag?post=719966"}],"curies":[{"name":"wp","href":"https:\/\/api.w.org\/{rel}","templated":true}]}}