{"id":719965,"date":"2025-08-27T18:29:40","date_gmt":"2025-08-27T15:29:40","guid":{"rendered":"https:\/\/roveyayinevi.com.tr\/index.php\/urun\/elif-ile-deniz-kustu-mu\/"},"modified":"2026-04-16T02:27:57","modified_gmt":"2026-04-15T23:27:57","slug":"elif-ile-deniz-kustu-mu","status":"publish","type":"product","link":"https:\/\/roveyayinevi.com.tr\/index.php\/urun\/elif-ile-deniz-kustu-mu\/","title":{"rendered":"Elif ile Deniz K\u00fcst\u00fc m\u00fc?"},"content":{"rendered":"<p>Elif\u2019le Deniz birbirlerini \u00e7ok seven iki yak\u0131n arkada\u015ft\u0131. Bir g\u00fcn anaokulunda oyun oynarken kavgaya tutu\u015ftular ve birbirlerine k\u00fcst\u00fcler. Elif o g\u00fcnden sonra arkada\u015f\u0131n\u0131n eksikli\u011fini \u00e7ok hissetti ve onunla nas\u0131l bar\u0131\u015fabilece\u011fini d\u00fc\u015f\u00fcnd\u00fc\u2026<\/p>\n","protected":false},"excerpt":{"rendered":"<p>Elif\u2019le Deniz birbirlerini \u00e7ok seven iki yak\u0131n arkada\u015ft\u0131. Bir g\u00fcn anaokulunda oyun oynarken kavgaya tutu\u015ftular ve birbirlerine k\u00fcst\u00fcler. Elif o g\u00fcnden sonra arkada\u015f\u0131n\u0131n eksikli\u011fini \u00e7ok hissetti<span class=\"excerpt-hellip\"> [\u2026]<\/span><\/p>\n","protected":false},"featured_media":0,"template":"","meta":{"_monsterinsights_skip_tracking":false,"_monsterinsights_sitenote_active":false,"_monsterinsights_sitenote_note":"","_monsterinsights_sitenote_category":0},"product_brand":[],"product_cat":[12274,12284],"product_tag":[],"class_list":{"0":"post-719965","1":"product","2":"type-product","3":"status-publish","5":"product_cat-cocuk-ve-genclik-kitaplari","6":"product_cat-hikayeler","7":"pa_cilt-ciltsiz","8":"pa_tur-kitap","9":"pa_yayinevi-is-bankasi-kultur-yayinlari","10":"pa_yazar-liane-schneider","12":"first","13":"instock","14":"sale","15":"shipping-taxable","16":"purchasable","17":"product-type-simple"},"_links":{"self":[{"href":"https:\/\/roveyayinevi.com.tr\/index.php\/wp-json\/wp\/v2\/product\/719965","targetHints":{"allow":["GET"]}}],"collection":[{"href":"https:\/\/roveyayinevi.com.tr\/index.php\/wp-json\/wp\/v2\/product"}],"about":[{"href":"https:\/\/roveyayinevi.com.tr\/index.php\/wp-json\/wp\/v2\/types\/product"}],"wp:attachment":[{"href":"https:\/\/roveyayinevi.com.tr\/index.php\/wp-json\/wp\/v2\/media?parent=719965"}],"wp:term":[{"taxonomy":"product_brand","embeddable":true,"href":"https:\/\/roveyayinevi.com.tr\/index.php\/wp-json\/wp\/v2\/product_brand?post=719965"},{"taxonomy":"product_cat","embeddable":true,"href":"https:\/\/roveyayinevi.com.tr\/index.php\/wp-json\/wp\/v2\/product_cat?post=719965"},{"taxonomy":"product_tag","embeddable":true,"href":"https:\/\/roveyayinevi.com.tr\/index.php\/wp-json\/wp\/v2\/product_tag?post=719965"}],"curies":[{"name":"wp","href":"https:\/\/api.w.org\/{rel}","templated":true}]}}