{"id":719964,"date":"2025-08-27T18:29:39","date_gmt":"2025-08-27T15:29:39","guid":{"rendered":"https:\/\/roveyayinevi.com.tr\/index.php\/urun\/degnek-adam\/"},"modified":"2026-04-16T02:27:57","modified_gmt":"2026-04-15T23:27:57","slug":"degnek-adam","status":"publish","type":"product","link":"https:\/\/roveyayinevi.com.tr\/index.php\/urun\/degnek-adam\/","title":{"rendered":"De\u011fnek Adam"},"content":{"rendered":"<p>De\u011fnek Adam ailesiyle birlikte ormanda mutlu bir ya\u015fam s\u00fcr\u00fcyordu. Bir sabah biraz hava almak i\u00e7in d\u0131\u015far\u0131 \u00e7\u0131kt\u0131 ve ba\u015f\u0131na gelmeyen kalmad\u0131.De\u011fnek Adam \u00e7ocuklar\u0131n do\u011fa ve aile sevgisiyle ilgili d\u00fc\u015f\u00fcncelerini geli\u015ftirmek i\u00e7in yaz\u0131lm\u0131\u015f e\u011flenceli ve e\u011fitici bir \u00f6yk\u00fcd\u00fcr.<\/p>\n","protected":false},"excerpt":{"rendered":"<p>De\u011fnek Adam ailesiyle birlikte ormanda mutlu bir ya\u015fam s\u00fcr\u00fcyordu. Bir sabah biraz hava almak i\u00e7in d\u0131\u015far\u0131 \u00e7\u0131kt\u0131 ve ba\u015f\u0131na gelmeyen kalmad\u0131.De\u011fnek Adam \u00e7ocuklar\u0131n do\u011fa ve aile<span class=\"excerpt-hellip\"> [\u2026]<\/span><\/p>\n","protected":false},"featured_media":0,"template":"","meta":{"_monsterinsights_skip_tracking":false,"_monsterinsights_sitenote_active":false,"_monsterinsights_sitenote_note":"","_monsterinsights_sitenote_category":0},"product_brand":[],"product_cat":[12913,12274],"product_tag":[],"class_list":{"0":"post-719964","1":"product","2":"type-product","3":"status-publish","5":"product_cat-3-6-yas-kitaplari","6":"product_cat-cocuk-ve-genclik-kitaplari","7":"pa_cilt-ciltsiz","8":"pa_tur-kitap","9":"pa_yayinevi-is-bankasi-kultur-yayinlari","10":"pa_yazar-julia-donaldson","12":"first","13":"instock","14":"sale","15":"shipping-taxable","16":"purchasable","17":"product-type-simple"},"_links":{"self":[{"href":"https:\/\/roveyayinevi.com.tr\/index.php\/wp-json\/wp\/v2\/product\/719964","targetHints":{"allow":["GET"]}}],"collection":[{"href":"https:\/\/roveyayinevi.com.tr\/index.php\/wp-json\/wp\/v2\/product"}],"about":[{"href":"https:\/\/roveyayinevi.com.tr\/index.php\/wp-json\/wp\/v2\/types\/product"}],"wp:attachment":[{"href":"https:\/\/roveyayinevi.com.tr\/index.php\/wp-json\/wp\/v2\/media?parent=719964"}],"wp:term":[{"taxonomy":"product_brand","embeddable":true,"href":"https:\/\/roveyayinevi.com.tr\/index.php\/wp-json\/wp\/v2\/product_brand?post=719964"},{"taxonomy":"product_cat","embeddable":true,"href":"https:\/\/roveyayinevi.com.tr\/index.php\/wp-json\/wp\/v2\/product_cat?post=719964"},{"taxonomy":"product_tag","embeddable":true,"href":"https:\/\/roveyayinevi.com.tr\/index.php\/wp-json\/wp\/v2\/product_tag?post=719964"}],"curies":[{"name":"wp","href":"https:\/\/api.w.org\/{rel}","templated":true}]}}