{"id":719958,"date":"2025-08-27T18:29:35","date_gmt":"2025-08-27T15:29:35","guid":{"rendered":"https:\/\/roveyayinevi.com.tr\/index.php\/urun\/deniz-iscileri-ciltli\/"},"modified":"2026-04-08T02:35:08","modified_gmt":"2026-04-07T23:35:08","slug":"deniz-iscileri-ciltli","status":"publish","type":"product","link":"https:\/\/roveyayinevi.com.tr\/index.php\/urun\/deniz-iscileri-ciltli\/","title":{"rendered":"Deniz \u0130\u015f\u00e7ileri (Ciltli)"},"content":{"rendered":"<p>Victor Hugo (1802-1885): Frans\u0131z edebiyat\u0131n\u0131n gelmi\u015f ge\u00e7mi\u015f en b\u00fcy\u00fck yazarlar\u0131ndand\u0131r. \u015eiirleri, oyunlar\u0131 ve romanlar\u0131 ile tan\u0131n\u0131r. Romantizm ak\u0131m\u0131n\u0131n Fransa\u2019daki temsilcisidir. Edebiyat alan\u0131ndaki devasa ba\u015far\u0131lar\u0131n\u0131n yan\u0131nda politik hayatta da etkin bir rol \u00fcstlendi, bu nedenle s\u00fcrg\u00fcn cezas\u0131na \u00e7arpt\u0131r\u0131ld\u0131, cezas\u0131n\u0131 tamamlamas\u0131na ra\u011fmen \u0130mparatorluk y\u0131k\u0131lana dek Fransa\u2019ya d\u00f6nmedi. Yazar, ilk kez 1866\u2019da yay\u0131mlanan Deniz \u0130\u015f\u00e7ileri roman\u0131n\u0131, s\u00fcrg\u00fcn gitti\u011fi ve s\u00fcrg\u00fcn karar\u0131 iptal edildikten sonra da ayr\u0131lmay\u0131p 15 y\u0131l\u0131n\u0131 ge\u00e7irdi\u011fi Guernsey Adas\u0131\u2019na ve orada ya\u015fayan deniz i\u015f\u00e7ilerine ithaf etmi\u015ftir. Yazar bu eserle, ba\u015fta sevdi\u011fi kad\u0131na kavu\u015fabilmek i\u00e7in karaya oturmu\u015f bir gemiyi tek ba\u015f\u0131na kurtarmak zorunda kalan Guernseyli bir deniz i\u015f\u00e7isi olmak \u00fczere, t\u00fcm yoksul deniz i\u015f\u00e7ilerinin hayat m\u00fccadelesini hayranl\u0131k verici ve ayr\u0131nt\u0131l\u0131 tasvirlerle edebiyata ta\u015f\u0131m\u0131\u015f, onlar\u0131n m\u00fccadelelerini denizcili\u011fin ve denizin k\u00e2dim diliyle onurland\u0131rm\u0131\u015ft\u0131r. Yazar\u0131n Notre-Dame\u2019\u0131n Kamburu ile \u201cdin\u201d, Sefiller ile \u201ctoplum\u201d konular\u0131n\u0131 i\u015fledi\u011fi \u00fc\u00e7lemesinin, \u201cdo\u011fa\u201dy\u0131 ele alan \u00fc\u00e7\u00fcnc\u00fc ve son kitab\u0131 Deniz \u0130\u015f\u00e7ileri de, Gustave Dor\u00e9\u2019nin ill\u00fcstrasyonlar\u0131yla, Hasan \u00c2li Y\u00fccel Klasikler Dizisi\u2019nde okurlarla bulu\u015fuyor.<\/p>\n","protected":false},"excerpt":{"rendered":"<p>Victor Hugo (1802-1885): Frans\u0131z edebiyat\u0131n\u0131n gelmi\u015f ge\u00e7mi\u015f en b\u00fcy\u00fck yazarlar\u0131ndand\u0131r. \u015eiirleri, oyunlar\u0131 ve romanlar\u0131 ile tan\u0131n\u0131r. Romantizm ak\u0131m\u0131n\u0131n Fransa\u2019daki temsilcisidir. Edebiyat alan\u0131ndaki devasa ba\u015far\u0131lar\u0131n\u0131n yan\u0131nda politik<span class=\"excerpt-hellip\"> [\u2026]<\/span><\/p>\n","protected":false},"featured_media":0,"template":"","meta":{"_monsterinsights_skip_tracking":false,"_monsterinsights_sitenote_active":false,"_monsterinsights_sitenote_note":"","_monsterinsights_sitenote_category":0},"product_brand":[],"product_cat":[12291,12711],"product_tag":[],"class_list":{"0":"post-719958","1":"product","2":"type-product","3":"status-publish","5":"product_cat-edebiyat","6":"product_cat-roman-oyku","7":"pa_cilt-ciltli","8":"pa_tur-kitap","9":"pa_yayinevi-is-bankasi-kultur-yayinlari","10":"pa_yazar-victor-hugo","12":"first","13":"instock","14":"sale","15":"shipping-taxable","16":"purchasable","17":"product-type-simple"},"_links":{"self":[{"href":"https:\/\/roveyayinevi.com.tr\/index.php\/wp-json\/wp\/v2\/product\/719958","targetHints":{"allow":["GET"]}}],"collection":[{"href":"https:\/\/roveyayinevi.com.tr\/index.php\/wp-json\/wp\/v2\/product"}],"about":[{"href":"https:\/\/roveyayinevi.com.tr\/index.php\/wp-json\/wp\/v2\/types\/product"}],"wp:attachment":[{"href":"https:\/\/roveyayinevi.com.tr\/index.php\/wp-json\/wp\/v2\/media?parent=719958"}],"wp:term":[{"taxonomy":"product_brand","embeddable":true,"href":"https:\/\/roveyayinevi.com.tr\/index.php\/wp-json\/wp\/v2\/product_brand?post=719958"},{"taxonomy":"product_cat","embeddable":true,"href":"https:\/\/roveyayinevi.com.tr\/index.php\/wp-json\/wp\/v2\/product_cat?post=719958"},{"taxonomy":"product_tag","embeddable":true,"href":"https:\/\/roveyayinevi.com.tr\/index.php\/wp-json\/wp\/v2\/product_tag?post=719958"}],"curies":[{"name":"wp","href":"https:\/\/api.w.org\/{rel}","templated":true}]}}