{"id":719950,"date":"2025-08-27T18:29:29","date_gmt":"2025-08-27T15:29:29","guid":{"rendered":"https:\/\/roveyayinevi.com.tr\/index.php\/urun\/kucuk-bir-kiz-cocugunun-psikanalizle-tedavisinin-oykusu\/"},"modified":"2026-04-16T02:27:57","modified_gmt":"2026-04-15T23:27:57","slug":"kucuk-bir-kiz-cocugunun-psikanalizle-tedavisinin-oykusu","status":"publish","type":"product","link":"https:\/\/roveyayinevi.com.tr\/index.php\/urun\/kucuk-bir-kiz-cocugunun-psikanalizle-tedavisinin-oykusu\/","title":{"rendered":"K\u00fc\u00e7\u00fck Bir K\u0131z \u00c7ocu\u011funun Psikanalizle Tedavisinin \u00d6yk\u00fcs\u00fc"},"content":{"rendered":"<p>Piggle, psikanalist Donald W. Winnicott\u2019\u0131n iki ya\u015f\u0131ndan be\u015f ya\u015f\u0131na kadar g\u00f6rd\u00fc\u011f\u00fc \u00e7ocuk dan\u0131\u015fan\u0131 Gabrielle\u2019in takma ad\u0131. Bu kitap da Winnicott\u2019\u0131n d\u00fczenli olmayan, kendi ifadesiyle \u201ctalep \u00fczerine\u201d ger\u00e7ekle\u015fen psikanalitik g\u00f6r\u00fc\u015fmelerde ald\u0131\u011f\u0131 notlardan ve \u00e7ocu\u011fun anne babas\u0131yla mektupla\u015fmalar\u0131ndan olu\u015fuyor. Nesne ili\u015fkileri kuram\u0131n\u0131n ve \u00e7ocuk psikanalizinin \u00f6nde gelen temsilcisiyle,k\u0131z karde\u015fi do\u011fduktan sonra k\u00e2buslar g\u00f6rmeye ba\u015flayan k\u00fc\u00e7\u00fck hastas\u0131 aras\u0131ndaki aktar\u0131m ili\u015fkisinin kurulu\u015fu, \u00f6zg\u00fcl oyun tekni\u011finin uygulan\u0131\u015f\u0131 ve hastan\u0131n i\u00e7 d\u00fcnyas\u0131n\u0131n geli\u015fimi \u00fczerinden psikanalitik s\u00fcrecin i\u015fleyi\u015fini \u201ci\u00e7eriden\u201d g\u00f6steren benzersiz bir olgu \u00e7al\u0131\u015fmas\u0131 Piggle. <\/p>\n","protected":false},"excerpt":{"rendered":"<p>Piggle, psikanalist Donald W. Winnicott\u2019\u0131n iki ya\u015f\u0131ndan be\u015f ya\u015f\u0131na kadar g\u00f6rd\u00fc\u011f\u00fc \u00e7ocuk dan\u0131\u015fan\u0131 Gabrielle\u2019in takma ad\u0131. Bu kitap da Winnicott\u2019\u0131n d\u00fczenli olmayan, kendi ifadesiyle \u201ctalep \u00fczerine\u201d<span class=\"excerpt-hellip\"> [\u2026]<\/span><\/p>\n","protected":false},"featured_media":0,"template":"","meta":{"_monsterinsights_skip_tracking":false,"_monsterinsights_sitenote_active":false,"_monsterinsights_sitenote_note":"","_monsterinsights_sitenote_category":0},"product_brand":[],"product_cat":[12679,12357],"product_tag":[],"class_list":{"0":"post-719950","1":"product","2":"type-product","3":"status-publish","5":"product_cat-cocuk-psikolojisi","6":"product_cat-psikoloji","7":"pa_cilt-ciltsiz","8":"pa_tur-kitap","9":"pa_yayinevi-yapi-kredi-yayinlari","10":"pa_yazar-donald-w-winnicott","12":"first","13":"instock","14":"sale","15":"shipping-taxable","16":"purchasable","17":"product-type-simple"},"_links":{"self":[{"href":"https:\/\/roveyayinevi.com.tr\/index.php\/wp-json\/wp\/v2\/product\/719950","targetHints":{"allow":["GET"]}}],"collection":[{"href":"https:\/\/roveyayinevi.com.tr\/index.php\/wp-json\/wp\/v2\/product"}],"about":[{"href":"https:\/\/roveyayinevi.com.tr\/index.php\/wp-json\/wp\/v2\/types\/product"}],"wp:attachment":[{"href":"https:\/\/roveyayinevi.com.tr\/index.php\/wp-json\/wp\/v2\/media?parent=719950"}],"wp:term":[{"taxonomy":"product_brand","embeddable":true,"href":"https:\/\/roveyayinevi.com.tr\/index.php\/wp-json\/wp\/v2\/product_brand?post=719950"},{"taxonomy":"product_cat","embeddable":true,"href":"https:\/\/roveyayinevi.com.tr\/index.php\/wp-json\/wp\/v2\/product_cat?post=719950"},{"taxonomy":"product_tag","embeddable":true,"href":"https:\/\/roveyayinevi.com.tr\/index.php\/wp-json\/wp\/v2\/product_tag?post=719950"}],"curies":[{"name":"wp","href":"https:\/\/api.w.org\/{rel}","templated":true}]}}