{"id":719944,"date":"2025-08-27T18:29:25","date_gmt":"2025-08-27T15:29:25","guid":{"rendered":"https:\/\/roveyayinevi.com.tr\/index.php\/urun\/dedem-bir-japon-baligi\/"},"modified":"2025-11-19T17:31:17","modified_gmt":"2025-11-19T14:31:17","slug":"dedem-bir-japon-baligi","status":"publish","type":"product","link":"https:\/\/roveyayinevi.com.tr\/index.php\/urun\/dedem-bir-japon-baligi\/","title":{"rendered":"Dedem Bir Japon Bal\u0131\u011f\u0131"},"content":{"rendered":"<p>\u201cDu\u00fc\u015f\u00fcnsenize Einstein ya da dedem kendini unutsa bile onlar\u0131 kim unutabilir? Dedem beni tamamen unutmadan \u00f6nce onunla ya\u015fayaca\u011f\u0131m daha \u00e7ok \u015fey var!\u201dTan\u0131\u015ft\u0131\u011f\u0131n\u0131za pi\u015fman olmayaca\u011f\u0131n\u0131z biri&#8230; \u0130\u015fte kar\u015f\u0131n\u0131zda o\u011ful Mete, \u00f6\u011frenci Mete, torun Mete, \u00e7ocuk Mete.Mete, tam 10 y\u0131l 8 ay 25 g\u00fcn 3 saat 5 dakikal\u0131k hayat\u0131n\u0131n bahar\u0131nda, 1 metre 37 cm ve 33 kiloluk bir s\u00fcper kahraman. En \u00e7ok da dedesinin kahraman\u0131.Unutmak, hat\u0131rlamak ve aile olmak \u00fczerine kahkahal\u0131 bir roman. I\u015f\u0131l \u015eahin ve \u0130nci \u00d6zdemir, hayat bol hayalli ve oyunlu oldu\u011funda zorluklarla bile e\u011flenilebilece\u011fini g\u00f6steriyor.<\/p>\n","protected":false},"excerpt":{"rendered":"<p>\u201cDu\u00fc\u015f\u00fcnsenize Einstein ya da dedem kendini unutsa bile onlar\u0131 kim unutabilir? Dedem beni tamamen unutmadan \u00f6nce onunla ya\u015fayaca\u011f\u0131m daha \u00e7ok \u015fey var!\u201dTan\u0131\u015ft\u0131\u011f\u0131n\u0131za pi\u015fman olmayaca\u011f\u0131n\u0131z biri&#8230; \u0130\u015fte<span class=\"excerpt-hellip\"> [\u2026]<\/span><\/p>\n","protected":false},"featured_media":0,"template":"","meta":{"_monsterinsights_skip_tracking":false,"_monsterinsights_sitenote_active":false,"_monsterinsights_sitenote_note":"","_monsterinsights_sitenote_category":0},"product_brand":[],"product_cat":[12274,12284],"product_tag":[],"class_list":{"0":"post-719944","1":"product","2":"type-product","3":"status-publish","5":"product_cat-cocuk-ve-genclik-kitaplari","6":"product_cat-hikayeler","7":"pa_cilt-ciltsiz","8":"pa_tur-kitap","9":"pa_yayinevi-cinar-yayinlari","10":"pa_yazar-isil-sahin-inci-ozdemir","12":"first","13":"instock","14":"sale","15":"shipping-taxable","16":"purchasable","17":"product-type-simple"},"_links":{"self":[{"href":"https:\/\/roveyayinevi.com.tr\/index.php\/wp-json\/wp\/v2\/product\/719944","targetHints":{"allow":["GET"]}}],"collection":[{"href":"https:\/\/roveyayinevi.com.tr\/index.php\/wp-json\/wp\/v2\/product"}],"about":[{"href":"https:\/\/roveyayinevi.com.tr\/index.php\/wp-json\/wp\/v2\/types\/product"}],"wp:attachment":[{"href":"https:\/\/roveyayinevi.com.tr\/index.php\/wp-json\/wp\/v2\/media?parent=719944"}],"wp:term":[{"taxonomy":"product_brand","embeddable":true,"href":"https:\/\/roveyayinevi.com.tr\/index.php\/wp-json\/wp\/v2\/product_brand?post=719944"},{"taxonomy":"product_cat","embeddable":true,"href":"https:\/\/roveyayinevi.com.tr\/index.php\/wp-json\/wp\/v2\/product_cat?post=719944"},{"taxonomy":"product_tag","embeddable":true,"href":"https:\/\/roveyayinevi.com.tr\/index.php\/wp-json\/wp\/v2\/product_tag?post=719944"}],"curies":[{"name":"wp","href":"https:\/\/api.w.org\/{rel}","templated":true}]}}