{"id":719943,"date":"2025-08-27T18:29:25","date_gmt":"2025-08-27T15:29:25","guid":{"rendered":"https:\/\/roveyayinevi.com.tr\/index.php\/urun\/geber-askim\/"},"modified":"2026-01-22T02:49:04","modified_gmt":"2026-01-21T23:49:04","slug":"geber-askim","status":"publish","type":"product","link":"https:\/\/roveyayinevi.com.tr\/index.php\/urun\/geber-askim\/","title":{"rendered":"Geber A\u015fk\u0131m"},"content":{"rendered":"<p>Yeni anne olan bir kad\u0131n\u0131n cinnetin e\u015fi\u011finde gezinen bu karanl\u0131k \u00f6yk\u00fcs\u00fcnde, aile, evlilik, a\u015fk, annelik, kad\u0131nl\u0131k gibi kavramlar en tekinsiz halleriyle dikiliyor kar\u015f\u0131m\u0131za. Clarice Lispector ve Sylvia Plath\u2019\u0131n edebi izlerini takip eden yazar Ariana Harwicz, hem ele ald\u0131\u011f\u0131 konulara yakla\u015f\u0131m\u0131 hem de taviz vermeyen \u00fcslubuyla, kad\u0131n kahraman\u0131n\u0131n ruhunda, zihninde ve arzular\u0131n\u0131n korkutucu dehlizlerinde sorgulay\u0131c\u0131 bir yolculu\u011fa \u00e7\u0131kar\u0131yor bizi.Geber A\u015fk\u0131m, Mariana Enriquez ve Samanta Schweblin gibi \u00e7a\u011fda\u015f Arjantin edebiyat\u0131n\u0131n son d\u00f6nemine iz b\u0131rakan yazarlardan biri olan Harwicz\u2019in kaleminden, bir kad\u0131n\u0131n hayat\u0131n\u0131n k\u0131r\u0131lma anlar\u0131 hakk\u0131nda, b\u00fcy\u00fcleyen ve yaralayan bir roman. 2018 Uluslararas\u0131 Man Booker \u00d6d\u00fcl\u00fc Aday\u0131<\/p>\n","protected":false},"excerpt":{"rendered":"<p>Yeni anne olan bir kad\u0131n\u0131n cinnetin e\u015fi\u011finde gezinen bu karanl\u0131k \u00f6yk\u00fcs\u00fcnde, aile, evlilik, a\u015fk, annelik, kad\u0131nl\u0131k gibi kavramlar en tekinsiz halleriyle dikiliyor kar\u015f\u0131m\u0131za. Clarice Lispector ve<span class=\"excerpt-hellip\"> [\u2026]<\/span><\/p>\n","protected":false},"featured_media":0,"template":"","meta":{"_monsterinsights_skip_tracking":false,"_monsterinsights_sitenote_active":false,"_monsterinsights_sitenote_note":"","_monsterinsights_sitenote_category":0},"product_brand":[],"product_cat":[12291,12711],"product_tag":[],"class_list":{"0":"post-719943","1":"product","2":"type-product","3":"status-publish","5":"product_cat-edebiyat","6":"product_cat-roman-oyku","7":"pa_cilt-ciltsiz","8":"pa_tur-kitap","9":"pa_yayinevi-cinar-yayinlari","10":"pa_yazar-ariana-harwicz","12":"first","13":"instock","14":"sale","15":"shipping-taxable","16":"purchasable","17":"product-type-simple"},"_links":{"self":[{"href":"https:\/\/roveyayinevi.com.tr\/index.php\/wp-json\/wp\/v2\/product\/719943","targetHints":{"allow":["GET"]}}],"collection":[{"href":"https:\/\/roveyayinevi.com.tr\/index.php\/wp-json\/wp\/v2\/product"}],"about":[{"href":"https:\/\/roveyayinevi.com.tr\/index.php\/wp-json\/wp\/v2\/types\/product"}],"wp:attachment":[{"href":"https:\/\/roveyayinevi.com.tr\/index.php\/wp-json\/wp\/v2\/media?parent=719943"}],"wp:term":[{"taxonomy":"product_brand","embeddable":true,"href":"https:\/\/roveyayinevi.com.tr\/index.php\/wp-json\/wp\/v2\/product_brand?post=719943"},{"taxonomy":"product_cat","embeddable":true,"href":"https:\/\/roveyayinevi.com.tr\/index.php\/wp-json\/wp\/v2\/product_cat?post=719943"},{"taxonomy":"product_tag","embeddable":true,"href":"https:\/\/roveyayinevi.com.tr\/index.php\/wp-json\/wp\/v2\/product_tag?post=719943"}],"curies":[{"name":"wp","href":"https:\/\/api.w.org\/{rel}","templated":true}]}}