{"id":719942,"date":"2025-08-27T18:29:24","date_gmt":"2025-08-27T15:29:24","guid":{"rendered":"https:\/\/roveyayinevi.com.tr\/index.php\/urun\/ergen-beyin-rehberi\/"},"modified":"2026-04-03T02:34:23","modified_gmt":"2026-04-02T23:34:23","slug":"ergen-beyin-rehberi","status":"publish","type":"product","link":"https:\/\/roveyayinevi.com.tr\/index.php\/urun\/ergen-beyin-rehberi\/","title":{"rendered":"Ergen Beyin Rehberi"},"content":{"rendered":"<p>\u201cBu kitap, b\u00fct\u00fcn aile i\u00e7in hayat kurtar\u0131c\u0131 olacakt\u0131r.\u201d Dr. Deepak Chopra   B\u00fct\u00fcn-Beyinli \u00c7ocuk kitab\u0131yla ebeveyn-\u00e7ocuk ili\u015fkisine yeni bir bak\u0131\u015f getiren \u00fcnl\u00fc n\u00f6ropsikiyatrist yazar Dr. Daniel J. Siegel, bu kez ebeveynlere, \u00e7ocuklar\u0131n\u0131n hayat\u0131ndaki en zorlu geli\u015fim d\u00f6nemlerinden olan ergenli\u011fi bir kazan\u0131m haline nas\u0131l getirebileceklerini g\u00f6steriyor.   Ergenli\u011fin \u00f6z\u00fc nedir? Ergenlikte beyin nas\u0131l \u00e7al\u0131\u015f\u0131r? Ergenlik zorluk mudur, yoksa f\u0131rsat m\u0131d\u0131r? Bu s\u00fcre\u00e7 boyunca kullan\u0131labilecek pratik tavsiyeler nelerdir?   Ergenlik, zorlu oldu\u011fu kadar \u015fa\u015f\u0131rt\u0131c\u0131 da bir d\u00f6nemdir. \u00c7\u00fcnk\u00fc beyin, 12-24 ya\u015flar aras\u0131nda b\u00fcy\u00fck ve \u00f6nemli bir de\u011fi\u015fim ge\u00e7irir. Bu beyin geli\u015fimi de gen\u00e7lerin davran\u0131\u015flar\u0131n\u0131 ve ili\u015fkilerini etkiler. Haliyle bir\u00e7ok ebeveyn, ergenli\u011fe korku ve endi\u015feyle yakla\u015f\u0131r. Halbuki ergenlik, \u00e7\u00f6z\u00fclmesi gereken bir problem yahut katlan\u0131lmas\u0131 gereken bir zorluklar d\u00f6nemi de\u011fil; asl\u0131nda bir cesaret ve yarat\u0131c\u0131l\u0131k kayna\u011f\u0131d\u0131r.   Dr. Siegel bu kitapta, ki\u015fileraras\u0131 n\u00f6robiyoloji alan\u0131ndaki \u00f6nemli ara\u015ft\u0131rmalara dayanarak, gen\u00e7 beyin fonksiyonlar\u0131n\u0131 anlaman\u0131n ebeveynlere \u00e7ocuklar\u0131n\u0131n hayat\u0131nda inan\u0131lmaz derecede \u00f6nemli bir b\u00fcy\u00fcme, de\u011fi\u015fim ve deneyim d\u00f6nemi olan ergenlikte nas\u0131l yard\u0131mc\u0131 olabilece\u011finin heyecan verici yollar\u0131n\u0131 ara\u015ft\u0131r\u0131yor.   Hadi, \u00e7ocu\u011funuzun en de\u011ferli geli\u015fim d\u00f6nemlerinden olan ergenli\u011fi hayat\u0131 i\u00e7in bir f\u0131rsat haline getirelim! <\/p>\n","protected":false},"excerpt":{"rendered":"<p>\u201cBu kitap, b\u00fct\u00fcn aile i\u00e7in hayat kurtar\u0131c\u0131 olacakt\u0131r.\u201d Dr. Deepak Chopra B\u00fct\u00fcn-Beyinli \u00c7ocuk kitab\u0131yla ebeveyn-\u00e7ocuk ili\u015fkisine yeni bir bak\u0131\u015f getiren \u00fcnl\u00fc n\u00f6ropsikiyatrist yazar Dr. Daniel J.<span class=\"excerpt-hellip\"> [\u2026]<\/span><\/p>\n","protected":false},"featured_media":0,"template":"","meta":{"_monsterinsights_skip_tracking":false,"_monsterinsights_sitenote_active":false,"_monsterinsights_sitenote_note":"","_monsterinsights_sitenote_category":0},"product_brand":[],"product_cat":[12364,12376],"product_tag":[],"class_list":{"0":"post-719942","1":"product","2":"type-product","3":"status-publish","5":"product_cat-genel-konular","6":"product_cat-kisisel-gelisim","7":"pa_cilt-ciltsiz","8":"pa_tur-kitap","9":"pa_yayinevi-tuti-kitap","10":"pa_yazar-daniel-j-siegel","12":"first","13":"instock","14":"sale","15":"shipping-taxable","16":"purchasable","17":"product-type-simple"},"_links":{"self":[{"href":"https:\/\/roveyayinevi.com.tr\/index.php\/wp-json\/wp\/v2\/product\/719942","targetHints":{"allow":["GET"]}}],"collection":[{"href":"https:\/\/roveyayinevi.com.tr\/index.php\/wp-json\/wp\/v2\/product"}],"about":[{"href":"https:\/\/roveyayinevi.com.tr\/index.php\/wp-json\/wp\/v2\/types\/product"}],"wp:attachment":[{"href":"https:\/\/roveyayinevi.com.tr\/index.php\/wp-json\/wp\/v2\/media?parent=719942"}],"wp:term":[{"taxonomy":"product_brand","embeddable":true,"href":"https:\/\/roveyayinevi.com.tr\/index.php\/wp-json\/wp\/v2\/product_brand?post=719942"},{"taxonomy":"product_cat","embeddable":true,"href":"https:\/\/roveyayinevi.com.tr\/index.php\/wp-json\/wp\/v2\/product_cat?post=719942"},{"taxonomy":"product_tag","embeddable":true,"href":"https:\/\/roveyayinevi.com.tr\/index.php\/wp-json\/wp\/v2\/product_tag?post=719942"}],"curies":[{"name":"wp","href":"https:\/\/api.w.org\/{rel}","templated":true}]}}