{"id":719939,"date":"2025-08-27T18:29:21","date_gmt":"2025-08-27T15:29:21","guid":{"rendered":"https:\/\/roveyayinevi.com.tr\/index.php\/urun\/insan-yaratmak\/"},"modified":"2026-04-16T02:27:57","modified_gmt":"2026-04-15T23:27:57","slug":"insan-yaratmak","status":"publish","type":"product","link":"https:\/\/roveyayinevi.com.tr\/index.php\/urun\/insan-yaratmak\/","title":{"rendered":"\u0130nsan Yaratmak"},"content":{"rendered":"<p>Neydi bizi mutlu k\u0131lan \u015fey? \u015eartlar m\u0131, ruhumuz mu? Ruhumuzsa ne g\u00fczel, isteyerek a\u00e7ar g\u00f6nl\u00fcm\u00fczdeki \u00e7i\u00e7ekler. \u015eartlarsa e\u011fer, istememekle h\u00fcr olan ruhumuz nas\u0131l mutlu eder? Ya\u015faman\u0131n bile bir \u015fart\u0131 vard\u0131 i\u015fte. Ne kadar vazifeni, hayat\u0131n senden istediklerini yerine getirsen de kar\u015f\u0131l\u0131\u011f\u0131nda senin istedi\u011fin de\u011fil, hayat\u0131n sana yak\u0131\u015ft\u0131rd\u0131\u011f\u0131 k\u0131l\u0131\u011fa b\u00fcr\u00fcnmeliydin. B\u00f6yle mutlu olmayabilirdin ama g\u00f6r\u00fcnebilirdin: \u00c7\u00fcnk\u00fc herkesin g\u00f6r\u00fcnmeye ihtiyac\u0131 var. \u00c7\u00fcnk\u00fc, herkes ba\u015fkas\u0131 i\u00e7in ya\u015far. \u0130\u015fte, ben bu dengeyi bozaca\u011f\u0131m. G\u00f6revi kendim se\u00e7mesem de, kurallar\u0131 kendim koyaca\u011f\u0131m. Bir insan yarataca\u011f\u0131m ve kimseye muhta\u00e7 olmayaca\u011f\u0131m. Bir insan yarat\u0131p bir insan kurtaraca\u011f\u0131m!<\/p>\n","protected":false},"excerpt":{"rendered":"<p>Neydi bizi mutlu k\u0131lan \u015fey? \u015eartlar m\u0131, ruhumuz mu? Ruhumuzsa ne g\u00fczel, isteyerek a\u00e7ar g\u00f6nl\u00fcm\u00fczdeki \u00e7i\u00e7ekler. \u015eartlarsa e\u011fer, istememekle h\u00fcr olan ruhumuz nas\u0131l mutlu eder? Ya\u015faman\u0131n<span class=\"excerpt-hellip\"> [\u2026]<\/span><\/p>\n","protected":false},"featured_media":0,"template":"","meta":{"_monsterinsights_skip_tracking":false,"_monsterinsights_sitenote_active":false,"_monsterinsights_sitenote_note":"","_monsterinsights_sitenote_category":0},"product_brand":[],"product_cat":[12291,12711],"product_tag":[],"class_list":{"0":"post-719939","1":"product","2":"type-product","3":"status-publish","5":"product_cat-edebiyat","6":"product_cat-roman-oyku","7":"pa_cilt-ciltsiz","8":"pa_tur-kitap","9":"pa_yayinevi-perseus","10":"pa_yazar-eray-erden","12":"first","13":"instock","14":"sale","15":"shipping-taxable","16":"purchasable","17":"product-type-simple"},"_links":{"self":[{"href":"https:\/\/roveyayinevi.com.tr\/index.php\/wp-json\/wp\/v2\/product\/719939","targetHints":{"allow":["GET"]}}],"collection":[{"href":"https:\/\/roveyayinevi.com.tr\/index.php\/wp-json\/wp\/v2\/product"}],"about":[{"href":"https:\/\/roveyayinevi.com.tr\/index.php\/wp-json\/wp\/v2\/types\/product"}],"wp:attachment":[{"href":"https:\/\/roveyayinevi.com.tr\/index.php\/wp-json\/wp\/v2\/media?parent=719939"}],"wp:term":[{"taxonomy":"product_brand","embeddable":true,"href":"https:\/\/roveyayinevi.com.tr\/index.php\/wp-json\/wp\/v2\/product_brand?post=719939"},{"taxonomy":"product_cat","embeddable":true,"href":"https:\/\/roveyayinevi.com.tr\/index.php\/wp-json\/wp\/v2\/product_cat?post=719939"},{"taxonomy":"product_tag","embeddable":true,"href":"https:\/\/roveyayinevi.com.tr\/index.php\/wp-json\/wp\/v2\/product_tag?post=719939"}],"curies":[{"name":"wp","href":"https:\/\/api.w.org\/{rel}","templated":true}]}}