{"id":719938,"date":"2025-08-27T18:29:21","date_gmt":"2025-08-27T15:29:21","guid":{"rendered":"https:\/\/roveyayinevi.com.tr\/index.php\/urun\/bir-zamanlar-anadoluda\/"},"modified":"2025-11-21T05:32:01","modified_gmt":"2025-11-21T02:32:01","slug":"bir-zamanlar-anadoluda","status":"publish","type":"product","link":"https:\/\/roveyayinevi.com.tr\/index.php\/urun\/bir-zamanlar-anadoluda\/","title":{"rendered":"Bir Zamanlar Anadolu&#8217;da"},"content":{"rendered":"<p>\u201cBir Zamanlar Anadolu\u2019da\u2019y\u0131 ilk izleyi\u015fimde hatal\u0131 bir \u015fekilde vard\u0131\u011f\u0131m ilk sonu\u00e7, y\u00f6netmenin g\u00fcnd\u00fcz b\u00f6l\u00fcm\u00fcyle, bir \u015fekilde gecenin gizemlerinin foyas\u0131n\u0131 meydana \u00e7\u0131karmaya yeltenecek oldu\u011fuydu. Fakat filmi ikinci kez izleyince fark ettim ki, ilk izleyi\u015fimde gece sekans\u0131n\u0131n saf \u015fiir olarak alg\u0131lad\u0131\u011f\u0131m o ilk dakikalar\u0131, asl\u0131nda epey a\u00e7\u0131klay\u0131c\u0131 bilgi i\u00e7eriyormu\u015f \u2013ve bu y\u00fczden de belki ilk ba\u015fta d\u00fc\u015f\u00fcnd\u00fc\u011f\u00fcmden daha az gizemliymi\u015f. \u00d6te yandan \u2018gerekli de\u011fil mi acaba\u2019 diye \u015f\u00fcphelendi\u011fim g\u00fcnd\u00fcz b\u00f6l\u00fcm\u00fc ikinci izleyi\u015fte kendine has birtak\u0131m hediyeler ve yeni belirsizlikler ortaya koydu. Ba\u015fka deyi\u015fle \u2018ayr\u0131\u015ft\u0131rma\u2019, ba\u015fta d\u00fc\u015f\u00fcnd\u00fc\u011f\u00fcm kadar keskin de\u011filmi\u015f; kar\u015f\u0131tl\u0131klar, film boyunca i\u00e7 i\u00e7e ge\u00e7mi\u015f durumdaym\u0131\u015f. \u2018A\u015fk\u0131n bir uyum\u2019un fevkalade bir sinemasal ifadesi bu. \u0130kinci kez izlemem gerekmi\u015f olsa da s\u00f6ylemekten mutluluk duyuyorum ki, Bir Zamanlar Anadolu\u2019da\u2019n\u0131n tamam\u0131, par\u00e7alar\u0131ndan \u00e7ok daha muazzam\u2026\u201d Mike Hertenstein, TheOtherJournal   Elinizde tuttu\u011funuz senaryo ile ortaya \u00e7\u0131kan film aras\u0131nda ister istemez, belki sadece merakl\u0131s\u0131n\u0131n g\u00f6rebilece\u011fi epey bir farkl\u0131l\u0131k var. \u00c7\u00fcnk\u00fc Nuri Bilge Ceylan \u00e7ekim ve hatta kurgu s\u0131ras\u0131nda senaryoyu ve diyaloglar\u0131 epey de\u011fi\u015ftiriyor. \u0130yi \u00e7al\u0131\u015fmad\u0131\u011f\u0131n\u0131 d\u00fc\u015f\u00fcnd\u00fc\u011f\u00fc her sahneyi ve diyalo\u011fu tekrar tekrar yeniden yazarak ahengi, b\u00fct\u00fcnl\u00fc\u011f\u00fc ve hayat duygusunu art\u0131rmaya \u00e7al\u0131\u015f\u0131yor. Film yapmak denen \u015feyin do\u011fas\u0131nda var olan ka\u00e7\u0131n\u0131lmaz s\u00fcre\u00e7lerden biri belki de bu. Ama yine de \u00e7ekim i\u00e7in nas\u0131l bir metin ile yola \u00e7\u0131k\u0131ld\u0131\u011f\u0131, nerelerden nerelere gelindi\u011fi net olarak g\u00f6r\u00fclebilsin, film yapman\u0131n cilveli ve oyuncakl\u0131 yap\u0131s\u0131 a\u00e7\u0131k\u00e7a anla\u015f\u0131labilsin diye, daha \u00f6nce de yapt\u0131\u011f\u0131m\u0131z gibi, senaryonun \u00e7ekime ba\u015flanmadan \u00f6nceki o ilk, orijinal halini hi\u00e7bir yerine dokunmadan aynen yay\u0131nlamay\u0131 uygun g\u00f6rd\u00fck. Kitapta ayr\u0131ca, film hakk\u0131nda yurti\u00e7i ve yurtd\u0131\u015f\u0131nda yaz\u0131lan say\u0131s\u0131z yaz\u0131lardan bir se\u00e7ki, s\u00f6yle\u015filer ve y\u00f6netmenin kurgu s\u0131ras\u0131nda tuttu\u011fu g\u00fcnl\u00fckleri de i\u00e7eren geni\u015f bir derleme sunuyoruz. <\/p>\n","protected":false},"excerpt":{"rendered":"<p>\u201cBir Zamanlar Anadolu\u2019da\u2019y\u0131 ilk izleyi\u015fimde hatal\u0131 bir \u015fekilde vard\u0131\u011f\u0131m ilk sonu\u00e7, y\u00f6netmenin g\u00fcnd\u00fcz b\u00f6l\u00fcm\u00fcyle, bir \u015fekilde gecenin gizemlerinin foyas\u0131n\u0131 meydana \u00e7\u0131karmaya yeltenecek oldu\u011fuydu. Fakat filmi ikinci<span class=\"excerpt-hellip\"> [\u2026]<\/span><\/p>\n","protected":false},"featured_media":0,"template":"","meta":{"_monsterinsights_skip_tracking":false,"_monsterinsights_sitenote_active":false,"_monsterinsights_sitenote_note":"","_monsterinsights_sitenote_category":0},"product_brand":[],"product_cat":[12409,12408],"product_tag":[],"class_list":{"0":"post-719938","1":"product","2":"type-product","3":"status-publish","5":"product_cat-fotograf-sinema-tiyatro","6":"product_cat-sanat","7":"pa_cilt-ciltsiz","8":"pa_tur-kitap","9":"pa_yayinevi-dogan-kitap","10":"pa_yazar-nuri-bilge-ceylan","12":"first","13":"instock","14":"sale","15":"shipping-taxable","16":"purchasable","17":"product-type-simple"},"_links":{"self":[{"href":"https:\/\/roveyayinevi.com.tr\/index.php\/wp-json\/wp\/v2\/product\/719938","targetHints":{"allow":["GET"]}}],"collection":[{"href":"https:\/\/roveyayinevi.com.tr\/index.php\/wp-json\/wp\/v2\/product"}],"about":[{"href":"https:\/\/roveyayinevi.com.tr\/index.php\/wp-json\/wp\/v2\/types\/product"}],"wp:attachment":[{"href":"https:\/\/roveyayinevi.com.tr\/index.php\/wp-json\/wp\/v2\/media?parent=719938"}],"wp:term":[{"taxonomy":"product_brand","embeddable":true,"href":"https:\/\/roveyayinevi.com.tr\/index.php\/wp-json\/wp\/v2\/product_brand?post=719938"},{"taxonomy":"product_cat","embeddable":true,"href":"https:\/\/roveyayinevi.com.tr\/index.php\/wp-json\/wp\/v2\/product_cat?post=719938"},{"taxonomy":"product_tag","embeddable":true,"href":"https:\/\/roveyayinevi.com.tr\/index.php\/wp-json\/wp\/v2\/product_tag?post=719938"}],"curies":[{"name":"wp","href":"https:\/\/api.w.org\/{rel}","templated":true}]}}