{"id":719937,"date":"2025-08-27T18:29:20","date_gmt":"2025-08-27T15:29:20","guid":{"rendered":"https:\/\/roveyayinevi.com.tr\/index.php\/urun\/iyi-gelen-yazilar\/"},"modified":"2026-04-11T02:34:54","modified_gmt":"2026-04-10T23:34:54","slug":"iyi-gelen-yazilar","status":"publish","type":"product","link":"https:\/\/roveyayinevi.com.tr\/index.php\/urun\/iyi-gelen-yazilar\/","title":{"rendered":"\u0130yi Gelen Yaz\u0131lar"},"content":{"rendered":"<p>Bir yazar\u0131, sokakta \u00e7evirip diyorlar ki:   \u201cAh, sizin kitaplar\u0131n\u0131z bana ne iyi geldi.  B\u00fct\u00fcn hayat\u0131m de\u011fi\u015fti diyebilirim.\u201d Yazar da diyor ki: \u201cGer\u00e7ekten mi?  O zaman ben de bir okuyay\u0131m onlar\u0131!\u201d      Ben de asl\u0131nda her pazar g\u00fcn\u00fc oturup, ilk ba\u015fta kendime iyi gelmesini umdu\u011fum bir \u015feyler yaz\u0131yorum.   Sonra siz okuyorsunuz yazd\u0131klar\u0131m\u0131&#8230;\u0130\u015fte o g\u00fcnlerden birinde beni sokakta \u00e7evirip, \u201cyaz\u0131lar\u0131n\u0131z bana \u00e7ok iyi geliyor\u201d dedi\u011finiz i\u00e7in, kitab\u0131n ad\u0131n\u0131 \u0130yi Gelen Yaz\u0131lar koyduk&#8230;    Ben de \u015fu yazar gibi, ta en ba\u015f\u0131ndan teker teker okuyaca\u011f\u0131m yaz\u0131lar\u0131m\u0131. Yine de, ba\u015fkas\u0131na iyi gelmek kadar iyi gelmeyecek bana, biliyorum. \u00c7\u00fcnk\u00fc o hissi ge\u00e7ebilen bir \u015feye rastlamad\u0131m hen\u00fcz. <\/p>\n","protected":false},"excerpt":{"rendered":"<p>Bir yazar\u0131, sokakta \u00e7evirip diyorlar ki: \u201cAh, sizin kitaplar\u0131n\u0131z bana ne iyi geldi. B\u00fct\u00fcn hayat\u0131m de\u011fi\u015fti diyebilirim.\u201d Yazar da diyor ki: \u201cGer\u00e7ekten mi? O zaman ben<span class=\"excerpt-hellip\"> [\u2026]<\/span><\/p>\n","protected":false},"featured_media":0,"template":"","meta":{"_monsterinsights_skip_tracking":false,"_monsterinsights_sitenote_active":false,"_monsterinsights_sitenote_note":"","_monsterinsights_sitenote_category":0},"product_brand":[],"product_cat":[12364,12376],"product_tag":[],"class_list":{"0":"post-719937","1":"product","2":"type-product","3":"status-publish","5":"product_cat-genel-konular","6":"product_cat-kisisel-gelisim","7":"pa_cilt-ciltsiz","8":"pa_tur-kitap","9":"pa_yayinevi-dogan-novus","10":"pa_yazar-nil-karaibrahimgil","12":"first","13":"instock","14":"sale","15":"shipping-taxable","16":"purchasable","17":"product-type-simple"},"_links":{"self":[{"href":"https:\/\/roveyayinevi.com.tr\/index.php\/wp-json\/wp\/v2\/product\/719937","targetHints":{"allow":["GET"]}}],"collection":[{"href":"https:\/\/roveyayinevi.com.tr\/index.php\/wp-json\/wp\/v2\/product"}],"about":[{"href":"https:\/\/roveyayinevi.com.tr\/index.php\/wp-json\/wp\/v2\/types\/product"}],"wp:attachment":[{"href":"https:\/\/roveyayinevi.com.tr\/index.php\/wp-json\/wp\/v2\/media?parent=719937"}],"wp:term":[{"taxonomy":"product_brand","embeddable":true,"href":"https:\/\/roveyayinevi.com.tr\/index.php\/wp-json\/wp\/v2\/product_brand?post=719937"},{"taxonomy":"product_cat","embeddable":true,"href":"https:\/\/roveyayinevi.com.tr\/index.php\/wp-json\/wp\/v2\/product_cat?post=719937"},{"taxonomy":"product_tag","embeddable":true,"href":"https:\/\/roveyayinevi.com.tr\/index.php\/wp-json\/wp\/v2\/product_tag?post=719937"}],"curies":[{"name":"wp","href":"https:\/\/api.w.org\/{rel}","templated":true}]}}