{"id":719935,"date":"2025-08-27T18:29:18","date_gmt":"2025-08-27T15:29:18","guid":{"rendered":"https:\/\/roveyayinevi.com.tr\/index.php\/urun\/yolcu-6\/"},"modified":"2026-04-16T02:27:56","modified_gmt":"2026-04-15T23:27:56","slug":"yolcu-6","status":"publish","type":"product","link":"https:\/\/roveyayinevi.com.tr\/index.php\/urun\/yolcu-6\/","title":{"rendered":"Yolcu"},"content":{"rendered":"<p>Her \u015feye ra\u011fmen ya\u015famak!Ulrich Alexander Boschwitz\u2019in Yahudi soyk\u0131r\u0131m\u0131n\u0131n ba\u015flang\u0131c\u0131 olarak kabul edilen 1938\u2019deki Kristal Gece sonras\u0131nda ya\u015fanan deh\u015fet ve \u00e7aresizli\u011fi son derece ger\u00e7ek\u00e7i bir \u00fcslupla anlatt\u0131\u011f\u0131 Yolcu roman\u0131, insanl\u0131k tarihine damgas\u0131n\u0131 vuracak bu b\u00fcy\u00fck katliam giri\u015fimini s\u0131ca\u011f\u0131 s\u0131ca\u011f\u0131na aktaran sars\u0131c\u0131 bir kitap.\u0130lk kez 1939\u2019da \u0130ngilizcede bas\u0131lm\u0131\u015f olmas\u0131na ra\u011fmen, \u00f6zg\u00fcn dilinde yeniden ke\u015ffedilmesi i\u00e7in seksen y\u0131l beklemek zorunda kalan Yolcu\u2019nun yazar\u0131 Boschwitz, bu insanl\u0131k su\u00e7unun varaca\u011f\u0131 boyutlar\u0131 daha 23 ya\u015f\u0131ndayken inan\u0131lmas\u0131 g\u00fc\u00e7 bir \u00f6ng\u00f6r\u00fcyle ele alarak d\u00f6neme dair yaz\u0131lacak sonraki anlat\u0131lardan ayr\u0131\u015fan benzersiz bir edebi belge ortaya koyuyor.G\u00fcn\u00fcm\u00fcz d\u00fcnyas\u0131n\u0131n en b\u00fcy\u00fck insani krizlerinden m\u00fcltecilik ve s\u0131\u011f\u0131nmac\u0131l\u0131k olgusuyla paralel bir izlekte ilerleyerek g\u00fcncelli\u011finden hi\u00e7bir \u015fey yitirmeyen bu etkileyici kitap, dokunakl\u0131 ve mucize niteli\u011finde bir hayata tutunma \u00f6yk\u00fcs\u00fcn\u00fc sayfalar\u0131na ta\u015f\u0131yan bir s\u00fcrg\u00fcn edebiyat\u0131 \u00fcr\u00fcn\u00fc. YOLCUULRICH ALEXANDER BOSCHWITZHer \u015feye ra\u011fmen ya\u015famak!Ulrich Alexander Boschwitz\u2019in Yahudi soyk\u0131r\u0131m\u0131n\u0131n ba\u015flang\u0131c\u0131 olarak kabul edilen 1938\u2019deki Kristal Gece sonras\u0131nda ya\u015fanan deh\u015fet ve \u00e7aresizli\u011fi son derece ger\u00e7ek\u00e7i bir \u00fcslupla anlatt\u0131\u011f\u0131 Yolcu roman\u0131, insanl\u0131k tarihine damgas\u0131n\u0131 vuracak bu b\u00fcy\u00fck katliam giri\u015fimini s\u0131ca\u011f\u0131 s\u0131ca\u011f\u0131na aktaran sars\u0131c\u0131 bir kitap.\u0130lk kez 1939\u2019da \u0130ngilizcede bas\u0131lm\u0131\u015f olmas\u0131na ra\u011fmen, \u00f6zg\u00fcn dilinde yeniden ke\u015ffedilmesi i\u00e7in seksen y\u0131l beklemek zorunda kalan Yolcu\u2019nun yazar\u0131 Boschwitz, bu insanl\u0131k su\u00e7unun varaca\u011f\u0131 boyutlar\u0131 daha 23 ya\u015f\u0131ndayken inan\u0131lmas\u0131 g\u00fc\u00e7 bir \u00f6ng\u00f6r\u00fcyle ele alarak d\u00f6neme dair yaz\u0131lacak sonraki anlat\u0131lardan ayr\u0131\u015fan benzersiz bir edebi belge ortaya koyuyor.G\u00fcn\u00fcm\u00fcz d\u00fcnyas\u0131n\u0131n en b\u00fcy\u00fck insani krizlerinden m\u00fcltecilik ve s\u0131\u011f\u0131nmac\u0131l\u0131k olgusuyla paralel bir izlekte ilerleyerek g\u00fcncelli\u011finden hi\u00e7bir \u015fey yitirmeyen bu etkileyici kitap, dokunakl\u0131 ve mucize niteli\u011finde bir hayata tutunma \u00f6yk\u00fcs\u00fcn\u00fc sayfalar\u0131na ta\u015f\u0131yan bir s\u00fcrg\u00fcn edebiyat\u0131 \u00fcr\u00fcn\u00fc.Kas\u0131m 1938, Almanya. Toplumun varl\u0131kl\u0131 ve sayg\u0131n bir \u00fcyesi, ayn\u0131 zamanda bir sava\u015f gazisi olan Yahudi t\u00fcccar Otto Silbermann\u2019\u0131n hayat\u0131, Kristal Gece sonras\u0131nda Yahudilere kar\u015f\u0131 ba\u015flat\u0131lan k\u0131y\u0131mla birlikte alt\u00fcst olur. \u0130\u015fini, evini, ailesini geride b\u0131rakarak i\u015fbirlik\u00e7ilerden kurtarabildi\u011fi bir \u00e7anta dolusu parayla trenlerde yolculuk ederek rejimin pen\u00e7esinden ka\u00e7maya \u00e7al\u0131\u015f\u0131r. Bu yolculuklar s\u0131ras\u0131nda Almanya\u2019n\u0131n birbirinden farkl\u0131 insan portrelerinin yan\u0131 s\u0131ra kendi i\u00e7sel ger\u00e7ekli\u011fiyle kar\u015f\u0131la\u015f\u0131r.Ya\u015fad\u0131klar\u0131n\u0131n a\u011f\u0131rl\u0131\u011f\u0131yla bilgele\u015fmi\u015f ve hen\u00fcz 27 ya\u015f\u0131ndayken Almanlar taraf\u0131ndan bat\u0131r\u0131lan bir \u0130ngiliz gemisinde ya\u015fam\u0131n\u0131 yitirmi\u015f Boschwitz\u2019in, s\u0131radan hayatlar\u0131n g\u00fcnbeg\u00fcn nas\u0131l korkuyla sarmaland\u0131\u011f\u0131n\u0131 b\u00fct\u00fcn sahicili\u011fiyle kaleme ald\u0131\u011f\u0131 Yolcu, tarihe iz b\u0131rakm\u0131\u015f deh\u015fetengiz olaylara tan\u0131kl\u0131k eden ruhlar\u0131n \u00f6n\u00fcnde sayg\u0131yla e\u011filiyor.\u201cK\u00f6t\u00fc bir \u00e7o\u011funlu\u011fun par\u00e7as\u0131 olmaktansa iyi bir az\u0131nl\u0131\u011f\u0131n par\u00e7as\u0131 olmak ye\u011fdir.\u201d<\/p>\n","protected":false},"excerpt":{"rendered":"<p>Her \u015feye ra\u011fmen ya\u015famak!Ulrich Alexander Boschwitz\u2019in Yahudi soyk\u0131r\u0131m\u0131n\u0131n ba\u015flang\u0131c\u0131 olarak kabul edilen 1938\u2019deki Kristal Gece sonras\u0131nda ya\u015fanan deh\u015fet ve \u00e7aresizli\u011fi son derece ger\u00e7ek\u00e7i bir \u00fcslupla anlatt\u0131\u011f\u0131<span class=\"excerpt-hellip\"> [\u2026]<\/span><\/p>\n","protected":false},"featured_media":0,"template":"","meta":{"_monsterinsights_skip_tracking":false,"_monsterinsights_sitenote_active":false,"_monsterinsights_sitenote_note":"","_monsterinsights_sitenote_category":0},"product_brand":[],"product_cat":[12291,12745],"product_tag":[],"class_list":{"0":"post-719935","1":"product","2":"type-product","3":"status-publish","5":"product_cat-edebiyat","6":"product_cat-tarihi-roman","7":"pa_cilt-ciltsiz","8":"pa_tur-kitap","9":"pa_yayinevi-delidolu","10":"pa_yazar-ulrich-alexander-boschwitz","12":"first","13":"instock","14":"sale","15":"shipping-taxable","16":"purchasable","17":"product-type-simple"},"_links":{"self":[{"href":"https:\/\/roveyayinevi.com.tr\/index.php\/wp-json\/wp\/v2\/product\/719935","targetHints":{"allow":["GET"]}}],"collection":[{"href":"https:\/\/roveyayinevi.com.tr\/index.php\/wp-json\/wp\/v2\/product"}],"about":[{"href":"https:\/\/roveyayinevi.com.tr\/index.php\/wp-json\/wp\/v2\/types\/product"}],"wp:attachment":[{"href":"https:\/\/roveyayinevi.com.tr\/index.php\/wp-json\/wp\/v2\/media?parent=719935"}],"wp:term":[{"taxonomy":"product_brand","embeddable":true,"href":"https:\/\/roveyayinevi.com.tr\/index.php\/wp-json\/wp\/v2\/product_brand?post=719935"},{"taxonomy":"product_cat","embeddable":true,"href":"https:\/\/roveyayinevi.com.tr\/index.php\/wp-json\/wp\/v2\/product_cat?post=719935"},{"taxonomy":"product_tag","embeddable":true,"href":"https:\/\/roveyayinevi.com.tr\/index.php\/wp-json\/wp\/v2\/product_tag?post=719935"}],"curies":[{"name":"wp","href":"https:\/\/api.w.org\/{rel}","templated":true}]}}