{"id":719934,"date":"2025-08-27T18:29:18","date_gmt":"2025-08-27T15:29:18","guid":{"rendered":"https:\/\/roveyayinevi.com.tr\/index.php\/urun\/satilik-muttefik\/"},"modified":"2026-04-16T02:27:56","modified_gmt":"2026-04-15T23:27:56","slug":"satilik-muttefik","status":"publish","type":"product","link":"https:\/\/roveyayinevi.com.tr\/index.php\/urun\/satilik-muttefik\/","title":{"rendered":"Sat\u0131l\u0131k M\u00fcttefik"},"content":{"rendered":"<p>1962 y\u0131l\u0131nda ABD, Sovyetler Birli\u011fi ve K\u00fcba aras\u0131nda bir f\u00fcze krizi ya\u015fand\u0131. \u00dc\u00e7\u00fcnc\u00fc D\u00fcnya Sava\u015f\u0131 kap\u0131dayd\u0131 adeta. \u00dcstelik bu b\u00fcy\u00fck tehlikenin tam ortas\u0131nda yer alan bir \u00fclke daha vard\u0131: T\u00fcrkiye&#8230; F\u00fcze krizi asl\u0131nda T\u00fcrkiye ve K\u00fcba\u2019da bulunan n\u00fckleer f\u00fczeler y\u00fcz\u00fcnden patlak vermi\u015fti. T\u00fcrkiye hakk\u0131nda konu\u015fan pek yoktu. Ne var ki kapal\u0131 kap\u0131lar ard\u0131nda konu edilen gizli bir pazarl\u0131k s\u00f6z konusuydu. 1962\u2019den beri K\u00fcba kriziyle ilgili pek \u00e7ok kitap yaz\u0131ld\u0131, say\u0131s\u0131z panel ve tart\u0131\u015fmalar d\u00fczenlendi. Ba\u015fakt\u00f6rler ABD Ba\u015fkan\u0131 John F. Kennedy ve Sovyetler Birli\u011fi lideri Nikita Hru\u015f\u00e7ev\u2019in sergiledi\u011fi \u201ch\u00fcnerler\u201d g\u00f6zler \u00f6n\u00fcne serildi hep. Ancak krizin di\u011fer iki \u00f6nemli oyuncusu T\u00fcrkiye ve K\u00fcba, g\u00f6z ard\u0131 edildi. Amerika\u2019n\u0131n \u201cdost m\u00fcttefik\u201d ilan etti\u011fi T\u00fcrkiye, nas\u0131l oldu da \u201csat\u0131l\u0131k m\u00fcttefik\u201d oluverdi? Gazeteci yazar Turan Yavuz\u2019un \u00e7ok y\u00f6nl\u00fc ara\u015ft\u0131rmalar, r\u00f6portajlar ve gizli belgeler \u0131\u015f\u0131\u011f\u0131nda kaleme ald\u0131\u011f\u0131 bu kitap, 1986 y\u0131l\u0131nda ba\u015flayan bir \u00e7al\u0131\u015fman\u0131n \u00fcr\u00fcn\u00fc&#8230; <\/p>\n","protected":false},"excerpt":{"rendered":"<p>1962 y\u0131l\u0131nda ABD, Sovyetler Birli\u011fi ve K\u00fcba aras\u0131nda bir f\u00fcze krizi ya\u015fand\u0131. \u00dc\u00e7\u00fcnc\u00fc D\u00fcnya Sava\u015f\u0131 kap\u0131dayd\u0131 adeta. \u00dcstelik bu b\u00fcy\u00fck tehlikenin tam ortas\u0131nda yer alan bir<span class=\"excerpt-hellip\"> [\u2026]<\/span><\/p>\n","protected":false},"featured_media":0,"template":"","meta":{"_monsterinsights_skip_tracking":false,"_monsterinsights_sitenote_active":false,"_monsterinsights_sitenote_note":"","_monsterinsights_sitenote_category":0},"product_brand":[],"product_cat":[13590,12337],"product_tag":[],"class_list":{"0":"post-719934","1":"product","2":"type-product","3":"status-publish","5":"product_cat-arastirma-inceleme-politika-siyaset","6":"product_cat-politika-siyaset","7":"pa_cilt-ciltsiz","8":"pa_tur-kitap","9":"pa_yayinevi-destek-yayinlari","10":"pa_yazar-turan-yavuz","12":"first","13":"instock","14":"sale","15":"shipping-taxable","16":"purchasable","17":"product-type-simple"},"_links":{"self":[{"href":"https:\/\/roveyayinevi.com.tr\/index.php\/wp-json\/wp\/v2\/product\/719934","targetHints":{"allow":["GET"]}}],"collection":[{"href":"https:\/\/roveyayinevi.com.tr\/index.php\/wp-json\/wp\/v2\/product"}],"about":[{"href":"https:\/\/roveyayinevi.com.tr\/index.php\/wp-json\/wp\/v2\/types\/product"}],"wp:attachment":[{"href":"https:\/\/roveyayinevi.com.tr\/index.php\/wp-json\/wp\/v2\/media?parent=719934"}],"wp:term":[{"taxonomy":"product_brand","embeddable":true,"href":"https:\/\/roveyayinevi.com.tr\/index.php\/wp-json\/wp\/v2\/product_brand?post=719934"},{"taxonomy":"product_cat","embeddable":true,"href":"https:\/\/roveyayinevi.com.tr\/index.php\/wp-json\/wp\/v2\/product_cat?post=719934"},{"taxonomy":"product_tag","embeddable":true,"href":"https:\/\/roveyayinevi.com.tr\/index.php\/wp-json\/wp\/v2\/product_tag?post=719934"}],"curies":[{"name":"wp","href":"https:\/\/api.w.org\/{rel}","templated":true}]}}