{"id":719933,"date":"2025-08-27T18:29:17","date_gmt":"2025-08-27T15:29:17","guid":{"rendered":"https:\/\/roveyayinevi.com.tr\/index.php\/urun\/ikinci-vatan\/"},"modified":"2026-04-16T02:27:56","modified_gmt":"2026-04-15T23:27:56","slug":"ikinci-vatan","status":"publish","type":"product","link":"https:\/\/roveyayinevi.com.tr\/index.php\/urun\/ikinci-vatan\/","title":{"rendered":"\u0130kinci Vatan"},"content":{"rendered":"<p>1967 y\u0131l\u0131nda hi\u00e7 paralar\u0131 yokken Amerika\u2019n\u0131n kap\u0131s\u0131n\u0131 \u00e7alan Tansu ve \u00d6zer U\u00e7uran \u00c7iller, nas\u0131l oldu da ABD\u2019de dolar milyoneri oldular? Tansu \u00c7iller, T\u00fcrkiye Cumhuriyeti ba\u015fbakan\u0131 oldu\u011funda asl\u0131nda Amerikan vatanda\u015f\u0131 m\u0131yd\u0131? ABD pasaportu ta\u015f\u0131yor muydu? Daha da \u00f6nemlisi, hayat\u0131n\u0131n sonuna kadar Amerika\u2019n\u0131n \u00e7\u0131karlar\u0131n\u0131 d\u00fcnyan\u0131n d\u00f6rt bir yan\u0131nda koruyaca\u011f\u0131na dair elini kalbinin \u00fczerine koyup yemin etmi\u015f miydi? \u0130\u015f\u00e7i Partisi lideri Do\u011fu Perin\u00e7ek\u2019in ileri s\u00fcrd\u00fc\u011f\u00fc gibi, CIA\u2019den maa\u015f alan bir ajan m\u0131yd\u0131? Gazeteci yazar Turan Yavuz\u2019un kaleme ald\u0131\u011f\u0131 bu kitap, bir d\u00f6nemin T\u00fcrkiye siyaset sahnesine damgas\u0131n\u0131 vurmu\u015f olan Tansu \u00c7iller\u2019in siyasi arenada yapt\u0131klar\u0131 ve yapmad\u0131klar\u0131ndan \u00e7ok, Amerika Birle\u015fik Devletleri ile ili\u015fkisinin hik\u00e2yesidir. <\/p>\n","protected":false},"excerpt":{"rendered":"<p>1967 y\u0131l\u0131nda hi\u00e7 paralar\u0131 yokken Amerika\u2019n\u0131n kap\u0131s\u0131n\u0131 \u00e7alan Tansu ve \u00d6zer U\u00e7uran \u00c7iller, nas\u0131l oldu da ABD\u2019de dolar milyoneri oldular? Tansu \u00c7iller, T\u00fcrkiye Cumhuriyeti ba\u015fbakan\u0131 oldu\u011funda<span class=\"excerpt-hellip\"> [\u2026]<\/span><\/p>\n","protected":false},"featured_media":0,"template":"","meta":{"_monsterinsights_skip_tracking":false,"_monsterinsights_sitenote_active":false,"_monsterinsights_sitenote_note":"","_monsterinsights_sitenote_category":0},"product_brand":[],"product_cat":[13590,12337],"product_tag":[],"class_list":{"0":"post-719933","1":"product","2":"type-product","3":"status-publish","5":"product_cat-arastirma-inceleme-politika-siyaset","6":"product_cat-politika-siyaset","7":"pa_cilt-ciltsiz","8":"pa_tur-kitap","9":"pa_yayinevi-destek-yayinlari","10":"pa_yazar-turan-yavuz","12":"first","13":"instock","14":"sale","15":"shipping-taxable","16":"purchasable","17":"product-type-simple"},"_links":{"self":[{"href":"https:\/\/roveyayinevi.com.tr\/index.php\/wp-json\/wp\/v2\/product\/719933","targetHints":{"allow":["GET"]}}],"collection":[{"href":"https:\/\/roveyayinevi.com.tr\/index.php\/wp-json\/wp\/v2\/product"}],"about":[{"href":"https:\/\/roveyayinevi.com.tr\/index.php\/wp-json\/wp\/v2\/types\/product"}],"wp:attachment":[{"href":"https:\/\/roveyayinevi.com.tr\/index.php\/wp-json\/wp\/v2\/media?parent=719933"}],"wp:term":[{"taxonomy":"product_brand","embeddable":true,"href":"https:\/\/roveyayinevi.com.tr\/index.php\/wp-json\/wp\/v2\/product_brand?post=719933"},{"taxonomy":"product_cat","embeddable":true,"href":"https:\/\/roveyayinevi.com.tr\/index.php\/wp-json\/wp\/v2\/product_cat?post=719933"},{"taxonomy":"product_tag","embeddable":true,"href":"https:\/\/roveyayinevi.com.tr\/index.php\/wp-json\/wp\/v2\/product_tag?post=719933"}],"curies":[{"name":"wp","href":"https:\/\/api.w.org\/{rel}","templated":true}]}}