{"id":719932,"date":"2025-08-27T18:29:16","date_gmt":"2025-08-27T15:29:16","guid":{"rendered":"https:\/\/roveyayinevi.com.tr\/index.php\/urun\/abdnin-kurt-karti\/"},"modified":"2026-04-16T02:27:56","modified_gmt":"2026-04-15T23:27:56","slug":"abdnin-kurt-karti","status":"publish","type":"product","link":"https:\/\/roveyayinevi.com.tr\/index.php\/urun\/abdnin-kurt-karti\/","title":{"rendered":"ABD\u2019nin K\u00fcrt Kart\u0131"},"content":{"rendered":"<p>1998 y\u0131l\u0131n\u0131n \u015eubat ay\u0131nda ABD\u2019nin yeniden K\u00f6rfez sular\u0131n\u0131 \u0131s\u0131nd\u0131rmas\u0131 ve Saddam H\u00fcseyin\u2019le Irak\u2019a kar\u015f\u0131 kapsaml\u0131 bir askeri harek\u00e2ta giri\u015fmek istemesi, t\u00fcm d\u00fcnyan\u0131n dikkatini ister istemez Ortado\u011fu\u2019ya \u00e7ekti. Bunun sonucunda, 1990 y\u0131l\u0131ndaki K\u00f6rfez Krizi sonras\u0131 meydana gelen tart\u0131\u015fmalar yeniden alevlendi. Tart\u0131\u015fmalar\u0131n ve sorular\u0131n odak noktas\u0131nda \u015f\u00fcphesiz ki ABD\u2019nin b\u00f6lgeye y\u00f6nelik politikalar\u0131 ve emelleri yer al\u0131yordu. ABD, Irak\u2019\u0131n toprak b\u00fct\u00fcnl\u00fc\u011f\u00fcn\u00fc destekliyor muydu? Daha da \u00f6nemlisi ABD\u2019nin K\u00fcrt politikas\u0131 neydi, ba\u011f\u0131ms\u0131z bir K\u00fcrt devleti istiyor muydu? Bilinen bir ger\u00e7ek vard\u0131 ki, o da, gerek T\u00fcrkiye\u2019deki, gerekse \u0130ran, Irak ve Suriye\u2019deki K\u00fcrtler, ABD a\u00e7\u0131s\u0131ndan b\u00f6lgedeki vazge\u00e7ilmez piyonlard\u0131. Gazeteci yazar Turan Yavuz\u2019un kaleme ald\u0131\u011f\u0131 bu kitap, \u0130kinci D\u00fcnya Sava\u015f\u0131\u2019ndan 1990\u2019lar\u0131n ba\u015f\u0131na kadar, yani George Bush y\u00f6netimine kadar ABD\u2019nin b\u00f6lgede bilhassa K\u00fcrtlere kar\u015f\u0131 g\u00fctt\u00fc\u011f\u00fc politikalar\u0131 g\u00f6zler \u00f6n\u00fcne seriyor. Ayr\u0131ca K\u00f6rfez Sava\u015f\u0131 s\u0131ras\u0131nda T\u00fcrkiye\u2019nin konumu  ve merhum Cumhurba\u015fkan\u0131 Turgut \u00d6zal\u2019\u0131n bilhassa Musul-Kerk\u00fck senaryolar\u0131 ve Irak\u2019a kar\u015f\u0131 ikinci bir cephe a\u00e7\u0131lmas\u0131 niyetlerinin g\u00fcn \u0131\u015f\u0131\u011f\u0131na \u00e7\u0131kmas\u0131yla ilgili konular\u0131 da etrafl\u0131ca ele al\u0131yor. <\/p>\n","protected":false},"excerpt":{"rendered":"<p>1998 y\u0131l\u0131n\u0131n \u015eubat ay\u0131nda ABD\u2019nin yeniden K\u00f6rfez sular\u0131n\u0131 \u0131s\u0131nd\u0131rmas\u0131 ve Saddam H\u00fcseyin\u2019le Irak\u2019a kar\u015f\u0131 kapsaml\u0131 bir askeri harek\u00e2ta giri\u015fmek istemesi, t\u00fcm d\u00fcnyan\u0131n dikkatini ister istemez Ortado\u011fu\u2019ya<span class=\"excerpt-hellip\"> [\u2026]<\/span><\/p>\n","protected":false},"featured_media":0,"template":"","meta":{"_monsterinsights_skip_tracking":false,"_monsterinsights_sitenote_active":false,"_monsterinsights_sitenote_note":"","_monsterinsights_sitenote_category":0},"product_brand":[],"product_cat":[13590,12337],"product_tag":[],"class_list":{"0":"post-719932","1":"product","2":"type-product","3":"status-publish","5":"product_cat-arastirma-inceleme-politika-siyaset","6":"product_cat-politika-siyaset","7":"pa_cilt-ciltsiz","8":"pa_tur-kitap","9":"pa_yayinevi-destek-yayinlari","10":"pa_yazar-turan-yavuz","12":"first","13":"instock","14":"sale","15":"shipping-taxable","16":"purchasable","17":"product-type-simple"},"_links":{"self":[{"href":"https:\/\/roveyayinevi.com.tr\/index.php\/wp-json\/wp\/v2\/product\/719932","targetHints":{"allow":["GET"]}}],"collection":[{"href":"https:\/\/roveyayinevi.com.tr\/index.php\/wp-json\/wp\/v2\/product"}],"about":[{"href":"https:\/\/roveyayinevi.com.tr\/index.php\/wp-json\/wp\/v2\/types\/product"}],"wp:attachment":[{"href":"https:\/\/roveyayinevi.com.tr\/index.php\/wp-json\/wp\/v2\/media?parent=719932"}],"wp:term":[{"taxonomy":"product_brand","embeddable":true,"href":"https:\/\/roveyayinevi.com.tr\/index.php\/wp-json\/wp\/v2\/product_brand?post=719932"},{"taxonomy":"product_cat","embeddable":true,"href":"https:\/\/roveyayinevi.com.tr\/index.php\/wp-json\/wp\/v2\/product_cat?post=719932"},{"taxonomy":"product_tag","embeddable":true,"href":"https:\/\/roveyayinevi.com.tr\/index.php\/wp-json\/wp\/v2\/product_tag?post=719932"}],"curies":[{"name":"wp","href":"https:\/\/api.w.org\/{rel}","templated":true}]}}