{"id":719928,"date":"2025-08-27T18:29:13","date_gmt":"2025-08-27T15:29:13","guid":{"rendered":"https:\/\/roveyayinevi.com.tr\/index.php\/urun\/kurk-mantolu-madonna-15\/"},"modified":"2026-04-16T02:27:56","modified_gmt":"2026-04-15T23:27:56","slug":"kurk-mantolu-madonna-15","status":"publish","type":"product","link":"https:\/\/roveyayinevi.com.tr\/index.php\/urun\/kurk-mantolu-madonna-15\/","title":{"rendered":"K\u00fcrk Mantolu Madonna"},"content":{"rendered":"<p>&#8220;Ah Maria, ni\u00e7in seninle bir pencere kenar\u0131nda oturup konu\u015fam\u0131yoruz? Ni\u00e7in r\u00fczg\u00e2rl\u0131 sonbahar ak\u015famlar\u0131nda, sessizce yan yana y\u00fcr\u00fcyerek ruhlar\u0131m\u0131z\u0131n konu\u015ftu\u011funu dinleyemiyoruz? Ni\u00e7in yan\u0131mda de\u011filsin?&#8221;<\/p>\n","protected":false},"excerpt":{"rendered":"<p>&#8220;Ah Maria, ni\u00e7in seninle bir pencere kenar\u0131nda oturup konu\u015fam\u0131yoruz? Ni\u00e7in r\u00fczg\u00e2rl\u0131 sonbahar ak\u015famlar\u0131nda, sessizce yan yana y\u00fcr\u00fcyerek ruhlar\u0131m\u0131z\u0131n konu\u015ftu\u011funu dinleyemiyoruz? Ni\u00e7in yan\u0131mda de\u011filsin?&#8221;<\/p>\n","protected":false},"featured_media":0,"template":"","meta":{"_monsterinsights_skip_tracking":false,"_monsterinsights_sitenote_active":false,"_monsterinsights_sitenote_note":"","_monsterinsights_sitenote_category":0},"product_brand":[],"product_cat":[12291,12711],"product_tag":[],"class_list":{"0":"post-719928","1":"product","2":"type-product","3":"status-publish","5":"product_cat-edebiyat","6":"product_cat-roman-oyku","7":"pa_cilt-ciltsiz","8":"pa_tur-kitap","9":"pa_yayinevi-muptela-yayinevi","10":"pa_yazar-sabahattin-ali","12":"first","13":"instock","14":"sale","15":"shipping-taxable","16":"purchasable","17":"product-type-simple"},"_links":{"self":[{"href":"https:\/\/roveyayinevi.com.tr\/index.php\/wp-json\/wp\/v2\/product\/719928","targetHints":{"allow":["GET"]}}],"collection":[{"href":"https:\/\/roveyayinevi.com.tr\/index.php\/wp-json\/wp\/v2\/product"}],"about":[{"href":"https:\/\/roveyayinevi.com.tr\/index.php\/wp-json\/wp\/v2\/types\/product"}],"wp:attachment":[{"href":"https:\/\/roveyayinevi.com.tr\/index.php\/wp-json\/wp\/v2\/media?parent=719928"}],"wp:term":[{"taxonomy":"product_brand","embeddable":true,"href":"https:\/\/roveyayinevi.com.tr\/index.php\/wp-json\/wp\/v2\/product_brand?post=719928"},{"taxonomy":"product_cat","embeddable":true,"href":"https:\/\/roveyayinevi.com.tr\/index.php\/wp-json\/wp\/v2\/product_cat?post=719928"},{"taxonomy":"product_tag","embeddable":true,"href":"https:\/\/roveyayinevi.com.tr\/index.php\/wp-json\/wp\/v2\/product_tag?post=719928"}],"curies":[{"name":"wp","href":"https:\/\/api.w.org\/{rel}","templated":true}]}}