{"id":719927,"date":"2025-08-27T18:29:12","date_gmt":"2025-08-27T15:29:12","guid":{"rendered":"https:\/\/roveyayinevi.com.tr\/index.php\/urun\/bilim-akademisi\/"},"modified":"2026-04-16T02:27:56","modified_gmt":"2026-04-15T23:27:56","slug":"bilim-akademisi","status":"publish","type":"product","link":"https:\/\/roveyayinevi.com.tr\/index.php\/urun\/bilim-akademisi\/","title":{"rendered":"Bilim Akademisi"},"content":{"rendered":"<p>Deney yapmay\u0131, \u00f6l\u00e7meyi, \u00fcretmeyi ve ke\u015ffetmeyi seviyor musun?Cevab\u0131n\u0131z evet ise, Bilim Akademisi\u2019ne kaydolun. \u00dcnl\u00fc bilim insanlar\u0131 hakk\u0131nda \u00f6\u011freneceklerinizin yan\u0131 s\u0131ra, kendi kalp at\u0131\u015f\u0131n\u0131z\u0131 kaydedecek, Mars\u2019taki ya\u015f\u0131n\u0131z\u0131 hesaplayacak, kimyasal bir reaksiyon yaratacak ve daha fazlas\u0131n\u0131 yapacaks\u0131n\u0131z. Etkinlikler, bulmacalar, oyunlar ve \u00e7\u0131kartmalarla dolu olan bu kitap, geli\u015fme \u00e7a\u011f\u0131ndaki biyologlara, merakl\u0131 kimyagerlere ve fizik hayranlar\u0131na y\u00f6nelik m\u00fckemmel bir el kitab\u0131.\u00d6yleyse g\u00f6zl\u00fcklerini al, laboratuar \u00f6nl\u00fc\u011f\u00fcn\u00fc giy ve ara\u015ft\u0131rma yapmak i\u00e7in haz\u0131rlan!<\/p>\n","protected":false},"excerpt":{"rendered":"<p>Deney yapmay\u0131, \u00f6l\u00e7meyi, \u00fcretmeyi ve ke\u015ffetmeyi seviyor musun?Cevab\u0131n\u0131z evet ise, Bilim Akademisi\u2019ne kaydolun. \u00dcnl\u00fc bilim insanlar\u0131 hakk\u0131nda \u00f6\u011freneceklerinizin yan\u0131 s\u0131ra, kendi kalp at\u0131\u015f\u0131n\u0131z\u0131 kaydedecek, Mars\u2019taki ya\u015f\u0131n\u0131z\u0131<span class=\"excerpt-hellip\"> [\u2026]<\/span><\/p>\n","protected":false},"featured_media":0,"template":"","meta":{"_monsterinsights_skip_tracking":false,"_monsterinsights_sitenote_active":false,"_monsterinsights_sitenote_note":"","_monsterinsights_sitenote_category":0},"product_brand":[],"product_cat":[13829,12274],"product_tag":[],"class_list":{"0":"post-719927","1":"product","2":"type-product","3":"status-publish","5":"product_cat-bilimsel-kitaplar","6":"product_cat-cocuk-ve-genclik-kitaplari","7":"pa_cilt-ciltsiz","8":"pa_tur-kitap","9":"pa_yayinevi-eksik-parca-yayinlari","10":"pa_yazar-steve-martin-essi-kimpimaki","12":"first","13":"instock","14":"sale","15":"shipping-taxable","16":"purchasable","17":"product-type-simple"},"_links":{"self":[{"href":"https:\/\/roveyayinevi.com.tr\/index.php\/wp-json\/wp\/v2\/product\/719927","targetHints":{"allow":["GET"]}}],"collection":[{"href":"https:\/\/roveyayinevi.com.tr\/index.php\/wp-json\/wp\/v2\/product"}],"about":[{"href":"https:\/\/roveyayinevi.com.tr\/index.php\/wp-json\/wp\/v2\/types\/product"}],"wp:attachment":[{"href":"https:\/\/roveyayinevi.com.tr\/index.php\/wp-json\/wp\/v2\/media?parent=719927"}],"wp:term":[{"taxonomy":"product_brand","embeddable":true,"href":"https:\/\/roveyayinevi.com.tr\/index.php\/wp-json\/wp\/v2\/product_brand?post=719927"},{"taxonomy":"product_cat","embeddable":true,"href":"https:\/\/roveyayinevi.com.tr\/index.php\/wp-json\/wp\/v2\/product_cat?post=719927"},{"taxonomy":"product_tag","embeddable":true,"href":"https:\/\/roveyayinevi.com.tr\/index.php\/wp-json\/wp\/v2\/product_tag?post=719927"}],"curies":[{"name":"wp","href":"https:\/\/api.w.org\/{rel}","templated":true}]}}