{"id":719924,"date":"2025-08-27T18:29:10","date_gmt":"2025-08-27T15:29:10","guid":{"rendered":"https:\/\/roveyayinevi.com.tr\/index.php\/urun\/esrarengiz-saat\/"},"modified":"2026-04-16T02:27:56","modified_gmt":"2026-04-15T23:27:56","slug":"esrarengiz-saat","status":"publish","type":"product","link":"https:\/\/roveyayinevi.com.tr\/index.php\/urun\/esrarengiz-saat\/","title":{"rendered":"Esrarengiz Saat"},"content":{"rendered":"<p>Babas\u0131 d\u00fcnyay\u0131 gezmek i\u00e7in bir yolculu\u011fa \u00e7\u0131kan Ayaz\u2019\u0131n b\u00fct\u00fcn hayat\u0131 de\u011fi\u015fmi\u015fti. Annesi ve iki karde\u015fiyle birlikte her \u015feyi geride b\u0131rakm\u0131\u015f, b\u00fcy\u00fckannesiyle b\u00fcy\u00fckbabas\u0131n\u0131n apartman\u0131ndaki bo\u015f daireye ta\u015f\u0131nm\u0131\u015flard\u0131. Eski, sakin g\u00fcnlerinin yerini art\u0131k curcunal\u0131 yeni bir d\u00fczen alm\u0131\u015ft\u0131. Ancak Ayaz, \u00e7ok ge\u00e7meden bu de\u011fi\u015fikli\u011fin asl\u0131nda \u00e7ok da k\u00f6t\u00fc olmad\u0131\u011f\u0131n\u0131, yolu esrarengiz bir nesneyle kesi\u015fince anlayacakt\u0131. B\u00fcy\u00fckbabas\u0131n\u0131n y\u0131llar \u00f6nce deniza\u015f\u0131r\u0131 bir \u00fclkede buldu\u011fu bir kum saati, Ayaz\u2019a hi\u00e7 tahmin edemeyece\u011fi d\u00fcnyalar\u0131n kap\u0131lar\u0131n\u0131 a\u00e7acakt\u0131!<\/p>\n","protected":false},"excerpt":{"rendered":"<p>Babas\u0131 d\u00fcnyay\u0131 gezmek i\u00e7in bir yolculu\u011fa \u00e7\u0131kan Ayaz\u2019\u0131n b\u00fct\u00fcn hayat\u0131 de\u011fi\u015fmi\u015fti. Annesi ve iki karde\u015fiyle birlikte her \u015feyi geride b\u0131rakm\u0131\u015f, b\u00fcy\u00fckannesiyle b\u00fcy\u00fckbabas\u0131n\u0131n apartman\u0131ndaki bo\u015f daireye ta\u015f\u0131nm\u0131\u015flard\u0131.<span class=\"excerpt-hellip\"> [\u2026]<\/span><\/p>\n","protected":false},"featured_media":0,"template":"","meta":{"_monsterinsights_skip_tracking":false,"_monsterinsights_sitenote_active":false,"_monsterinsights_sitenote_note":"","_monsterinsights_sitenote_category":0},"product_brand":[],"product_cat":[12274,12284],"product_tag":[],"class_list":{"0":"post-719924","1":"product","2":"type-product","3":"status-publish","5":"product_cat-cocuk-ve-genclik-kitaplari","6":"product_cat-hikayeler","7":"pa_cilt-ciltsiz","8":"pa_tur-kitap","9":"pa_yayinevi-ithaki-yayinlari","10":"pa_yazar-nehir-yarar","12":"first","13":"instock","14":"sale","15":"shipping-taxable","16":"purchasable","17":"product-type-simple"},"_links":{"self":[{"href":"https:\/\/roveyayinevi.com.tr\/index.php\/wp-json\/wp\/v2\/product\/719924","targetHints":{"allow":["GET"]}}],"collection":[{"href":"https:\/\/roveyayinevi.com.tr\/index.php\/wp-json\/wp\/v2\/product"}],"about":[{"href":"https:\/\/roveyayinevi.com.tr\/index.php\/wp-json\/wp\/v2\/types\/product"}],"wp:attachment":[{"href":"https:\/\/roveyayinevi.com.tr\/index.php\/wp-json\/wp\/v2\/media?parent=719924"}],"wp:term":[{"taxonomy":"product_brand","embeddable":true,"href":"https:\/\/roveyayinevi.com.tr\/index.php\/wp-json\/wp\/v2\/product_brand?post=719924"},{"taxonomy":"product_cat","embeddable":true,"href":"https:\/\/roveyayinevi.com.tr\/index.php\/wp-json\/wp\/v2\/product_cat?post=719924"},{"taxonomy":"product_tag","embeddable":true,"href":"https:\/\/roveyayinevi.com.tr\/index.php\/wp-json\/wp\/v2\/product_tag?post=719924"}],"curies":[{"name":"wp","href":"https:\/\/api.w.org\/{rel}","templated":true}]}}