{"id":719923,"date":"2025-08-27T18:29:09","date_gmt":"2025-08-27T15:29:09","guid":{"rendered":"https:\/\/roveyayinevi.com.tr\/index.php\/urun\/gunesi-yaninda-tasiyan-adam\/"},"modified":"2026-04-16T02:27:56","modified_gmt":"2026-04-15T23:27:56","slug":"gunesi-yaninda-tasiyan-adam","status":"publish","type":"product","link":"https:\/\/roveyayinevi.com.tr\/index.php\/urun\/gunesi-yaninda-tasiyan-adam\/","title":{"rendered":"G\u00fcne\u015fi Yan\u0131nda Ta\u015f\u0131yan Adam"},"content":{"rendered":"<p>Yapay zeka taraf\u0131ndan y\u00f6netilen bir d\u00fcnya, duygular\u0131ndan ar\u0131nd\u0131r\u0131lm\u0131\u015f insanlar ve o insanlara a\u015fk\u0131 yeniden hat\u0131rlatan uyar\u0131c\u0131 bir madde. G\u00fcne\u015fi Yan\u0131nda Ta\u015f\u0131yan Adam, 2013\u2019de FAB\u0130SAD\u2019\u0131n d\u00fczenledi\u011fi Gio \u00d6d\u00fclleri\u2019nde \u00f6yk\u00fc birincisi olan G. Berkkam\u2019\u0131n ilk roman\u0131. C\u00fcretkar ve s\u00fcrekleyici kurgusuyla T\u00fcrkiye\u2019de yaz\u0131lmaya pek cesaret edilemeyen distopya ve bilimkurgu t\u00fcrlerini ustal\u0131kla harmanl\u0131yor. Derinlikli karakterler ve ba\u015far\u0131l\u0131 diyaloglarla ortaya kolay kolay unutulmayacak bir kitap \u00e7\u0131k\u0131yor.\u201cD\u00fcnya\u2019da bireyselcilik yayg\u0131n ve bask\u0131n bir h\u00e2l almaya ba\u015flad\u0131k\u00e7a Mars halk\u0131 hayat m\u00fccadelesi i\u00e7inde bu kavramdan gittik\u00e7e uzakla\u015fm\u0131\u015ft\u0131. Ki\u015fisel \u00e7\u0131kar sava\u015flar\u0131, yarat\u0131lmaya ba\u015flanan bencil nesiller onlardan \u00e7ok uzakt\u0131. Mars tarihini bilen herkes bunu bilirdi. Onlar geli\u015fmeye devam ederken, D\u00fcnya sava\u015flarla par\u00e7alara ayr\u0131lm\u0131\u015ft\u0131. Sonra da\u011f\u0131lan \u00fclkeler ve toplumlar, dev devletler taraf\u0131ndan yere sa\u00e7\u0131lm\u0131\u015f boncuklar gibi toplanm\u0131\u015ft\u0131. \u0130\u015fte D\u00fcnya ile ili\u015fkiler o d\u00f6nem koptu. Mars halk\u0131 bu i\u011fren\u00e7, a\u00e7g\u00f6zl\u00fc \u00e7\u0131kar vir\u00fcs\u00fcn\u00fcn Mars\u2019a bula\u015fmas\u0131n\u0131 ve onun elinde oyuncak olmay\u0131 kabul edemezdi. Sonra Nuit do\u011fdu. D\u00fcnyay\u0131 kurtaran bir yapay zeka. D\u00fc\u015f\u00fcn\u00fcyor, geli\u015fiyor, tamamen do\u011fru kararlar al\u0131yordu. Ac\u0131madan d\u00fcnyay\u0131 pisliklerden temizledi, \u00e7ok ge\u00e7meden t\u00fcm boncuklar\u0131 tek bir ipe dizerek tac\u0131 ba\u015f\u0131na ge\u00e7irdi. \u0130nsanlar i\u00e7in onun y\u00f6netimi bir kurtulu\u015ftu. \u0130nsanlar\u0131 \u0131rklar\u0131na g\u00f6re ay\u0131rmadan, s\u0131n\u0131rlarla ayr\u0131lmayan dev bir global sistem olu\u015fturdu. Hi\u00e7bir \u015fey h\u0131rstan g\u00f6z\u00fc d\u00f6nm\u00fc\u015f bir \u015fekilde insanlar\u0131 y\u00f6neten devletlerin zulm\u00fcnden daha k\u00f6t\u00fc olamazd\u0131. Nuit hepsini satran\u00e7 oynar gibi tek tek yok etti. Onun h\u00fck\u00fcmdarl\u0131\u011f\u0131n\u0131 kabul etmeyen t\u00fcm liderleri \u00f6ld\u00fcrd\u00fc. Tek, mutlak ve \u00f6l\u00fcms\u00fcz lider, kendi kusursuz d\u00fcnyas\u0131n\u0131 yaratt\u0131.\u201d<\/p>\n","protected":false},"excerpt":{"rendered":"<p>Yapay zeka taraf\u0131ndan y\u00f6netilen bir d\u00fcnya, duygular\u0131ndan ar\u0131nd\u0131r\u0131lm\u0131\u015f insanlar ve o insanlara a\u015fk\u0131 yeniden hat\u0131rlatan uyar\u0131c\u0131 bir madde. G\u00fcne\u015fi Yan\u0131nda Ta\u015f\u0131yan Adam, 2013\u2019de FAB\u0130SAD\u2019\u0131n d\u00fczenledi\u011fi Gio<span class=\"excerpt-hellip\"> [\u2026]<\/span><\/p>\n","protected":false},"featured_media":0,"template":"","meta":{"_monsterinsights_skip_tracking":false,"_monsterinsights_sitenote_active":false,"_monsterinsights_sitenote_note":"","_monsterinsights_sitenote_category":0},"product_brand":[],"product_cat":[12291,12711],"product_tag":[],"class_list":{"0":"post-719923","1":"product","2":"type-product","3":"status-publish","5":"product_cat-edebiyat","6":"product_cat-roman-oyku","7":"pa_cilt-ciltsiz","8":"pa_tur-kitap","9":"pa_yayinevi-ithaki-yayinlari","10":"pa_yazar-gulbike-berkkam","12":"first","13":"instock","14":"sale","15":"shipping-taxable","16":"purchasable","17":"product-type-simple"},"_links":{"self":[{"href":"https:\/\/roveyayinevi.com.tr\/index.php\/wp-json\/wp\/v2\/product\/719923","targetHints":{"allow":["GET"]}}],"collection":[{"href":"https:\/\/roveyayinevi.com.tr\/index.php\/wp-json\/wp\/v2\/product"}],"about":[{"href":"https:\/\/roveyayinevi.com.tr\/index.php\/wp-json\/wp\/v2\/types\/product"}],"wp:attachment":[{"href":"https:\/\/roveyayinevi.com.tr\/index.php\/wp-json\/wp\/v2\/media?parent=719923"}],"wp:term":[{"taxonomy":"product_brand","embeddable":true,"href":"https:\/\/roveyayinevi.com.tr\/index.php\/wp-json\/wp\/v2\/product_brand?post=719923"},{"taxonomy":"product_cat","embeddable":true,"href":"https:\/\/roveyayinevi.com.tr\/index.php\/wp-json\/wp\/v2\/product_cat?post=719923"},{"taxonomy":"product_tag","embeddable":true,"href":"https:\/\/roveyayinevi.com.tr\/index.php\/wp-json\/wp\/v2\/product_tag?post=719923"}],"curies":[{"name":"wp","href":"https:\/\/api.w.org\/{rel}","templated":true}]}}