{"id":719920,"date":"2025-08-27T18:29:06","date_gmt":"2025-08-27T15:29:06","guid":{"rendered":"https:\/\/roveyayinevi.com.tr\/index.php\/urun\/devrim-yeniden\/"},"modified":"2026-04-08T02:35:07","modified_gmt":"2026-04-07T23:35:07","slug":"devrim-yeniden","status":"publish","type":"product","link":"https:\/\/roveyayinevi.com.tr\/index.php\/urun\/devrim-yeniden\/","title":{"rendered":"Devrim Yeniden"},"content":{"rendered":"<p>Ekvador\u2019da Ba\u015fkan\u2019\u0131n ofisinde \u00e7al\u0131\u015fan Leopoldo, \u00fcniversite e\u011fitimi i\u00e7in Amerika\u2019ya gidip bir daha geri d\u00f6nmeyen dostu Antonio\u2019yu \u00fclkeye \u00e7a\u011f\u0131r\u0131yor. Bu noktada \u00fc\u00e7\u00fcnc\u00fc arkada\u015flar\u0131, \u00fclkeden hi\u00e7 ayr\u0131lmam\u0131\u015f, y\u0131llar\u0131n\u0131 radyo program\u0131yla halk\u0131 uyan\u0131\u015fa \u00e7a\u011f\u0131rmakla ge\u00e7irmi\u015f Rolando hik\u00e2yeye dahil oluyor. Bir araya geliyorlar, konu\u015fuyorlar, Ba\u015fkan\u2019a kar\u015f\u0131 rakip adayl\u0131k i\u00e7in kampanya y\u00fcr\u00fct\u00fcyorlar&#8230; Peki ya sonu\u00e7? Ya ger\u00e7ek ma\u011fdurlar?.. Kendileriyle, ge\u00e7mi\u015fleriyle, aileleriyle, \u00e7evreleriyle ve se\u00e7imleriyle hesapla\u015fan; zay\u0131fl\u0131klar\u0131, \u00e7eli\u015fkileri ve ikiy\u00fczl\u00fcl\u00fckleriyle y\u00fczle\u015fen insanlar\u0131n hik\u00e2yesi bu.S\u0131rad\u0131\u015f\u0131, abs\u00fcrt ve kendinden emin tavr\u0131yla Devrim, Yeniden Ekvador\u2019un ekonomik ve siyasal \u00e7\u0131kmazlar\u0131na \u00e7\u00f6z\u00fcm bulmaya \u00e7al\u0131\u015fan \u00fc\u00e7 \u00e7ocukluk arkada\u015f\u0131n\u0131n tak\u0131nt\u0131l\u0131 idealizminin hik\u00e2yesi. Sorun \u015fu ki hayat her \u015feyi bir noktada kar\u015f\u0131 kar\u015f\u0131ya getirecek, onlar\u0131 da&#8230;\u201cDevrim, Yeniden \u00f6zel bir kitap, \u2013 politik ayr\u0131nt\u0131larda bo\u011fulmayan politikli\u011fi, laf kalabal\u0131\u011f\u0131 ard\u0131na gizlenmeyen yenilik\u00e7i dili, tarih\u00ee ger\u00e7eklikle ki\u015fisel hik\u00e2yelerin m\u00fcthi\u015f birlikteli\u011fi&#8230; Bir yan\u0131 kara mizah, bir yan\u0131 sosyal ger\u00e7ek\u00e7i, zengin karakterlerle bezeli %100 iyi bir hik\u00e2ye.\u201dKirkus Reviews\u201cC\u00e1rdenas\u2019\u0131n hayat dolu ilk roman\u0131 Devrim, Yeniden\u2019de bir grup Ekvadorlu \u00fclkelerindeki politik durumu de\u011fi\u015ftirmeye \u00e7al\u0131\u015f\u0131yor. Sokak protestolar\u0131ndan \u015fa\u015faal\u0131 partilere, uzun ve kesintisiz i\u00e7 monologlardan \u0131\u015f\u0131k h\u0131z\u0131ndaki diyaloglara,  bu roman ba\u015f d\u00f6nd\u00fcr\u00fcc\u00fc g\u00fczellikte uzun c\u00fcmlelerle dolu.\u201dPublishers Weekly\u201cPop k\u00fclt\u00fcr\u00fcnden Ekvador siyasetine neredeyse her \u015feyden bahsederken inan\u00e7, ahlak ve bireyin \u00fclkesine ve ideallerine ba\u011fl\u0131l\u0131\u011f\u0131na dair sorular soran C\u00e1rdenas\u2019\u0131n b\u00fcy\u00fcleyici roman\u0131, Bola\u00f1o hayranlar\u0131n\u0131n kalbini \u00e7alacak\u2026 Devrim, Yeniden Latin Amerikal\u0131 kimli\u011fini, sosyal teknoloji ve bulan\u0131k etnik s\u0131n\u0131rlarla karakterize edilen bir d\u00fcnyada yeniden tan\u0131mlayan bir roman.\u201dLos Angeles Review of Books\u201cDevrim, Yeniden gen\u00e7 idealizmin ka\u00e7\u0131n\u0131lmaz yolsuzlu\u011fun kar\u015f\u0131s\u0131nda duru\u015funu i\u015fleyen cesur bir roman. Mauro Javier C\u00e1rdenas Latin Amerika edebiyat\u0131nda heyecan verici yeni bir ses; Valeria Luiselli, Julio Cort\u00e1zar ve Horacio Castellanos Moya\u2019n\u0131n okurlar\u0131n\u0131n \u00e7ok sevece\u011fi, co\u015fkulu bir kalem.\u201dStephen Sparks<\/p>\n","protected":false},"excerpt":{"rendered":"<p>Ekvador\u2019da Ba\u015fkan\u2019\u0131n ofisinde \u00e7al\u0131\u015fan Leopoldo, \u00fcniversite e\u011fitimi i\u00e7in Amerika\u2019ya gidip bir daha geri d\u00f6nmeyen dostu Antonio\u2019yu \u00fclkeye \u00e7a\u011f\u0131r\u0131yor. Bu noktada \u00fc\u00e7\u00fcnc\u00fc arkada\u015flar\u0131, \u00fclkeden hi\u00e7 ayr\u0131lmam\u0131\u015f, y\u0131llar\u0131n\u0131<span class=\"excerpt-hellip\"> [\u2026]<\/span><\/p>\n","protected":false},"featured_media":0,"template":"","meta":{"_monsterinsights_skip_tracking":false,"_monsterinsights_sitenote_active":false,"_monsterinsights_sitenote_note":"","_monsterinsights_sitenote_category":0},"product_brand":[],"product_cat":[12291,12711],"product_tag":[],"class_list":{"0":"post-719920","1":"product","2":"type-product","3":"status-publish","5":"product_cat-edebiyat","6":"product_cat-roman-oyku","7":"pa_cilt-ciltsiz","8":"pa_tur-kitap","9":"pa_yayinevi-timas-yayinlari","10":"pa_yazar-mauro-javier-cardenas","12":"first","13":"instock","14":"sale","15":"shipping-taxable","16":"purchasable","17":"product-type-simple"},"_links":{"self":[{"href":"https:\/\/roveyayinevi.com.tr\/index.php\/wp-json\/wp\/v2\/product\/719920","targetHints":{"allow":["GET"]}}],"collection":[{"href":"https:\/\/roveyayinevi.com.tr\/index.php\/wp-json\/wp\/v2\/product"}],"about":[{"href":"https:\/\/roveyayinevi.com.tr\/index.php\/wp-json\/wp\/v2\/types\/product"}],"wp:attachment":[{"href":"https:\/\/roveyayinevi.com.tr\/index.php\/wp-json\/wp\/v2\/media?parent=719920"}],"wp:term":[{"taxonomy":"product_brand","embeddable":true,"href":"https:\/\/roveyayinevi.com.tr\/index.php\/wp-json\/wp\/v2\/product_brand?post=719920"},{"taxonomy":"product_cat","embeddable":true,"href":"https:\/\/roveyayinevi.com.tr\/index.php\/wp-json\/wp\/v2\/product_cat?post=719920"},{"taxonomy":"product_tag","embeddable":true,"href":"https:\/\/roveyayinevi.com.tr\/index.php\/wp-json\/wp\/v2\/product_tag?post=719920"}],"curies":[{"name":"wp","href":"https:\/\/api.w.org\/{rel}","templated":true}]}}