{"id":719917,"date":"2025-08-27T18:29:04","date_gmt":"2025-08-27T15:29:04","guid":{"rendered":"https:\/\/roveyayinevi.com.tr\/index.php\/urun\/buyuk-orman-yanginlari-national-geographic-kids\/"},"modified":"2026-04-16T02:27:56","modified_gmt":"2026-04-15T23:27:56","slug":"buyuk-orman-yanginlari-national-geographic-kids","status":"publish","type":"product","link":"https:\/\/roveyayinevi.com.tr\/index.php\/urun\/buyuk-orman-yanginlari-national-geographic-kids\/","title":{"rendered":"B\u00fcy\u00fck Orman Yang\u0131nlar\u0131 &#8211; National Geographic Kids"},"content":{"rendered":"<p>Yeni okumaya ba\u015flayan \u00e7ocuklar i\u00e7in National Geographic Kids\u2019ten e\u011flenceli ve \u00f6\u011fretici bir ba\u015fl\u0131k daha.National Geographic Kids Okuma Kitaplar\u0131 okumaya yeni ba\u015flam\u0131\u015f olan \u00e7ocuklar i\u00e7in haz\u0131rlanm\u0131\u015ft\u0131r. \u00dc\u00e7 ayr\u0131 seviyesi bulunan kitaplar ilgin\u00e7 i\u00e7erikleri, merak uyand\u0131ran konu ba\u015fl\u0131klar\u0131yla \u00e7ocuklar\u0131n okuma hevesini destekler.Orman yang\u0131n\u0131 sonras\u0131nda \u0131\u015f\u0131k topra\u011fa ula\u015fabilir hale gelir ve ormanlarda hayat yeniden ba\u015flar. Kendi ba\u015f\u0131na okuyabilen \u00e7ocuklar i\u00e7in haz\u0131rlanan B\u00fcy\u00fck Orman Yang\u0131nlar\u0131; yang\u0131nlar\u0131n nas\u0131l ba\u015flayabilece\u011fini, nas\u0131l durdurulabilece\u011fini ve yang\u0131n sonras\u0131 ormanda neler ya\u015fand\u0131\u011f\u0131n\u0131 gen\u00e7 okurlar\u0131na ilgin\u00e7 bir \u015fekilde anlat\u0131yor.<\/p>\n","protected":false},"excerpt":{"rendered":"<p>Yeni okumaya ba\u015flayan \u00e7ocuklar i\u00e7in National Geographic Kids\u2019ten e\u011flenceli ve \u00f6\u011fretici bir ba\u015fl\u0131k daha.National Geographic Kids Okuma Kitaplar\u0131 okumaya yeni ba\u015flam\u0131\u015f olan \u00e7ocuklar i\u00e7in haz\u0131rlanm\u0131\u015ft\u0131r. \u00dc\u00e7<span class=\"excerpt-hellip\"> [\u2026]<\/span><\/p>\n","protected":false},"featured_media":0,"template":"","meta":{"_monsterinsights_skip_tracking":false,"_monsterinsights_sitenote_active":false,"_monsterinsights_sitenote_note":"","_monsterinsights_sitenote_category":0},"product_brand":[],"product_cat":[12274,14573],"product_tag":[],"class_list":{"0":"post-719917","1":"product","2":"type-product","3":"status-publish","5":"product_cat-cocuk-ve-genclik-kitaplari","6":"product_cat-referans-kitaplar-cocuk-ve-genclik-kitaplari","7":"pa_cilt-ciltsiz","8":"pa_tur-kitap","9":"pa_yayinevi-beta-kids","10":"pa_yazar-kathy-furgang","12":"first","13":"instock","14":"sale","15":"shipping-taxable","16":"purchasable","17":"product-type-simple"},"_links":{"self":[{"href":"https:\/\/roveyayinevi.com.tr\/index.php\/wp-json\/wp\/v2\/product\/719917","targetHints":{"allow":["GET"]}}],"collection":[{"href":"https:\/\/roveyayinevi.com.tr\/index.php\/wp-json\/wp\/v2\/product"}],"about":[{"href":"https:\/\/roveyayinevi.com.tr\/index.php\/wp-json\/wp\/v2\/types\/product"}],"wp:attachment":[{"href":"https:\/\/roveyayinevi.com.tr\/index.php\/wp-json\/wp\/v2\/media?parent=719917"}],"wp:term":[{"taxonomy":"product_brand","embeddable":true,"href":"https:\/\/roveyayinevi.com.tr\/index.php\/wp-json\/wp\/v2\/product_brand?post=719917"},{"taxonomy":"product_cat","embeddable":true,"href":"https:\/\/roveyayinevi.com.tr\/index.php\/wp-json\/wp\/v2\/product_cat?post=719917"},{"taxonomy":"product_tag","embeddable":true,"href":"https:\/\/roveyayinevi.com.tr\/index.php\/wp-json\/wp\/v2\/product_tag?post=719917"}],"curies":[{"name":"wp","href":"https:\/\/api.w.org\/{rel}","templated":true}]}}