{"id":719916,"date":"2025-08-27T18:29:03","date_gmt":"2025-08-27T15:29:03","guid":{"rendered":"https:\/\/roveyayinevi.com.tr\/index.php\/urun\/ayilar-national-geographic-kids\/"},"modified":"2026-04-16T02:27:56","modified_gmt":"2026-04-15T23:27:56","slug":"ayilar-national-geographic-kids","status":"publish","type":"product","link":"https:\/\/roveyayinevi.com.tr\/index.php\/urun\/ayilar-national-geographic-kids\/","title":{"rendered":"Ay\u0131lar &#8211; National Geographic Kids"},"content":{"rendered":"<p>Yeni okumaya ba\u015flayan \u00e7ocuklar i\u00e7in National Geographic\u2019ten e\u011flenceli ve \u00f6\u011fretici bir ba\u015fl\u0131k daha.National Geographic Kids Okuma Kitaplar\u0131 okumaya yeni ba\u015flam\u0131\u015f olan \u00e7ocuklar i\u00e7in haz\u0131rlanm\u0131\u015ft\u0131r. \u00dc\u00e7 ayr\u0131 seviyesi bulunan kitaplar ilgin\u00e7 i\u00e7erikleri, merak uyand\u0131ran konu ba\u015fl\u0131klar\u0131yla \u00e7ocuklar\u0131n okuma hevesini destekler.Ay\u0131lar kitab\u0131ysa, kendi kendine okumaya hen\u00fcz ba\u015flayan \u00e7ocu\u011funuz i\u00e7in e\u011flenceli ve \u00f6\u011fretici bir okuma s\u00f6z\u00fc veriyor.<\/p>\n","protected":false},"excerpt":{"rendered":"<p>Yeni okumaya ba\u015flayan \u00e7ocuklar i\u00e7in National Geographic\u2019ten e\u011flenceli ve \u00f6\u011fretici bir ba\u015fl\u0131k daha.National Geographic Kids Okuma Kitaplar\u0131 okumaya yeni ba\u015flam\u0131\u015f olan \u00e7ocuklar i\u00e7in haz\u0131rlanm\u0131\u015ft\u0131r. \u00dc\u00e7 ayr\u0131<span class=\"excerpt-hellip\"> [\u2026]<\/span><\/p>\n","protected":false},"featured_media":0,"template":"","meta":{"_monsterinsights_skip_tracking":false,"_monsterinsights_sitenote_active":false,"_monsterinsights_sitenote_note":"","_monsterinsights_sitenote_category":0},"product_brand":[],"product_cat":[12274,14573],"product_tag":[],"class_list":{"0":"post-719916","1":"product","2":"type-product","3":"status-publish","5":"product_cat-cocuk-ve-genclik-kitaplari","6":"product_cat-referans-kitaplar-cocuk-ve-genclik-kitaplari","7":"pa_cilt-ciltsiz","8":"pa_tur-kitap","9":"pa_yayinevi-beta-kids","10":"pa_yazar-elizabeth-carney","12":"first","13":"instock","14":"sale","15":"shipping-taxable","16":"purchasable","17":"product-type-simple"},"_links":{"self":[{"href":"https:\/\/roveyayinevi.com.tr\/index.php\/wp-json\/wp\/v2\/product\/719916","targetHints":{"allow":["GET"]}}],"collection":[{"href":"https:\/\/roveyayinevi.com.tr\/index.php\/wp-json\/wp\/v2\/product"}],"about":[{"href":"https:\/\/roveyayinevi.com.tr\/index.php\/wp-json\/wp\/v2\/types\/product"}],"wp:attachment":[{"href":"https:\/\/roveyayinevi.com.tr\/index.php\/wp-json\/wp\/v2\/media?parent=719916"}],"wp:term":[{"taxonomy":"product_brand","embeddable":true,"href":"https:\/\/roveyayinevi.com.tr\/index.php\/wp-json\/wp\/v2\/product_brand?post=719916"},{"taxonomy":"product_cat","embeddable":true,"href":"https:\/\/roveyayinevi.com.tr\/index.php\/wp-json\/wp\/v2\/product_cat?post=719916"},{"taxonomy":"product_tag","embeddable":true,"href":"https:\/\/roveyayinevi.com.tr\/index.php\/wp-json\/wp\/v2\/product_tag?post=719916"}],"curies":[{"name":"wp","href":"https:\/\/api.w.org\/{rel}","templated":true}]}}