{"id":719913,"date":"2025-08-27T18:29:01","date_gmt":"2025-08-27T15:29:01","guid":{"rendered":"https:\/\/roveyayinevi.com.tr\/index.php\/urun\/simit-ekonomisi\/"},"modified":"2026-04-16T02:27:56","modified_gmt":"2026-04-15T23:27:56","slug":"simit-ekonomisi","status":"publish","type":"product","link":"https:\/\/roveyayinevi.com.tr\/index.php\/urun\/simit-ekonomisi\/","title":{"rendered":"Simit Ekonomisi"},"content":{"rendered":"<p>\u201cE\u011fer yeni bir ekonomi \u00f6yk\u00fcs\u00fc yazmak istiyorsak, eskileri ge\u00e7mi\u015f y\u00fczy\u0131l\u0131n ders kitaplar\u0131na g\u00f6mecek yeni resimler \u00e7izmek zorunday\u0131z.\u201dKate Raworth, Simit Ekonomisi\u2019nde miras ald\u0131\u011f\u0131m\u0131z tahripk\u00e2r end\u00fcstriyel ekonomileri yenileyici ekonomilere d\u00f6n\u00fc\u015ft\u00fcrmek ve mevcut fikirlerin en iyilerini bir araya getirerek s\u00fcrekli evrim ge\u00e7iren yeni bir ekonomik zihniyet yaratmak i\u00e7in yedi hedef ortaya koyuyor.21. y\u00fczy\u0131l\u0131n ekonomik d\u00fc\u015f\u00fcncesinin kalbine b\u00fcy\u00fcmeden ziyade geli\u015fmeyi, adaleti ve hakkaniyeti yerle\u015ftirerek, bize ev sahipli\u011fi yapan d\u00fcnyay\u0131 idare etme sanat\u0131na s\u00fcrd\u00fcr\u00fclebilir hedeflerle y\u00f6n verebilece\u011fimiz yepyeni bir resim \u00e7iziyor!<\/p>\n","protected":false},"excerpt":{"rendered":"<p>\u201cE\u011fer yeni bir ekonomi \u00f6yk\u00fcs\u00fc yazmak istiyorsak, eskileri ge\u00e7mi\u015f y\u00fczy\u0131l\u0131n ders kitaplar\u0131na g\u00f6mecek yeni resimler \u00e7izmek zorunday\u0131z.\u201dKate Raworth, Simit Ekonomisi\u2019nde miras ald\u0131\u011f\u0131m\u0131z tahripk\u00e2r end\u00fcstriyel ekonomileri yenileyici<span class=\"excerpt-hellip\"> [\u2026]<\/span><\/p>\n","protected":false},"featured_media":0,"template":"","meta":{"_monsterinsights_skip_tracking":false,"_monsterinsights_sitenote_active":false,"_monsterinsights_sitenote_note":"","_monsterinsights_sitenote_category":0},"product_brand":[],"product_cat":[13044,13043],"product_tag":[],"class_list":{"0":"post-719913","1":"product","2":"type-product","3":"status-publish","5":"product_cat-dunya-ekonomisi","6":"product_cat-ekonomi","7":"pa_cilt-ciltsiz","8":"pa_tur-kitap","9":"pa_yayinevi-tellekt","10":"pa_yazar-kate-raworth","12":"first","13":"instock","14":"sale","15":"shipping-taxable","16":"purchasable","17":"product-type-simple"},"_links":{"self":[{"href":"https:\/\/roveyayinevi.com.tr\/index.php\/wp-json\/wp\/v2\/product\/719913","targetHints":{"allow":["GET"]}}],"collection":[{"href":"https:\/\/roveyayinevi.com.tr\/index.php\/wp-json\/wp\/v2\/product"}],"about":[{"href":"https:\/\/roveyayinevi.com.tr\/index.php\/wp-json\/wp\/v2\/types\/product"}],"wp:attachment":[{"href":"https:\/\/roveyayinevi.com.tr\/index.php\/wp-json\/wp\/v2\/media?parent=719913"}],"wp:term":[{"taxonomy":"product_brand","embeddable":true,"href":"https:\/\/roveyayinevi.com.tr\/index.php\/wp-json\/wp\/v2\/product_brand?post=719913"},{"taxonomy":"product_cat","embeddable":true,"href":"https:\/\/roveyayinevi.com.tr\/index.php\/wp-json\/wp\/v2\/product_cat?post=719913"},{"taxonomy":"product_tag","embeddable":true,"href":"https:\/\/roveyayinevi.com.tr\/index.php\/wp-json\/wp\/v2\/product_tag?post=719913"}],"curies":[{"name":"wp","href":"https:\/\/api.w.org\/{rel}","templated":true}]}}