{"id":719909,"date":"2025-08-27T18:28:57","date_gmt":"2025-08-27T15:28:57","guid":{"rendered":"https:\/\/roveyayinevi.com.tr\/index.php\/urun\/kagni-2\/"},"modified":"2026-04-16T02:27:56","modified_gmt":"2026-04-15T23:27:56","slug":"kagni-2","status":"publish","type":"product","link":"https:\/\/roveyayinevi.com.tr\/index.php\/urun\/kagni-2\/","title":{"rendered":"Ka\u011fn\u0131"},"content":{"rendered":"<p>Fakat sorar\u0131m size: K\u00f6yl\u00fc verdi\u011fine mukabil ne al\u0131r? Yolunu kendi yapmaya mecburdur, sokaklar\u0131 zavall\u0131 talihinden daha karanl\u0131kt\u0131r ve mektep, y\u00fcz k\u00f6y\u00fcn birinde bile yoktur. Candarma oralara asayi\u015ften ziyade vergi tahsilini temin i\u00e7in gider.  Kendimizi aldatmaya l\u0131m, k\u00f6yl\u00fc m\u00fctemadiyen vermi\u015f, buna mukabil hi\u00e7bir \u015fey almam\u0131\u015ft\u0131r. Bunlar\u0131 itiraf etmek belki, e\u011fer bir par\u00e7a vicdan\u0131m\u0131z varsa, yedi\u011fimiz bir lokma ekme\u011fin bo\u011faz\u0131m\u0131zda kalmas\u0131na sebep olacakt\u0131r ve ihtimal vicdan\u0131m\u0131z\u0131n sadas\u0131n\u0131 duymamak i\u00e7in, \u201cK\u00f6yl\u00fc efendimizdir!\u201d gibi c\u00fcmleler g\u00fczel birer morfindir. Fakat hi\u00e7bir c\u00fcmle hakikati de\u011fi\u015ftirmek iktidar\u0131nda de\u011fildir.Sabahattin Ali \u00f6yk\u00fclerinde kendi d\u00f6nemi i\u00e7inde zamans\u0131z olan\u0131 buluyor, yerel olandan evrensele ula\u015f\u0131yor. Habercilikle masalc\u0131l\u0131\u011f\u0131, an\u0131yla efsaneyi, bir g\u00f6zlemcinin tarafs\u0131zl\u0131\u011f\u0131yla k\u0131ssadan hisseler anlatan bir \u00e7\u0131nar alt\u0131 meddah\u0131n\u0131n dilini birbirine harmanl\u0131yor.<\/p>\n","protected":false},"excerpt":{"rendered":"<p>Fakat sorar\u0131m size: K\u00f6yl\u00fc verdi\u011fine mukabil ne al\u0131r? Yolunu kendi yapmaya mecburdur, sokaklar\u0131 zavall\u0131 talihinden daha karanl\u0131kt\u0131r ve mektep, y\u00fcz k\u00f6y\u00fcn birinde bile yoktur. Candarma oralara<span class=\"excerpt-hellip\"> [\u2026]<\/span><\/p>\n","protected":false},"featured_media":0,"template":"","meta":{"_monsterinsights_skip_tracking":false,"_monsterinsights_sitenote_active":false,"_monsterinsights_sitenote_note":"","_monsterinsights_sitenote_category":0},"product_brand":[],"product_cat":[12291,12711],"product_tag":[],"class_list":{"0":"post-719909","1":"product","2":"type-product","3":"status-publish","5":"product_cat-edebiyat","6":"product_cat-roman-oyku","7":"pa_cilt-ciltsiz","8":"pa_tur-kitap","9":"pa_yayinevi-can-yayinlari","10":"pa_yazar-sabahattin-ali","12":"first","13":"instock","14":"sale","15":"shipping-taxable","16":"purchasable","17":"product-type-simple"},"_links":{"self":[{"href":"https:\/\/roveyayinevi.com.tr\/index.php\/wp-json\/wp\/v2\/product\/719909","targetHints":{"allow":["GET"]}}],"collection":[{"href":"https:\/\/roveyayinevi.com.tr\/index.php\/wp-json\/wp\/v2\/product"}],"about":[{"href":"https:\/\/roveyayinevi.com.tr\/index.php\/wp-json\/wp\/v2\/types\/product"}],"wp:attachment":[{"href":"https:\/\/roveyayinevi.com.tr\/index.php\/wp-json\/wp\/v2\/media?parent=719909"}],"wp:term":[{"taxonomy":"product_brand","embeddable":true,"href":"https:\/\/roveyayinevi.com.tr\/index.php\/wp-json\/wp\/v2\/product_brand?post=719909"},{"taxonomy":"product_cat","embeddable":true,"href":"https:\/\/roveyayinevi.com.tr\/index.php\/wp-json\/wp\/v2\/product_cat?post=719909"},{"taxonomy":"product_tag","embeddable":true,"href":"https:\/\/roveyayinevi.com.tr\/index.php\/wp-json\/wp\/v2\/product_tag?post=719909"}],"curies":[{"name":"wp","href":"https:\/\/api.w.org\/{rel}","templated":true}]}}