{"id":719908,"date":"2025-08-27T18:28:57","date_gmt":"2025-08-27T15:28:57","guid":{"rendered":"https:\/\/roveyayinevi.com.tr\/index.php\/urun\/eniste-risalesi\/"},"modified":"2026-04-16T02:27:56","modified_gmt":"2026-04-15T23:27:56","slug":"eniste-risalesi","status":"publish","type":"product","link":"https:\/\/roveyayinevi.com.tr\/index.php\/urun\/eniste-risalesi\/","title":{"rendered":"Eni\u015fte Risalesi"},"content":{"rendered":"<p>\u201cEni\u015fte d\u00f6nen bir \u015feydir. Kar\u0131s\u0131n\u0131n zemininde, kendisine y\u00f6nelen bak\u0131\u015flara g\u00f6re, bak\u0131\u015flar\u0131n etkisiyle, bak\u0131\u015flar nezdinde bir topa\u00e7 gibi d\u00f6nerken, birbirinden farkl\u0131 g\u00f6r\u00fcnt\u00fcler sergiler, farkl\u0131 i\u015faretler g\u00f6nderir, farkl\u0131 estetik duyumlara yol a\u00e7ar, farkl\u0131 hisler uyand\u0131r\u0131r. (\u2026) Eni\u015fte aile ortam\u0131n\u0131n yanar d\u00f6neridir. (\u2026)M\u00fctemadiyen \u00f6l\u00e7\u00fcl\u00fcr, bi\u00e7ilir. Eni\u015fte, her daim al\u0131c\u0131 g\u00f6zlerin, m\u00fctecessis bak\u0131\u015flar\u0131n, duraks\u0131z tema\u015falar\u0131n, tehlikeli nazarlar\u0131n, delici meraklar\u0131n hedefidir. Herkes perspektifine g\u00f6re eni\u015ftede bir \u015feyleri merak eder. Eni\u015fte, i\u00e7inde mahremi fokurdayan bir kazand\u0131rakrabalar\u0131n alg\u0131s\u0131nda. Kimse eni\u015fteye kay\u0131ts\u0131z kalamaz.\u201d Ahmet Tulgar Eni\u015fte \u201cm\u00fcessesesi\u201dne, t\u0131pk\u0131 bu m\u00fcessesenin kendisi gibi \u201c\u00e7ok y\u00f6nl\u00fc\u201d bak\u0131\u015flar: Biraz sosyolojik ilgi, biraz pop\u00fcler k\u00fclt\u00fcr analizi, yak\u0131n tarihten bir \u201cmill\u00ee eni\u015fte\u201d \u00f6rne\u011fi, ince g\u00f6zlemler i\u00e7eren denemeler, bol eni\u015fte \u201cdeneyimi\u201d ve hat\u0131ras\u0131\u2026 Aile ili\u015fkileri \u201cformat\u0131na\u201d g\u00f6re kurulan toplumsal ili\u015fkilere, aile kurumunun makamlar\u0131yla tan\u0131mlanan \u201csosyal tiplere\u201d dair bir k\u00fc\u00e7\u00fck panorama, ayn\u0131 zamanda. Veya, isterseniz, her biri nevi \u015fahs\u0131na mahsus bir dizi eni\u015fte tipinin resmige\u00e7idi. Yine Mustafa \u00c7iftci ile Tan\u0131l Bora\u2019n\u0131n derledi\u011fi Yengeler Cumhuriyeti\u2019ne h\u0131s\u0131m bir kitap. Emre Akdere, Cihan Akta\u015f, Tolga Arvas, \u0130mdat Av\u015far, Tan\u0131l Bora, Funda \u015eenol Cantek, Mustafa \u00c7iftci, Kadir Dede, Rita Ender ve Jared Conrad-Bradshaw, Ba\u011f\u0131\u015f Erten, \u00c7a\u011fatay Hakan G\u00fcrkan, Giray Kemer, Metin Solmaz, Ahmet Tulgar, Ta\u00e7l\u0131 Yaz\u0131c\u0131o\u011flu\u2019nun yaz\u0131lar\u0131yla\u2026 <\/p>\n","protected":false},"excerpt":{"rendered":"<p>\u201cEni\u015fte d\u00f6nen bir \u015feydir. Kar\u0131s\u0131n\u0131n zemininde, kendisine y\u00f6nelen bak\u0131\u015flara g\u00f6re, bak\u0131\u015flar\u0131n etkisiyle, bak\u0131\u015flar nezdinde bir topa\u00e7 gibi d\u00f6nerken, birbirinden farkl\u0131 g\u00f6r\u00fcnt\u00fcler sergiler, farkl\u0131 i\u015faretler g\u00f6nderir, farkl\u0131<span class=\"excerpt-hellip\"> [\u2026]<\/span><\/p>\n","protected":false},"featured_media":0,"template":"","meta":{"_monsterinsights_skip_tracking":false,"_monsterinsights_sitenote_active":false,"_monsterinsights_sitenote_note":"","_monsterinsights_sitenote_category":0},"product_brand":[],"product_cat":[12324],"product_tag":[],"class_list":{"0":"post-719908","1":"product","2":"type-product","3":"status-publish","5":"product_cat-sosyoloji","6":"pa_cilt-ciltsiz","7":"pa_tur-kitap","8":"pa_yayinevi-iletisim-yayinlari","9":"pa_yazar-tanil-bora-mustafa-ciftci","11":"first","12":"instock","13":"sale","14":"shipping-taxable","15":"purchasable","16":"product-type-simple"},"_links":{"self":[{"href":"https:\/\/roveyayinevi.com.tr\/index.php\/wp-json\/wp\/v2\/product\/719908","targetHints":{"allow":["GET"]}}],"collection":[{"href":"https:\/\/roveyayinevi.com.tr\/index.php\/wp-json\/wp\/v2\/product"}],"about":[{"href":"https:\/\/roveyayinevi.com.tr\/index.php\/wp-json\/wp\/v2\/types\/product"}],"wp:attachment":[{"href":"https:\/\/roveyayinevi.com.tr\/index.php\/wp-json\/wp\/v2\/media?parent=719908"}],"wp:term":[{"taxonomy":"product_brand","embeddable":true,"href":"https:\/\/roveyayinevi.com.tr\/index.php\/wp-json\/wp\/v2\/product_brand?post=719908"},{"taxonomy":"product_cat","embeddable":true,"href":"https:\/\/roveyayinevi.com.tr\/index.php\/wp-json\/wp\/v2\/product_cat?post=719908"},{"taxonomy":"product_tag","embeddable":true,"href":"https:\/\/roveyayinevi.com.tr\/index.php\/wp-json\/wp\/v2\/product_tag?post=719908"}],"curies":[{"name":"wp","href":"https:\/\/api.w.org\/{rel}","templated":true}]}}