{"id":719906,"date":"2025-08-27T18:28:55","date_gmt":"2025-08-27T15:28:55","guid":{"rendered":"https:\/\/roveyayinevi.com.tr\/index.php\/urun\/buyuk-hesaplasma\/"},"modified":"2026-04-16T02:27:56","modified_gmt":"2026-04-15T23:27:56","slug":"buyuk-hesaplasma","status":"publish","type":"product","link":"https:\/\/roveyayinevi.com.tr\/index.php\/urun\/buyuk-hesaplasma\/","title":{"rendered":"B\u00fcy\u00fck Hesapla\u015fma"},"content":{"rendered":"<p>Tarihin dayan\u0131lmaz ac\u0131lara ve b\u00fcy\u00fck bir ihanete tan\u0131kl\u0131k etti\u011fi, dostluklar\u0131n parampar\u00e7a, ya\u015famlar\u0131n darmada\u011f\u0131n oldu\u011fu y\u0131llar\u0131 anlatan bir yak\u0131n tarih roman\u0131 B\u00fcy\u00fck Hesapla\u015fma&#8230;Deniz Lisesi\u2019nde okuduklar\u0131 g\u00fcnlerden beri birbirine karde\u015f\u00e7e ba\u011fl\u0131 \u00fc\u00e7 askerin yollar\u0131, 15 Temmuz 2016\u2019da ya\u015fanan darbe giri\u015fimi s\u00fcreciyle hayli d\u00fc\u015f\u00fcnd\u00fcr\u00fcc\u00fc ve sars\u0131c\u0131 \u015fekilde ayr\u0131l\u0131r.Vatan hainli\u011fi su\u00e7lamas\u0131yla b\u00fcy\u00fck bir kumpas\u0131n kurban\u0131 olarak Hasdal Cezaevi\u2019nde yatan bir avu\u00e7 asker, beklenmedik bir kaynaktan istihbarat\u0131n\u0131 ald\u0131klar\u0131 darbe giri\u015fimini \u00f6nlemek i\u00e7in cezaevinden firar etmeye kalk\u0131\u015f\u0131r. B\u00f6ylece \u0130stanbul\u2019dan ba\u015flay\u0131p Do\u011fu Akdeniz\u2019de Suriye, K\u0131br\u0131s ve \u0130srail\u2019e uzanan bir hesapla\u015fma s\u00fcrecinin fitili de ate\u015flenmi\u015f olur.Bu s\u00fcre\u00e7te ortaya \u00e7\u0131kan baz\u0131 s\u0131rlar, yak\u0131n dostlar\u0131n, ayr\u0131lmaz arkada\u015flar\u0131n ve mutlu aile bireylerinin \u00e7at\u0131\u015fmas\u0131n\u0131 ve sonu\u00e7ta kendileriyle hesapla\u015fmas\u0131n\u0131 da ka\u00e7\u0131n\u0131lmaz k\u0131lacakt\u0131r.Emekli T\u00fcmamiral Semih \u00c7etin\u2019in kaleme ald\u0131\u011f\u0131 B\u00fcy\u00fck Hesapla\u015fma s\u00fcr\u00fckleyici kurgusu, yal\u0131n ve g\u00fc\u00e7l\u00fc anlat\u0131m\u0131yla oldu\u011fu kadar, yak\u0131n tarihin karanl\u0131k noktalar\u0131na da \u0131\u015f\u0131k tutmas\u0131 a\u00e7\u0131s\u0131ndan hem bir d\u00f6nemin haf\u0131zas\u0131 hem de lezzetli bir roman olarak e\u015fsiz bir okuma ser\u00fcveni vaat ediyor okura.<\/p>\n","protected":false},"excerpt":{"rendered":"<p>Tarihin dayan\u0131lmaz ac\u0131lara ve b\u00fcy\u00fck bir ihanete tan\u0131kl\u0131k etti\u011fi, dostluklar\u0131n parampar\u00e7a, ya\u015famlar\u0131n darmada\u011f\u0131n oldu\u011fu y\u0131llar\u0131 anlatan bir yak\u0131n tarih roman\u0131 B\u00fcy\u00fck Hesapla\u015fma&#8230;Deniz Lisesi\u2019nde okuduklar\u0131 g\u00fcnlerden beri<span class=\"excerpt-hellip\"> [\u2026]<\/span><\/p>\n","protected":false},"featured_media":0,"template":"","meta":{"_monsterinsights_skip_tracking":false,"_monsterinsights_sitenote_active":false,"_monsterinsights_sitenote_note":"","_monsterinsights_sitenote_category":0},"product_brand":[],"product_cat":[12291,12745],"product_tag":[],"class_list":{"0":"post-719906","1":"product","2":"type-product","3":"status-publish","5":"product_cat-edebiyat","6":"product_cat-tarihi-roman","7":"pa_cilt-ciltsiz","8":"pa_tur-kitap","9":"pa_yayinevi-destek-yayinlari","10":"pa_yazar-semih-cetin","12":"first","13":"instock","14":"sale","15":"shipping-taxable","16":"purchasable","17":"product-type-simple"},"_links":{"self":[{"href":"https:\/\/roveyayinevi.com.tr\/index.php\/wp-json\/wp\/v2\/product\/719906","targetHints":{"allow":["GET"]}}],"collection":[{"href":"https:\/\/roveyayinevi.com.tr\/index.php\/wp-json\/wp\/v2\/product"}],"about":[{"href":"https:\/\/roveyayinevi.com.tr\/index.php\/wp-json\/wp\/v2\/types\/product"}],"wp:attachment":[{"href":"https:\/\/roveyayinevi.com.tr\/index.php\/wp-json\/wp\/v2\/media?parent=719906"}],"wp:term":[{"taxonomy":"product_brand","embeddable":true,"href":"https:\/\/roveyayinevi.com.tr\/index.php\/wp-json\/wp\/v2\/product_brand?post=719906"},{"taxonomy":"product_cat","embeddable":true,"href":"https:\/\/roveyayinevi.com.tr\/index.php\/wp-json\/wp\/v2\/product_cat?post=719906"},{"taxonomy":"product_tag","embeddable":true,"href":"https:\/\/roveyayinevi.com.tr\/index.php\/wp-json\/wp\/v2\/product_tag?post=719906"}],"curies":[{"name":"wp","href":"https:\/\/api.w.org\/{rel}","templated":true}]}}