{"id":719905,"date":"2025-08-27T18:28:54","date_gmt":"2025-08-27T15:28:54","guid":{"rendered":"https:\/\/roveyayinevi.com.tr\/index.php\/urun\/cizgili-dunya\/"},"modified":"2026-04-16T02:27:56","modified_gmt":"2026-04-15T23:27:56","slug":"cizgili-dunya","status":"publish","type":"product","link":"https:\/\/roveyayinevi.com.tr\/index.php\/urun\/cizgili-dunya\/","title":{"rendered":"\u00c7izgili D\u00fcnya"},"content":{"rendered":"<p>\u00c7izgilerle, g\u00f6r\u00fcnenin ard\u0131na do\u011fru yolculuk&#8230;Zamana kar\u015f\u0131 diren\u00e7li \u00e7izgilerini konular\u0131 i\u015fleyi\u015f bi\u00e7imindeki naif g\u00fc\u00e7ten alan Hicabi Demirci\u2019den \u00e7ok \u00f6zel bir alb\u00fcm ke\u015ffedilmeyi bekliyor.\u00c7izgili D\u00fcnya, sanat\u00e7\u0131n\u0131n bir\u00e7ok de\u011ferli karikat\u00fcr\u00fc ile g\u00f6r\u00fcnenin ard\u0131ndakini ke\u015ffetmek isteyen herkesin ar\u015fivinde bulundurmak isteyece\u011fi, koleksiyon de\u011feri ta\u015f\u0131yan \u00f6zel bir kitap.Yunus Nadi Karikat\u00fcr \u00d6d\u00fcl\u00fc ba\u015fta olmak \u00fczere, 72\u2019nin \u00fczerinde \u00f6d\u00fcle de\u011fer g\u00f6r\u00fclm\u00fc\u015f usta karikat\u00fcristin Desen Yay\u0131nlar\u0131 taraf\u0131ndan yay\u0131mlanan \u00c7izgili D\u00fcnya\u2019s\u0131nda; \u00e7ocukluk, sava\u015f, adalet, modern ya\u015fam, korku ve bak\u0131\u015f a\u00e7\u0131lar\u0131ndaki farkl\u0131l\u0131klar gibi pek \u00e7ok teman\u0131n salt \u00e7izgilerle i\u015flendi\u011fi, ya\u015f ve dil fark\u0131 g\u00f6zetmeyen 105 karikat\u00fcr yer al\u0131yor.T\u00fcrkiye genelindeki \u00e7e\u015fitli okullarda ve k\u00fclt\u00fcr merkezlerinde ger\u00e7ekle\u015ftirdi\u011fi karikat\u00fcr okuma at\u00f6lyeleriyle ad\u0131ndan \u00f6vg\u00fcyle bahsettiren Hicabi Demirci, ustal\u0131\u011f\u0131n\u0131 \u00e7izgili bir d\u00fcnyan\u0131n kap\u0131lar\u0131n\u0131 aralayarak, zengin bir g\u00f6rsel ve d\u00fc\u015f\u00fcnsel deneyim sunuyor.\u201cKarikat\u00fcr, insan\u0131 rahats\u0131z eden bir sanatt\u0131r.\u201dHicabi Demirci<\/p>\n","protected":false},"excerpt":{"rendered":"<p>\u00c7izgilerle, g\u00f6r\u00fcnenin ard\u0131na do\u011fru yolculuk&#8230;Zamana kar\u015f\u0131 diren\u00e7li \u00e7izgilerini konular\u0131 i\u015fleyi\u015f bi\u00e7imindeki naif g\u00fc\u00e7ten alan Hicabi Demirci\u2019den \u00e7ok \u00f6zel bir alb\u00fcm ke\u015ffedilmeyi bekliyor.\u00c7izgili D\u00fcnya, sanat\u00e7\u0131n\u0131n bir\u00e7ok de\u011ferli<span class=\"excerpt-hellip\"> [\u2026]<\/span><\/p>\n","protected":false},"featured_media":0,"template":"","meta":{"_monsterinsights_skip_tracking":false,"_monsterinsights_sitenote_active":false,"_monsterinsights_sitenote_note":"","_monsterinsights_sitenote_category":0},"product_brand":[],"product_cat":[12291,49405],"product_tag":[],"class_list":{"0":"post-719905","1":"product","2":"type-product","3":"status-publish","5":"product_cat-edebiyat","6":"product_cat-karikatur","7":"pa_cilt-ciltsiz","8":"pa_tur-kitap","9":"pa_yayinevi-desen-yayinlari","10":"pa_yazar-hicabi-demirci","12":"first","13":"instock","14":"sale","15":"shipping-taxable","16":"purchasable","17":"product-type-simple"},"_links":{"self":[{"href":"https:\/\/roveyayinevi.com.tr\/index.php\/wp-json\/wp\/v2\/product\/719905","targetHints":{"allow":["GET"]}}],"collection":[{"href":"https:\/\/roveyayinevi.com.tr\/index.php\/wp-json\/wp\/v2\/product"}],"about":[{"href":"https:\/\/roveyayinevi.com.tr\/index.php\/wp-json\/wp\/v2\/types\/product"}],"wp:attachment":[{"href":"https:\/\/roveyayinevi.com.tr\/index.php\/wp-json\/wp\/v2\/media?parent=719905"}],"wp:term":[{"taxonomy":"product_brand","embeddable":true,"href":"https:\/\/roveyayinevi.com.tr\/index.php\/wp-json\/wp\/v2\/product_brand?post=719905"},{"taxonomy":"product_cat","embeddable":true,"href":"https:\/\/roveyayinevi.com.tr\/index.php\/wp-json\/wp\/v2\/product_cat?post=719905"},{"taxonomy":"product_tag","embeddable":true,"href":"https:\/\/roveyayinevi.com.tr\/index.php\/wp-json\/wp\/v2\/product_tag?post=719905"}],"curies":[{"name":"wp","href":"https:\/\/api.w.org\/{rel}","templated":true}]}}